{"id":2812,"date":"2026-03-19T08:13:05","date_gmt":"2026-03-19T08:13:05","guid":{"rendered":"https:\/\/favoritepacking.com\/?post_type=product&#038;p=2812"},"modified":"2026-03-19T08:13:06","modified_gmt":"2026-03-19T08:13:06","slug":"masgeschneiderte-geschenkboxen-und-rabatte-fur-grosbestellungen-erhaltlich","status":"publish","type":"product","link":"https:\/\/favoritepacking.com\/de\/product\/masgeschneiderte-geschenkboxen-und-rabatte-fur-grosbestellungen-erhaltlich\/","title":{"rendered":"Kundenspezifische Geschenkboxen und Rabatte f\u00fcr Gro\u00dfbestellungen verf\u00fcgbar"},"content":{"rendered":"<h1><em>Warum sind wir Ihr perfekter Lieferant f\u00fcr ma\u00dfgeschneiderte Gro\u00dfhandelsboxen?<\/em><\/h1>\n<ul>\n<li class=\"id-text-[#222] id-font-inter id-text-lg id-font-medium id-font-normal id-flex id-font-medium\" data-testid=\"product-detail-text-sort\"><span class=\"id-ml-2 id-whitespace-pre-line\" data-spm-anchor-id=\"a2700.details.0.i103.78de39ea9HyYTX\">\u30108 Druckarten\u3011Unser Druck hat Farbdruck, Siebdruck, Thermotransfer, Offsetdruck, Lithodruck, Wassertransfer, Digitaldruck, Tiefdruck.<\/span><\/li>\n<li class=\"id-text-[#222] id-font-inter id-text-lg id-font-medium id-font-normal id-flex id-font-medium\" data-testid=\"product-detail-text-sort\">\n<div class=\"id-w-1 id-h-1 id-rounded-full id-bg-[#000000D9] id-flex-shrink-0 id-flex-grow-0 id-mt-[8px]\">\u301010 Process Options\u3011Surface Finishing haben Glanz Laminierung, Matt Lackierung, Matt Laminierung, Pr\u00e4gung, Hot Stamping (Silber, Gold oder anderen Farben), Matt\/Glanz Laminierung, Hot Gold\/Silber \/Kupfer Hei\u00dfpr\u00e4gung, UV-Beschichtung, verschwinden, Polieren.<\/div>\n<\/li>\n<li class=\"id-text-[#222] id-font-inter id-text-lg id-font-medium id-font-normal id-flex id-font-medium\" data-testid=\"product-detail-text-sort\">\n<div class=\"id-w-1 id-h-1 id-rounded-full id-bg-[#000000D9] id-flex-shrink-0 id-flex-grow-0 id-mt-[8px]\">\u301011 Papieroptionen\u3011Wir haben C1S wei\u00dfes Kartenpapier, C2S Kunstdruckpapier, Duplexkarton, Wellpappe, braunes Kraftpapier, wei\u00dfes Kraftpapier, schwarzes Kartenpapier, Offsetpapier, Spezialpapier, goldenes Kartenpapier, silbernes Kartenpapier zur Verf\u00fcgung.<\/div>\n<\/li>\n<li class=\"id-text-[#222] id-font-inter id-text-lg id-font-medium id-font-normal id-flex id-font-medium\" data-testid=\"product-detail-text-sort\">\n<div class=\"id-w-1 id-h-1 id-rounded-full id-bg-[#000000D9] id-flex-shrink-0 id-flex-grow-0 id-mt-[8px]\">Die Papierst\u00e4rke kann Ihren Bed\u00fcrfnissen entsprechend angepasst werden, oder wir k\u00f6nnen Sie auf der Grundlage der Produkte, die Sie verpacken m\u00f6chten, professionell beraten.<\/div>\n<\/li>\n<li class=\"id-text-[#222] id-font-inter id-text-lg id-font-medium id-font-normal id-flex id-font-medium\" data-testid=\"product-detail-text-sort\" data-spm-anchor-id=\"a2700.details.0.i112.78de39ea9HyYTX\">\n<div class=\"id-w-1 id-h-1 id-rounded-full id-bg-[#000000D9] id-flex-shrink-0 id-flex-grow-0 id-mt-[8px]\">Das Papier ist dick, umweltfreundlich und geruchsneutral.<\/div>\n<\/li>\n<\/ul>\n<div id=\"attachment_2818\" style=\"width: 760px\" class=\"wp-caption alignnone\"><img decoding=\"async\" aria-describedby=\"caption-attachment-2818\" class=\"size-full wp-image-2818 lazyload\" data-src=\"https:\/\/favoritepacking.com\/wp-content\/uploads\/2026\/03\/photobank-4.jpg\" alt=\"\" width=\"750\" height=\"750\" data-srcset=\"https:\/\/favoritepacking.com\/wp-content\/uploads\/2026\/03\/photobank-4-12x12.jpg 12w, https:\/\/favoritepacking.com\/wp-content\/uploads\/2026\/03\/photobank-4-66x66.jpg 66w, https:\/\/favoritepacking.com\/wp-content\/uploads\/2026\/03\/photobank-4-200x200.jpg 200w, https:\/\/favoritepacking.com\/wp-content\/uploads\/2026\/03\/photobank-4-300x300.jpg 300w, https:\/\/favoritepacking.com\/wp-content\/uploads\/2026\/03\/photobank-4-400x400.jpg 400w, https:\/\/favoritepacking.com\/wp-content\/uploads\/2026\/03\/photobank-4-500x500.jpg 500w, https:\/\/favoritepacking.com\/wp-content\/uploads\/2026\/03\/photobank-4-600x600.jpg 600w, https:\/\/favoritepacking.com\/wp-content\/uploads\/2026\/03\/photobank-4-700x700.jpg 700w, https:\/\/favoritepacking.com\/wp-content\/uploads\/2026\/03\/photobank-4.jpg 750w\" data-sizes=\"(max-width: 750px) 100vw, 750px\" src=\"data:image\/gif;base64,R0lGODlhAQABAAAAACH5BAEKAAEALAAAAAABAAEAAAICTAEAOw==\" style=\"--smush-placeholder-width: 750px; --smush-placeholder-aspect-ratio: 750\/750;\" \/><noscript><img decoding=\"async\" aria-describedby=\"caption-attachment-2818\" class=\"size-full wp-image-2818\" src=\"https:\/\/favoritepacking.com\/wp-content\/uploads\/2026\/03\/photobank-4.jpg\" alt=\"\" width=\"750\" height=\"750\" srcset=\"https:\/\/favoritepacking.com\/wp-content\/uploads\/2026\/03\/photobank-4-12x12.jpg 12w, https:\/\/favoritepacking.com\/wp-content\/uploads\/2026\/03\/photobank-4-66x66.jpg 66w, https:\/\/favoritepacking.com\/wp-content\/uploads\/2026\/03\/photobank-4-200x200.jpg 200w, https:\/\/favoritepacking.com\/wp-content\/uploads\/2026\/03\/photobank-4-300x300.jpg 300w, https:\/\/favoritepacking.com\/wp-content\/uploads\/2026\/03\/photobank-4-400x400.jpg 400w, https:\/\/favoritepacking.com\/wp-content\/uploads\/2026\/03\/photobank-4-500x500.jpg 500w, https:\/\/favoritepacking.com\/wp-content\/uploads\/2026\/03\/photobank-4-600x600.jpg 600w, https:\/\/favoritepacking.com\/wp-content\/uploads\/2026\/03\/photobank-4-700x700.jpg 700w, https:\/\/favoritepacking.com\/wp-content\/uploads\/2026\/03\/photobank-4.jpg 750w\" sizes=\"(max-width: 750px) 100vw, 750px\" \/><\/noscript><p id=\"caption-attachment-2818\" class=\"wp-caption-text\">Seitenansicht<\/p><\/div>\n<p><img decoding=\"async\" class=\"alignnone size-full wp-image-2817 lazyload\" data-src=\"https:\/\/favoritepacking.com\/wp-content\/uploads\/2026\/03\/photobank-5.jpg\" alt=\"\" width=\"750\" height=\"750\" data-srcset=\"https:\/\/favoritepacking.com\/wp-content\/uploads\/2026\/03\/photobank-5-12x12.jpg 12w, https:\/\/favoritepacking.com\/wp-content\/uploads\/2026\/03\/photobank-5-66x66.jpg 66w, https:\/\/favoritepacking.com\/wp-content\/uploads\/2026\/03\/photobank-5-200x200.jpg 200w, https:\/\/favoritepacking.com\/wp-content\/uploads\/2026\/03\/photobank-5-300x300.jpg 300w, https:\/\/favoritepacking.com\/wp-content\/uploads\/2026\/03\/photobank-5-400x400.jpg 400w, https:\/\/favoritepacking.com\/wp-content\/uploads\/2026\/03\/photobank-5-500x500.jpg 500w, https:\/\/favoritepacking.com\/wp-content\/uploads\/2026\/03\/photobank-5-600x600.jpg 600w, https:\/\/favoritepacking.com\/wp-content\/uploads\/2026\/03\/photobank-5-700x700.jpg 700w, https:\/\/favoritepacking.com\/wp-content\/uploads\/2026\/03\/photobank-5.jpg 750w\" data-sizes=\"(max-width: 750px) 100vw, 750px\" src=\"data:image\/gif;base64,R0lGODlhAQABAAAAACH5BAEKAAEALAAAAAABAAEAAAICTAEAOw==\" style=\"--smush-placeholder-width: 750px; --smush-placeholder-aspect-ratio: 750\/750;\" \/><noscript><img decoding=\"async\" class=\"alignnone size-full wp-image-2817\" src=\"https:\/\/favoritepacking.com\/wp-content\/uploads\/2026\/03\/photobank-5.jpg\" alt=\"\" width=\"750\" height=\"750\" srcset=\"https:\/\/favoritepacking.com\/wp-content\/uploads\/2026\/03\/photobank-5-12x12.jpg 12w, https:\/\/favoritepacking.com\/wp-content\/uploads\/2026\/03\/photobank-5-66x66.jpg 66w, https:\/\/favoritepacking.com\/wp-content\/uploads\/2026\/03\/photobank-5-200x200.jpg 200w, https:\/\/favoritepacking.com\/wp-content\/uploads\/2026\/03\/photobank-5-300x300.jpg 300w, https:\/\/favoritepacking.com\/wp-content\/uploads\/2026\/03\/photobank-5-400x400.jpg 400w, https:\/\/favoritepacking.com\/wp-content\/uploads\/2026\/03\/photobank-5-500x500.jpg 500w, https:\/\/favoritepacking.com\/wp-content\/uploads\/2026\/03\/photobank-5-600x600.jpg 600w, https:\/\/favoritepacking.com\/wp-content\/uploads\/2026\/03\/photobank-5-700x700.jpg 700w, https:\/\/favoritepacking.com\/wp-content\/uploads\/2026\/03\/photobank-5.jpg 750w\" sizes=\"(max-width: 750px) 100vw, 750px\" \/><\/noscript><\/p>\n<h1><em>Wir versprechen individuelle Verpackungsboxen:<\/em><\/h1>\n<ul>\n<li><em><strong>Qualit\u00e4tssicherung:<\/strong>\u00a0\u00a0<\/em>Jede Papierschachtel wird einer strengen 100%-Qualit\u00e4tspr\u00fcfung unterzogen, um sicherzustellen, dass nur die besten Produkte unsere Kunden erreichen. Wir wissen, wie wichtig eine einwandfreie Verpackung f\u00fcr die Unversehrtheit Ihrer Produkte ist, und unser Engagement f\u00fcr Qualit\u00e4t spiegelt sich in jedem von uns hergestellten Karton wider.<\/li>\n<li><em><strong>L\u00f6sung aus einer Hand:<\/strong>\u00a0\u00a0<\/em>Vom Produktdesign bis zur Produktion und Verpackung bieten wir umfassende Dienstleistungen aus einer Hand, um Ihren Verpackungsprozess zu optimieren. Unser Team aus erfahrenen Fachleuten arbeitet eng mit Ihnen zusammen, um ma\u00dfgeschneiderte Verpackungsl\u00f6sungen zu entwickeln, die perfekt auf Ihre Markenidentit\u00e4t und Produktanforderungen abgestimmt sind.<\/li>\n<li><em><strong>Vielseitige Anwendungen:<\/strong>\u00a0\u00a0<\/em>Unsere Verpackungskartons aus Papier eignen sich f\u00fcr eine Vielzahl von Produkten, darunter Kosmetika, Elektronikartikel, Lebensmittel, Geschenke und vieles mehr. Ganz gleich, ob Sie robuste Kartons f\u00fcr den Versand oder elegante Verpackungen f\u00fcr den Einzelhandel ben\u00f6tigen, wir haben die perfekte L\u00f6sung f\u00fcr Ihre Bed\u00fcrfnisse.<\/li>\n<li><em><strong>Umweltfreundlich:<\/strong>\u00a0\u00a0<\/em>Wir legen Wert auf Nachhaltigkeit in unserem Herstellungsprozess, indem wir umweltfreundliche Materialien verwenden und die Abfallmenge minimieren. Unsere Papierschachteln sind recycelbar und biologisch abbaubar und helfen Ihnen, Ihren \u00f6kologischen Fu\u00dfabdruck zu verringern und gleichzeitig Ihr Engagement f\u00fcr Nachhaltigkeit zu demonstrieren.<\/li>\n<\/ul>\n<p><img decoding=\"async\" class=\"alignnone size-full wp-image-1445 lazyload\" data-src=\"https:\/\/favoritepacking.com\/wp-content\/uploads\/2024\/04\/HH9.jpg\" alt=\"\" width=\"1100\" height=\"725\" data-srcset=\"https:\/\/favoritepacking.com\/wp-content\/uploads\/2024\/04\/HH9-200x132.jpg 200w, https:\/\/favoritepacking.com\/wp-content\/uploads\/2024\/04\/HH9-300x198.jpg 300w, https:\/\/favoritepacking.com\/wp-content\/uploads\/2024\/04\/HH9-400x264.jpg 400w, https:\/\/favoritepacking.com\/wp-content\/uploads\/2024\/04\/HH9-500x330.jpg 500w, https:\/\/favoritepacking.com\/wp-content\/uploads\/2024\/04\/HH9-600x395.jpg 600w, https:\/\/favoritepacking.com\/wp-content\/uploads\/2024\/04\/HH9-700x461.jpg 700w, https:\/\/favoritepacking.com\/wp-content\/uploads\/2024\/04\/HH9-768x506.jpg 768w, https:\/\/favoritepacking.com\/wp-content\/uploads\/2024\/04\/HH9-800x527.jpg 800w, https:\/\/favoritepacking.com\/wp-content\/uploads\/2024\/04\/HH9-1024x675.jpg 1024w, https:\/\/favoritepacking.com\/wp-content\/uploads\/2024\/04\/HH9.jpg 1100w\" data-sizes=\"(max-width: 1100px) 100vw, 1100px\" src=\"data:image\/gif;base64,R0lGODlhAQABAAAAACH5BAEKAAEALAAAAAABAAEAAAICTAEAOw==\" style=\"--smush-placeholder-width: 1100px; --smush-placeholder-aspect-ratio: 1100\/725;\" \/><noscript><img decoding=\"async\" class=\"alignnone size-full wp-image-1445\" src=\"https:\/\/favoritepacking.com\/wp-content\/uploads\/2024\/04\/HH9.jpg\" alt=\"\" width=\"1100\" height=\"725\" srcset=\"https:\/\/favoritepacking.com\/wp-content\/uploads\/2024\/04\/HH9-200x132.jpg 200w, https:\/\/favoritepacking.com\/wp-content\/uploads\/2024\/04\/HH9-300x198.jpg 300w, https:\/\/favoritepacking.com\/wp-content\/uploads\/2024\/04\/HH9-400x264.jpg 400w, https:\/\/favoritepacking.com\/wp-content\/uploads\/2024\/04\/HH9-500x330.jpg 500w, https:\/\/favoritepacking.com\/wp-content\/uploads\/2024\/04\/HH9-600x395.jpg 600w, https:\/\/favoritepacking.com\/wp-content\/uploads\/2024\/04\/HH9-700x461.jpg 700w, https:\/\/favoritepacking.com\/wp-content\/uploads\/2024\/04\/HH9-768x506.jpg 768w, https:\/\/favoritepacking.com\/wp-content\/uploads\/2024\/04\/HH9-800x527.jpg 800w, https:\/\/favoritepacking.com\/wp-content\/uploads\/2024\/04\/HH9-1024x675.jpg 1024w, https:\/\/favoritepacking.com\/wp-content\/uploads\/2024\/04\/HH9.jpg 1100w\" sizes=\"(max-width: 1100px) 100vw, 1100px\" \/><\/noscript><\/p>","protected":false},"excerpt":{"rendered":"<p>Why are we your brand perfect supplier for wholesale custom [&hellip;]<\/p>","protected":false},"featured_media":2815,"template":"","meta":{"content-type":""},"product_cat":[62],"product_tag":[],"class_list":{"0":"post-2812","1":"product","2":"type-product","3":"status-publish","4":"has-post-thumbnail","6":"product_cat-mailer-boxes","8":"first","9":"instock","10":"shipping-taxable","11":"product-type-simple"},"yoast_head":"<!-- This site is optimized with the Yoast SEO Premium plugin v21.9 (Yoast SEO v23.4) - https:\/\/yoast.com\/wordpress\/plugins\/seo\/ -->\n<title>Custom Gift Box Sizes Available and Bulk Order Discounts - Professional Packaging Box Manufacturer<\/title>\n<meta name=\"description\" content=\"Design Custom Printed Boxes for Your Brand. Durable, Eco-Friendly Materials.Wholesale Custom Boxes for E-commerce, request Your Free Quote Now.\" \/>\n<meta name=\"robots\" content=\"index, follow, max-snippet:-1, max-image-preview:large, max-video-preview:-1\" \/>\n<link rel=\"canonical\" href=\"https:\/\/favoritepacking.com\/de\/product\/masgeschneiderte-geschenkboxen-und-rabatte-fur-grosbestellungen-erhaltlich\/\" \/>\n<meta property=\"og:locale\" content=\"de_DE\" \/>\n<meta property=\"og:type\" content=\"article\" \/>\n<meta property=\"og:title\" content=\"Custom Gift Box Sizes Available and Bulk Order Discounts\" \/>\n<meta property=\"og:description\" content=\"Design Custom Printed Boxes for Your Brand. Durable, Eco-Friendly Materials.Wholesale Custom Boxes for E-commerce, request Your Free Quote Now.\" \/>\n<meta property=\"og:url\" content=\"https:\/\/favoritepacking.com\/de\/product\/masgeschneiderte-geschenkboxen-und-rabatte-fur-grosbestellungen-erhaltlich\/\" \/>\n<meta property=\"og:site_name\" content=\"Professional Packaging Box Manufacturer\" \/>\n<meta property=\"article:modified_time\" content=\"2026-03-19T08:13:06+00:00\" \/>\n<meta property=\"og:image\" content=\"https:\/\/favoritepacking.com\/wp-content\/uploads\/2026\/03\/photobank-7.jpg\" \/>\n\t<meta property=\"og:image:width\" content=\"750\" \/>\n\t<meta property=\"og:image:height\" content=\"750\" \/>\n\t<meta property=\"og:image:type\" content=\"image\/jpeg\" \/>\n<meta name=\"twitter:card\" content=\"summary_large_image\" \/>\n<meta name=\"twitter:label1\" content=\"Preis\" \/>\n\t<meta name=\"twitter:data1\" content=\"\" \/>\n\t<meta name=\"twitter:label2\" content=\"Verf\u00fcgbarkeit\" \/>\n\t<meta name=\"twitter:data2\" content=\"Auf Lager\" \/>\n<script type=\"application\/ld+json\" class=\"yoast-schema-graph\">{\"@context\":\"https:\/\/schema.org\",\"@graph\":[{\"@type\":\"WebPage\",\"@id\":\"https:\/\/favoritepacking.com\/product\/custom-gift-box-sizes-available-and-bulk-order-discounts\/\",\"url\":\"https:\/\/favoritepacking.com\/product\/custom-gift-box-sizes-available-and-bulk-order-discounts\/\",\"name\":\"Custom Gift Box Sizes Available and Bulk Order Discounts - Professional Packaging Box Manufacturer\",\"isPartOf\":{\"@id\":\"https:\/\/favoritepacking.com\/#website\"},\"primaryImageOfPage\":{\"@id\":\"https:\/\/favoritepacking.com\/product\/custom-gift-box-sizes-available-and-bulk-order-discounts\/#primaryimage\"},\"image\":{\"@id\":\"https:\/\/favoritepacking.com\/product\/custom-gift-box-sizes-available-and-bulk-order-discounts\/#primaryimage\"},\"thumbnailUrl\":\"https:\/\/favoritepacking.com\/wp-content\/uploads\/2026\/03\/photobank-7.jpg\",\"datePublished\":\"2026-03-19T08:13:05+00:00\",\"dateModified\":\"2026-03-19T08:13:06+00:00\",\"description\":\"Design Custom Printed Boxes for Your Brand. Durable, Eco-Friendly Materials.Wholesale Custom Boxes for E-commerce, request Your Free Quote Now.\",\"breadcrumb\":{\"@id\":\"https:\/\/favoritepacking.com\/product\/custom-gift-box-sizes-available-and-bulk-order-discounts\/#breadcrumb\"},\"inLanguage\":\"de\",\"potentialAction\":[{\"@type\":\"ReadAction\",\"target\":[\"https:\/\/favoritepacking.com\/product\/custom-gift-box-sizes-available-and-bulk-order-discounts\/\"]}]},{\"@type\":\"ImageObject\",\"inLanguage\":\"de\",\"@id\":\"https:\/\/favoritepacking.com\/product\/custom-gift-box-sizes-available-and-bulk-order-discounts\/#primaryimage\",\"url\":\"https:\/\/favoritepacking.com\/wp-content\/uploads\/2026\/03\/photobank-7.jpg\",\"contentUrl\":\"https:\/\/favoritepacking.com\/wp-content\/uploads\/2026\/03\/photobank-7.jpg\",\"width\":750,\"height\":750},{\"@type\":\"BreadcrumbList\",\"@id\":\"https:\/\/favoritepacking.com\/product\/custom-gift-box-sizes-available-and-bulk-order-discounts\/#breadcrumb\",\"itemListElement\":[{\"@type\":\"ListItem\",\"position\":1,\"name\":\"Home\",\"item\":\"https:\/\/favoritepacking.com\/\"},{\"@type\":\"ListItem\",\"position\":2,\"name\":\"PRODUCTS\",\"item\":\"https:\/\/favoritepacking.com\/products\/\"},{\"@type\":\"ListItem\",\"position\":3,\"name\":\"Custom Gift Box Sizes Available and Bulk Order Discounts\"}]},{\"@type\":\"WebSite\",\"@id\":\"https:\/\/favoritepacking.com\/#website\",\"url\":\"https:\/\/favoritepacking.com\/\",\"name\":\"Favorite Packing\",\"description\":\"Favorite Packing\",\"publisher\":{\"@id\":\"https:\/\/favoritepacking.com\/#organization\"},\"potentialAction\":[{\"@type\":\"SearchAction\",\"target\":{\"@type\":\"EntryPoint\",\"urlTemplate\":\"https:\/\/favoritepacking.com\/?s={search_term_string}\"},\"query-input\":{\"@type\":\"PropertyValueSpecification\",\"valueRequired\":true,\"valueName\":\"search_term_string\"}}],\"inLanguage\":\"de\"},{\"@type\":\"Organization\",\"@id\":\"https:\/\/favoritepacking.com\/#organization\",\"name\":\"favorite packing\",\"url\":\"https:\/\/favoritepacking.com\/\",\"logo\":{\"@type\":\"ImageObject\",\"inLanguage\":\"de\",\"@id\":\"https:\/\/favoritepacking.com\/#\/schema\/logo\/image\/\",\"url\":\"https:\/\/favoritepacking.com\/wp-content\/uploads\/2024\/12\/favoritepackingLOGO.png\",\"contentUrl\":\"https:\/\/favoritepacking.com\/wp-content\/uploads\/2024\/12\/favoritepackingLOGO.png\",\"width\":167,\"height\":129,\"caption\":\"favorite packing\"},\"image\":{\"@id\":\"https:\/\/favoritepacking.com\/#\/schema\/logo\/image\/\"}}]}<\/script>\n<meta property=\"product:price:amount\" content=\"0.00\" \/>\n<meta property=\"product:price:currency\" content=\"USD\" \/>\n<meta property=\"og:availability\" content=\"instock\" \/>\n<meta property=\"product:availability\" content=\"instock\" \/>\n<meta property=\"product:condition\" content=\"new\" \/>\n<!-- \/ Yoast SEO Premium plugin. -->","yoast_head_json":{"title":"Benutzerdefinierte Geschenk-Box Gr\u00f6\u00dfen verf\u00fcgbar und Bulk Order Rabatte - Professionelle Verpackung Box Hersteller","description":"Gestalten Sie individuell bedruckte Boxen f\u00fcr Ihre Marke. Langlebige, umweltfreundliche Materialien.wholesale benutzerdefinierte Boxen f\u00fcr E-Commerce, fordern Sie Ihr kostenloses Angebot jetzt.","robots":{"index":"index","follow":"follow","max-snippet":"max-snippet:-1","max-image-preview":"max-image-preview:large","max-video-preview":"max-video-preview:-1"},"canonical":"https:\/\/favoritepacking.com\/de\/product\/masgeschneiderte-geschenkboxen-und-rabatte-fur-grosbestellungen-erhaltlich\/","og_locale":"de_DE","og_type":"article","og_title":"Custom Gift Box Sizes Available and Bulk Order Discounts","og_description":"Design Custom Printed Boxes for Your Brand. Durable, Eco-Friendly Materials.Wholesale Custom Boxes for E-commerce, request Your Free Quote Now.","og_url":"https:\/\/favoritepacking.com\/de\/product\/masgeschneiderte-geschenkboxen-und-rabatte-fur-grosbestellungen-erhaltlich\/","og_site_name":"Professional Packaging Box Manufacturer","article_modified_time":"2026-03-19T08:13:06+00:00","og_image":[{"width":750,"height":750,"url":"https:\/\/favoritepacking.com\/wp-content\/uploads\/2026\/03\/photobank-7.jpg","type":"image\/jpeg"}],"twitter_card":"summary_large_image","twitter_misc":{"Preis":"","Verf\u00fcgbarkeit":"Auf Lager"},"schema":{"@context":"https:\/\/schema.org","@graph":[{"@type":"WebPage","@id":"https:\/\/favoritepacking.com\/product\/custom-gift-box-sizes-available-and-bulk-order-discounts\/","url":"https:\/\/favoritepacking.com\/product\/custom-gift-box-sizes-available-and-bulk-order-discounts\/","name":"Benutzerdefinierte Geschenk-Box Gr\u00f6\u00dfen verf\u00fcgbar und Bulk Order Rabatte - Professionelle Verpackung Box Hersteller","isPartOf":{"@id":"https:\/\/favoritepacking.com\/#website"},"primaryImageOfPage":{"@id":"https:\/\/favoritepacking.com\/product\/custom-gift-box-sizes-available-and-bulk-order-discounts\/#primaryimage"},"image":{"@id":"https:\/\/favoritepacking.com\/product\/custom-gift-box-sizes-available-and-bulk-order-discounts\/#primaryimage"},"thumbnailUrl":"https:\/\/favoritepacking.com\/wp-content\/uploads\/2026\/03\/photobank-7.jpg","datePublished":"2026-03-19T08:13:05+00:00","dateModified":"2026-03-19T08:13:06+00:00","description":"Gestalten Sie individuell bedruckte Boxen f\u00fcr Ihre Marke. Langlebige, umweltfreundliche Materialien.wholesale benutzerdefinierte Boxen f\u00fcr E-Commerce, fordern Sie Ihr kostenloses Angebot jetzt.","breadcrumb":{"@id":"https:\/\/favoritepacking.com\/product\/custom-gift-box-sizes-available-and-bulk-order-discounts\/#breadcrumb"},"inLanguage":"de","potentialAction":[{"@type":"ReadAction","target":["https:\/\/favoritepacking.com\/product\/custom-gift-box-sizes-available-and-bulk-order-discounts\/"]}]},{"@type":"ImageObject","inLanguage":"de","@id":"https:\/\/favoritepacking.com\/product\/custom-gift-box-sizes-available-and-bulk-order-discounts\/#primaryimage","url":"https:\/\/favoritepacking.com\/wp-content\/uploads\/2026\/03\/photobank-7.jpg","contentUrl":"https:\/\/favoritepacking.com\/wp-content\/uploads\/2026\/03\/photobank-7.jpg","width":750,"height":750},{"@type":"BreadcrumbList","@id":"https:\/\/favoritepacking.com\/product\/custom-gift-box-sizes-available-and-bulk-order-discounts\/#breadcrumb","itemListElement":[{"@type":"ListItem","position":1,"name":"Home","item":"https:\/\/favoritepacking.com\/"},{"@type":"ListItem","position":2,"name":"PRODUCTS","item":"https:\/\/favoritepacking.com\/products\/"},{"@type":"ListItem","position":3,"name":"Custom Gift Box Sizes Available and Bulk Order Discounts"}]},{"@type":"WebSite","@id":"https:\/\/favoritepacking.com\/#website","url":"https:\/\/favoritepacking.com\/","name":"Bevorzugte Verpackung","description":"Bevorzugte Verpackung","publisher":{"@id":"https:\/\/favoritepacking.com\/#organization"},"potentialAction":[{"@type":"SearchAction","target":{"@type":"EntryPoint","urlTemplate":"https:\/\/favoritepacking.com\/?s={search_term_string}"},"query-input":{"@type":"PropertyValueSpecification","valueRequired":true,"valueName":"search_term_string"}}],"inLanguage":"de"},{"@type":"Organization","@id":"https:\/\/favoritepacking.com\/#organization","name":"Lieblingsverpackung","url":"https:\/\/favoritepacking.com\/","logo":{"@type":"ImageObject","inLanguage":"de","@id":"https:\/\/favoritepacking.com\/#\/schema\/logo\/image\/","url":"https:\/\/favoritepacking.com\/wp-content\/uploads\/2024\/12\/favoritepackingLOGO.png","contentUrl":"https:\/\/favoritepacking.com\/wp-content\/uploads\/2024\/12\/favoritepackingLOGO.png","width":167,"height":129,"caption":"favorite packing"},"image":{"@id":"https:\/\/favoritepacking.com\/#\/schema\/logo\/image\/"}}]},"product_price_amount":"0.00","product_price_currency":"USD","og_availability":"instock","product_availability":"instock","product_condition":"new"},"_links":{"self":[{"href":"https:\/\/favoritepacking.com\/de\/wp-json\/wp\/v2\/product\/2812","targetHints":{"allow":["GET"]}}],"collection":[{"href":"https:\/\/favoritepacking.com\/de\/wp-json\/wp\/v2\/product"}],"about":[{"href":"https:\/\/favoritepacking.com\/de\/wp-json\/wp\/v2\/types\/product"}],"wp:featuredmedia":[{"embeddable":true,"href":"https:\/\/favoritepacking.com\/de\/wp-json\/wp\/v2\/media\/2815"}],"wp:attachment":[{"href":"https:\/\/favoritepacking.com\/de\/wp-json\/wp\/v2\/media?parent=2812"}],"wp:term":[{"taxonomy":"product_cat","embeddable":true,"href":"https:\/\/favoritepacking.com\/de\/wp-json\/wp\/v2\/product_cat?post=2812"},{"taxonomy":"product_tag","embeddable":true,"href":"https:\/\/favoritepacking.com\/de\/wp-json\/wp\/v2\/product_tag?post=2812"}],"curies":[{"name":"wp","href":"https:\/\/api.w.org\/{rel}","templated":true}]}}