{"id":1960,"date":"2024-05-11T01:40:12","date_gmt":"2024-05-11T01:40:12","guid":{"rendered":"https:\/\/favoritepacking.com\/?post_type=product&#038;p=1960"},"modified":"2025-07-04T01:02:04","modified_gmt":"2025-07-04T01:02:04","slug":"custom-printed-tags","status":"publish","type":"product","link":"https:\/\/favoritepacking.com\/es\/product\/custom-printed-tags\/","title":{"rendered":"Etiquetas impresas personalizadas"},"content":{"rendered":"<div><\/div>\n<div class=\"keyword-text _ngcontent-kdi-105\" aria-label=\"\"><span data-slate-node=\"text\" data-slate-fragment=\"JTVCJTdCJTIydHlwZSUyMiUzQSUyMnBhcmFncmFwaCUyMiUyQyUyMmNoaWxkcmVuJTIyJTNBJTVCJTdCJTIyaWQlMjIlM0ElMjJwVkFuMjlQV2R6JTIyJTJDJTIycGFyYUlkeCUyMiUzQTAlMkMlMjJzcmMlMjIlM0ElMjJXZWxjb21lJTIwdG8lMjBvdXIlMjByYW5nZSUyMG9mJTIwcHJlbWl1bSUyMHBhcGVyJTIwcGFja2luZyUyMGJveGVzISUyMCUyMiUyQyUyMmRzdCUyMiUzQSUyMiVFNiVBQyVBMiVFOCVCRiU4RSVFNSU4NSU4OSVFNCVCOCVCNCVFNiU4OCU5MSVFNCVCQiVBQyVFNyU5QSU4NCVFNCVCQyU5OCVFOCVCNCVBOCVFNyVCQSVCOCVFNSU4QyU4NSVFOCVBMyU4NSVFNyU5QiU5MiVFNyVCMyVCQiVFNSU4OCU5NyVFRiVCQyU4MSUyMiUyQyUyMm1ldGFkYXRhJTIyJTNBJTIyJTIyJTJDJTIybWV0YURhdGElMjIlM0ElNUIlNUQlMkMlMjJ0ZXh0JTIyJTNBJTIyJTIyJTdEJTJDJTdCJTIyaWQlMjIlM0ElMjJSZUdZNHB2bnF6JTIyJTJDJTIycGFyYUlkeCUyMiUzQTAlMkMlMjJzcmMlMjIlM0ElMjJDcmFmdGVkJTIwd2l0aCUyMHByZWNpc2lvbiUyMGluJTIwb3VyJTIwc3RhdGUtb2YtdGhlLWFydCUyMGNsZWFuJTIwcm9vbSUyMGZhY2lsaXR5JTJDJTIwb3VyJTIwcGFwZXIlMjBib3hlcyUyMG9mZmVyJTIwdW5wYXJhbGxlbGVkJTIwcXVhbGl0eSUyMGFuZCUyMHJlbGlhYmlsaXR5JTIwZm9yJTIwYWxsJTIweW91ciUyMHBhY2thZ2luZyUyMG5lZWRzLiUyMiUyQyUyMmRzdCUyMiUzQSUyMiVFNiU4OCU5MSVFNCVCQiVBQyVFNyU5QSU4NCVFNyVCQSVCOCVFNyU5QiU5MiVFNSU5QyVBOCVFNiU4OCU5MSVFNCVCQiVBQyVFNiU5QyU4MCVFNSU4NSU4OCVFOCVCRiU5QiVFNyU5QSU4NCVFNiVCNCU4MSVFNSU4NyU4MCVFNSVBRSVBNCVFOCVBRSVCRSVFNiU5NiVCRCVFNCVCOCVBRCVFNyVCMiVCRSVFNSVBRiU4NiVFNSU4QSVBMCVFNSVCNyVBNSVFRiVCQyU4QyVFNiU4RiU5MCVFNCVCRSU5QiVFNiU5NyVBMCVFNCVCOCU4RSVFNCVCQyVBNiVFNiVBRiU5NCVFNyU5QSU4NCVFOCVCNCVBOCVFOSU4NyU4RiVFNSU5MiU4QyVFNSU4RiVBRiVFOSU5RCVBMCVFNiU4MCVBNyVFRiVCQyU4QyVFNiVCQiVBMSVFOCVCNiVCMyVFNiU4MiVBOCVFNyU5QSU4NCVFNiU4OSU4MCVFNiU5QyU4OSVFNSU4QyU4NSVFOCVBMyU4NSVFOSU5QyU4MCVFNiVCMSU4MiVFMyU4MCU4MiUyMiUyQyUyMm1ldGFkYXRhJTIyJTNBJTIyJTIyJTJDJTIybWV0YURhdGElMjIlM0ElNUIlNUQlMkMlMjJ0ZXh0JTIyJTNBJTIyQ3JhZnRlZCUyMHdpdGglMjBwcmVjaXNpb24lMjBpbiUyMG91ciUyMHN0YXRlLW9mLXRoZS1hcnQlMjBjbGVhbiUyMHJvb20lMjBmYWNpbGl0eSUyQyUyMG91ciUyMHBhcGVyJTIwYm94ZXMlMjBvZmZlciUyMHVucGFyYWxsZWxlZCUyMHF1YWxpdHklMjBhbmQlMjByZWxpYWJpbGl0eSUyMGZvciUyMGFsbCUyMHlvdXIlMjBwYWNrYWdpbmclMjBuZWVkcy4lMjIlN0QlNUQlN0QlNUQ=\"><span class=\"null\" data-slate-leaf=\"true\" data-sent-id=\"ReGY4pvnqz\">Fabricados con precisi\u00f3n en nuestras modernas instalaciones de sala blanca, nuestros expositores de cart\u00f3n para productos ofrecen una calidad y fiabilidad inigualables para todas sus necesidades de exposici\u00f3n.<\/span><\/span><\/div>\n<div aria-label=\"\"><\/div>\n<div aria-label=\"\"><\/div>\n<table style=\"width: 100%; border-collapse: collapse; border-style: solid; border-color: #969696; height: 380px;\" border=\"1px\">\n<tbody>\n<tr style=\"background-color: #eee;\">\n<td style=\"width: 16.3677%; height: 28px;\"><span class=\"attr-name J-attr-name\" style=\"font-family: arial, helvetica, sans-serif;\" title=\"N\u00famero de modelo\" data-spm-anchor-id=\"a2700.details.0.i22.342964939VyW1g\">Nombre<\/span><\/td>\n<td style=\"width: 85.539%; height: 28px;\">Etiquetas de cartulina impresas a medida<\/td>\n<\/tr>\n<tr style=\"height: 24px;\">\n<td style=\"width: 16.3677%; height: 28px;\"><span class=\"attr-name J-attr-name\" style=\"font-family: arial, helvetica, sans-serif;\" title=\"Material\">Material:<\/span><\/td>\n<td style=\"width: 85.539%; height: 28px;\"><span style=\"font-family: arial, helvetica, sans-serif;\">\u00a0Espesor de papel r\u00edgido: 36pt, 48pt, Papel Kraft, CCNB, C1S Art Paper, Personalizado <\/span><\/td>\n<\/tr>\n<tr style=\"background-color: #eee;\">\n<td style=\"width: 16.3677%; height: 28px;\"><span style=\"font-family: arial, helvetica, sans-serif;\">Dimensiones:<\/span><\/td>\n<td style=\"width: 85.539%; height: 28px;\"><span style=\"font-family: arial, helvetica, sans-serif;\">\u00a0Todos los tama\u00f1os y formas personalizados<\/span><\/td>\n<\/tr>\n<tr style=\"height: 24px;\">\n<td style=\"width: 16.3677%; height: 28px;\"><span style=\"font-family: arial, helvetica, sans-serif;\">Imprimiendo:<\/span><\/td>\n<td style=\"width: 85.539%; height: 28px;\"><span class=\"info-data\" style=\"font-family: arial, helvetica, sans-serif;\">\u00a0CMYK, Colores Pantone (PMS), Serigraf\u00eda, Impresi\u00f3n offset UV, Sin impresi\u00f3n<br \/>\n<\/span><\/td>\n<\/tr>\n<tr style=\"background-color: #eee;\">\n<td style=\"width: 16.3677%; height: 28px;\"><span style=\"font-family: arial, helvetica, sans-serif;\">Acabado\uff1a<\/span><\/td>\n<td style=\"width: 85.539%; height: 28px;\"><span style=\"font-family: arial, helvetica, sans-serif;\">\u00a0Brillo\/mate, serigraf\u00eda, estampado en oro\/plata, gofrado\/grabado en relieve, textura, UV localizado, UV inundado .<\/span><\/td>\n<\/tr>\n<tr style=\"background-color: #eee;\">\n<td style=\"width: 16.3677%; height: 28px;\"><span style=\"font-family: arial, helvetica, sans-serif;\">Obras de arte:<\/span><\/td>\n<td style=\"width: 85.539%; height: 28px;\"><span style=\"font-family: arial, helvetica, sans-serif;\">\u00a0PDF, AI, CDR, PSD, Adobe, Core IDraw, etc.<\/span><\/td>\n<\/tr>\n<tr style=\"height: 24px;\">\n<td style=\"width: 16.3677%; height: 28px;\"><span class=\"attr-name J-attr-name\" style=\"font-family: arial, helvetica, sans-serif;\" title=\"MOQ\">Opciones de accesorios:<\/span><\/td>\n<td style=\"width: 85.539%; height: 28px;\"><span style=\"font-family: arial, helvetica, sans-serif;\">\u00a0L\u00e1mina de PVC o PET, EVA, esponja, terciopelo, asa, im\u00e1n, cinta, pegatinas, etc.<\/span><\/td>\n<\/tr>\n<tr style=\"background-color: #eee;\">\n<td style=\"width: 16.3677%; height: 28px;\"><span style=\"font-family: arial, helvetica, sans-serif;\">Otras opciones:<\/span><\/td>\n<td style=\"width: 85.539%; height: 28px;\"><span style=\"font-family: arial, helvetica, sans-serif;\">\u00a0Recortes de ventanas, troquelado, encolado, rayado, perforaci\u00f3n, tinta en relieve.<\/span><\/td>\n<\/tr>\n<tr style=\"height: 24px;\">\n<td style=\"width: 16.3677%; height: 28px;\"><span class=\"attr-name J-attr-name\" style=\"font-family: arial, helvetica, sans-serif;\" title=\"MOQ\">Plazo de entrega de la muestra:<\/span><\/td>\n<td style=\"width: 85.539%; height: 28px;\"><span style=\"font-family: arial, helvetica, sans-serif;\">\u00a03-7 d\u00edas para el muestreo, luego enviados por Express a su puerta<\/span><\/td>\n<\/tr>\n<tr style=\"background-color: #eee;\">\n<td style=\"width: 16.3677%; height: 28px;\"><span style=\"font-family: arial, helvetica, sans-serif;\">Cantidades:<\/span><\/td>\n<td style=\"width: 85.539%; height: 28px;\"><span style=\"font-family: arial, helvetica, sans-serif;\">\u00a0100 - 500,000<\/span><\/td>\n<\/tr>\n<tr style=\"height: 24px;\">\n<td style=\"width: 16.3677%; height: 28px;\"><span style=\"font-family: arial, helvetica, sans-serif;\">Coste de la muestra\uff1a<\/span><\/td>\n<td style=\"width: 85.539%; height: 28px;\"><span style=\"font-family: arial, helvetica, sans-serif;\">\u00a0Muestra gratuita. Muestra personalizada necesita cargo de muestra. El coste del flete estar\u00e1 en su lado.<\/span><\/td>\n<\/tr>\n<\/tbody>\n<\/table>\n<h2><\/h2>\n<h2>Etiquetas de cartulina impresas a medida Detalle:<\/h2>\n<table style=\"border-collapse: collapse; width: 100%;\">\n<tbody>\n<tr>\n<td style=\"width: 50%;\"><img decoding=\"async\" class=\"alignnone size-full wp-image-1956 lazyload\" data-src=\"https:\/\/favoritepacking.com\/wp-content\/uploads\/2024\/05\/lables-5.jpg\" alt=\"\" width=\"1000\" height=\"1000\" data-srcset=\"https:\/\/favoritepacking.com\/wp-content\/uploads\/2024\/05\/lables-5-66x66.jpg 66w, https:\/\/favoritepacking.com\/wp-content\/uploads\/2024\/05\/lables-5-200x200.jpg 200w, https:\/\/favoritepacking.com\/wp-content\/uploads\/2024\/05\/lables-5-300x300.jpg 300w, https:\/\/favoritepacking.com\/wp-content\/uploads\/2024\/05\/lables-5-400x400.jpg 400w, https:\/\/favoritepacking.com\/wp-content\/uploads\/2024\/05\/lables-5-500x500.jpg 500w, https:\/\/favoritepacking.com\/wp-content\/uploads\/2024\/05\/lables-5-600x600.jpg 600w, https:\/\/favoritepacking.com\/wp-content\/uploads\/2024\/05\/lables-5-700x700.jpg 700w, https:\/\/favoritepacking.com\/wp-content\/uploads\/2024\/05\/lables-5-768x768.jpg 768w, https:\/\/favoritepacking.com\/wp-content\/uploads\/2024\/05\/lables-5-800x800.jpg 800w, https:\/\/favoritepacking.com\/wp-content\/uploads\/2024\/05\/lables-5.jpg 1000w\" data-sizes=\"(max-width: 1000px) 100vw, 1000px\" src=\"data:image\/gif;base64,R0lGODlhAQABAAAAACH5BAEKAAEALAAAAAABAAEAAAICTAEAOw==\" style=\"--smush-placeholder-width: 1000px; --smush-placeholder-aspect-ratio: 1000\/1000;\" \/><noscript><img decoding=\"async\" class=\"alignnone size-full wp-image-1956\" src=\"https:\/\/favoritepacking.com\/wp-content\/uploads\/2024\/05\/lables-5.jpg\" alt=\"\" width=\"1000\" height=\"1000\" srcset=\"https:\/\/favoritepacking.com\/wp-content\/uploads\/2024\/05\/lables-5-66x66.jpg 66w, https:\/\/favoritepacking.com\/wp-content\/uploads\/2024\/05\/lables-5-200x200.jpg 200w, https:\/\/favoritepacking.com\/wp-content\/uploads\/2024\/05\/lables-5-300x300.jpg 300w, https:\/\/favoritepacking.com\/wp-content\/uploads\/2024\/05\/lables-5-400x400.jpg 400w, https:\/\/favoritepacking.com\/wp-content\/uploads\/2024\/05\/lables-5-500x500.jpg 500w, https:\/\/favoritepacking.com\/wp-content\/uploads\/2024\/05\/lables-5-600x600.jpg 600w, https:\/\/favoritepacking.com\/wp-content\/uploads\/2024\/05\/lables-5-700x700.jpg 700w, https:\/\/favoritepacking.com\/wp-content\/uploads\/2024\/05\/lables-5-768x768.jpg 768w, https:\/\/favoritepacking.com\/wp-content\/uploads\/2024\/05\/lables-5-800x800.jpg 800w, https:\/\/favoritepacking.com\/wp-content\/uploads\/2024\/05\/lables-5.jpg 1000w\" sizes=\"(max-width: 1000px) 100vw, 1000px\" \/><\/noscript><\/td>\n<td style=\"width: 50%;\"><\/td>\n<\/tr>\n<tr>\n<td style=\"width: 50%;\"><\/td>\n<td style=\"width: 50%;\"><\/td>\n<\/tr>\n<\/tbody>\n<\/table>\n<div class=\"flex flex-grow flex-col max-w-full\">\n<div class=\"min-h-[20px] text-message flex flex-col items-start gap-3 whitespace-pre-wrap break-words [.text-message+&amp;]:mt-5 overflow-x-auto\" data-message-author-role=\"assistant\" data-message-id=\"3e12a1cb-1121-4a3c-82bf-3453e2ca396f\">\n<div class=\"markdown prose w-full break-words dark:prose-invert light\">\n<p>&nbsp;<\/p>\n<h4><strong>Por qu\u00e9 elegir <\/strong><strong>Embalaje favorito <\/strong><strong>Etiquetas de cartulina impresas a medida:<\/strong><\/h4>\n<ol>\n<li>\n<div data-slate-node=\"element\"><strong>Garant\u00eda de calidad:<\/strong> Cada expositor de cart\u00f3n se somete a una rigurosa inspecci\u00f3n de calidad 100% para garantizar que s\u00f3lo los mejores productos llegan a nuestros clientes. Entendemos la importancia de un embalaje impecable para preservar la integridad de sus productos, y nuestro compromiso con la calidad se refleja en cada expositor que producimos.<\/div>\n<\/li>\n<li>\n<div data-slate-node=\"element\"><span data-slate-node=\"text\"><span class=\"null\" data-slate-leaf=\"true\" data-sent-id=\"ae2XRWO3pz\"><strong>Soluci\u00f3n integral:<\/strong> Desde el dise\u00f1o del producto hasta la producci\u00f3n y el envasado, ofrecemos servicios integrales de ventanilla \u00fanica para agilizar su proceso de envasado. <\/span><\/span><span data-slate-node=\"text\"><span class=\"null\" data-slate-leaf=\"true\" data-sent-id=\"3eEGYd8jDz\">Nuestro equipo de profesionales experimentados trabaja en estrecha colaboraci\u00f3n con usted para crear soluciones de envasado personalizadas que se ajusten perfectamente a la identidad de su marca y a los requisitos de sus productos.<\/span><\/span><\/div>\n<\/li>\n<li>\n<div data-slate-node=\"element\"><span data-slate-node=\"text\"><span class=\"null\" data-slate-leaf=\"true\" data-sent-id=\"JV00Mb3X1V\"><strong>Aplicaciones vers\u00e1tiles:<\/strong> Nuestros expositores de cart\u00f3n son adecuados para una amplia gama de productos, como cosm\u00e9ticos, productos electr\u00f3nicos, alimentos, regalos, etc. <\/span><\/span><span data-slate-node=\"text\"><span class=\"null\" data-slate-leaf=\"true\" data-sent-id=\"4eJJ2Nnm4e\">Tanto si necesita cajas resistentes para env\u00edos como elegantes embalajes para expositores comerciales, tenemos la soluci\u00f3n perfecta para satisfacer sus necesidades.<\/span><\/span><\/div>\n<\/li>\n<li>\n<div data-slate-node=\"element\"><span data-slate-node=\"text\"><span class=\"null\" data-slate-leaf=\"true\" data-sent-id=\"8exDLKo4ae\"><strong>Respetuoso con el medio ambiente:<\/strong> Damos prioridad a la sostenibilidad en nuestro proceso de fabricaci\u00f3n utilizando materiales ecol\u00f3gicos y minimizando los residuos. <\/span><\/span><span data-slate-node=\"text\"><span class=\"null\" data-slate-leaf=\"true\" data-sent-id=\"Ke35M13wEz\">Nuestros expositores de cart\u00f3n son reciclables y biodegradables, lo que le ayudar\u00e1 a reducir su huella medioambiental al tiempo que muestra su compromiso con la sostenibilidad.<\/span><\/span><\/div>\n<\/li>\n<\/ol>\n<p><img decoding=\"async\" class=\"alignnone size-full wp-image-1445 lazyload\" data-src=\"https:\/\/favoritepacking.com\/wp-content\/uploads\/2024\/04\/HH9.jpg\" alt=\"\" width=\"1100\" height=\"725\" data-srcset=\"https:\/\/favoritepacking.com\/wp-content\/uploads\/2024\/04\/HH9-200x132.jpg 200w, https:\/\/favoritepacking.com\/wp-content\/uploads\/2024\/04\/HH9-300x198.jpg 300w, https:\/\/favoritepacking.com\/wp-content\/uploads\/2024\/04\/HH9-400x264.jpg 400w, https:\/\/favoritepacking.com\/wp-content\/uploads\/2024\/04\/HH9-500x330.jpg 500w, https:\/\/favoritepacking.com\/wp-content\/uploads\/2024\/04\/HH9-600x395.jpg 600w, https:\/\/favoritepacking.com\/wp-content\/uploads\/2024\/04\/HH9-700x461.jpg 700w, https:\/\/favoritepacking.com\/wp-content\/uploads\/2024\/04\/HH9-768x506.jpg 768w, https:\/\/favoritepacking.com\/wp-content\/uploads\/2024\/04\/HH9-800x527.jpg 800w, https:\/\/favoritepacking.com\/wp-content\/uploads\/2024\/04\/HH9-1024x675.jpg 1024w, https:\/\/favoritepacking.com\/wp-content\/uploads\/2024\/04\/HH9.jpg 1100w\" data-sizes=\"(max-width: 1100px) 100vw, 1100px\" src=\"data:image\/gif;base64,R0lGODlhAQABAAAAACH5BAEKAAEALAAAAAABAAEAAAICTAEAOw==\" style=\"--smush-placeholder-width: 1100px; --smush-placeholder-aspect-ratio: 1100\/725;\" \/><noscript><img decoding=\"async\" class=\"alignnone size-full wp-image-1445\" src=\"https:\/\/favoritepacking.com\/wp-content\/uploads\/2024\/04\/HH9.jpg\" alt=\"\" width=\"1100\" height=\"725\" srcset=\"https:\/\/favoritepacking.com\/wp-content\/uploads\/2024\/04\/HH9-200x132.jpg 200w, https:\/\/favoritepacking.com\/wp-content\/uploads\/2024\/04\/HH9-300x198.jpg 300w, https:\/\/favoritepacking.com\/wp-content\/uploads\/2024\/04\/HH9-400x264.jpg 400w, https:\/\/favoritepacking.com\/wp-content\/uploads\/2024\/04\/HH9-500x330.jpg 500w, https:\/\/favoritepacking.com\/wp-content\/uploads\/2024\/04\/HH9-600x395.jpg 600w, https:\/\/favoritepacking.com\/wp-content\/uploads\/2024\/04\/HH9-700x461.jpg 700w, https:\/\/favoritepacking.com\/wp-content\/uploads\/2024\/04\/HH9-768x506.jpg 768w, https:\/\/favoritepacking.com\/wp-content\/uploads\/2024\/04\/HH9-800x527.jpg 800w, https:\/\/favoritepacking.com\/wp-content\/uploads\/2024\/04\/HH9-1024x675.jpg 1024w, https:\/\/favoritepacking.com\/wp-content\/uploads\/2024\/04\/HH9.jpg 1100w\" sizes=\"(max-width: 1100px) 100vw, 1100px\" \/><\/noscript><\/p>\n<\/div>\n<\/div>\n<\/div>\n<p>&nbsp;<\/p>","protected":false},"excerpt":{"rendered":"<p><span style=\"font-family: arial, helvetica, sans-serif; font-size: 14pt;\"><strong>Fabricante certificado por Disney, NBCU, FSC, ISO y BSCI<\/strong><\/span><\/p>\n<ul>\n<li><span style=\"font-family: arial, helvetica, sans-serif;\">N\u00famero de modelo: HH-61218<label><br \/>\n<\/label><\/span><\/li>\n<li><span style=\"font-family: arial, helvetica, sans-serif;\">El tama\u00f1o de la caja, la estructura de la caja, el dise\u00f1o y el inserto pueden personalizarse.<\/span><\/li>\n<li><span style=\"font-family: arial, helvetica, sans-serif;\">Se puede a\u00f1adir un tratamiento adicional para el logotipo.<\/span><\/li>\n<\/ul>","protected":false},"featured_media":1956,"template":"","meta":{"content-type":""},"product_cat":[59],"product_tag":[],"class_list":{"0":"post-1960","1":"product","2":"type-product","3":"status-publish","4":"has-post-thumbnail","6":"product_cat-hang-tags","8":"first","9":"instock","10":"shipping-taxable","11":"product-type-simple"},"_links":{"self":[{"href":"https:\/\/favoritepacking.com\/es\/wp-json\/wp\/v2\/product\/1960","targetHints":{"allow":["GET"]}}],"collection":[{"href":"https:\/\/favoritepacking.com\/es\/wp-json\/wp\/v2\/product"}],"about":[{"href":"https:\/\/favoritepacking.com\/es\/wp-json\/wp\/v2\/types\/product"}],"wp:featuredmedia":[{"embeddable":true,"href":"https:\/\/favoritepacking.com\/es\/wp-json\/wp\/v2\/media\/1956"}],"wp:attachment":[{"href":"https:\/\/favoritepacking.com\/es\/wp-json\/wp\/v2\/media?parent=1960"}],"wp:term":[{"taxonomy":"product_cat","embeddable":true,"href":"https:\/\/favoritepacking.com\/es\/wp-json\/wp\/v2\/product_cat?post=1960"},{"taxonomy":"product_tag","embeddable":true,"href":"https:\/\/favoritepacking.com\/es\/wp-json\/wp\/v2\/product_tag?post=1960"}],"curies":[{"name":"wp","href":"https:\/\/api.w.org\/{rel}","templated":true}]}}