{"id":2757,"date":"2025-07-11T02:20:11","date_gmt":"2025-07-11T02:20:11","guid":{"rendered":"https:\/\/favoritepacking.com\/?post_type=product&#038;p=2757"},"modified":"2025-07-11T02:29:32","modified_gmt":"2025-07-11T02:29:32","slug":"caja-rigida-a-medida-3","status":"publish","type":"product","link":"https:\/\/favoritepacking.com\/es\/product\/caja-rigida-a-medida-3\/","title":{"rendered":"Caja r\u00edgida a medida"},"content":{"rendered":"<div><\/div>\n<div>Fabricadas con precisi\u00f3n en nuestras modernas instalaciones de sala blanca, nuestras cajas Ridig personalizadas ofrecen una calidad y fiabilidad inigualables para todas sus necesidades de embalaje.<\/div>\n<div aria-label=\"\"><\/div>\n<div aria-label=\"\"><\/div>\n<table style=\"width: 100%; border-collapse: collapse; border-style: solid; border-color: #969696; height: 380px;\" border=\"1px\">\n<tbody>\n<tr style=\"background-color: #eee;\">\n<td style=\"width: 16.3677%; height: 28px;\"><span class=\"attr-name J-attr-name\" style=\"font-family: arial, helvetica, sans-serif;\" title=\"N\u00famero de modelo\" data-spm-anchor-id=\"a2700.details.0.i22.342964939VyW1g\">Nombre<\/span><\/td>\n<td style=\"width: 85.539%; height: 28px;\"><span style=\"font-family: arial, helvetica, sans-serif;\">Caja r\u00edgida a medida<\/span><\/td>\n<\/tr>\n<tr style=\"height: 24px;\">\n<td style=\"width: 16.3677%; height: 28px;\"><span class=\"attr-name J-attr-name\" style=\"font-family: arial, helvetica, sans-serif;\" title=\"Material\">Material:<\/span><\/td>\n<td style=\"width: 85.539%; height: 28px;\"><span style=\"font-family: arial, helvetica, sans-serif;\">\u00a0Espesor de papel r\u00edgido: 36pt, 48pt, Papel Kraft, CCNB, C1S Art Paper, Personalizado <\/span><\/td>\n<\/tr>\n<tr style=\"background-color: #eee;\">\n<td style=\"width: 16.3677%; height: 28px;\"><span style=\"font-family: arial, helvetica, sans-serif;\">Dimensiones:<\/span><\/td>\n<td style=\"width: 85.539%; height: 28px;\"><span style=\"font-family: arial, helvetica, sans-serif;\">\u00a0Todos los tama\u00f1os y formas personalizados<\/span><\/td>\n<\/tr>\n<tr style=\"height: 24px;\">\n<td style=\"width: 16.3677%; height: 28px;\"><span style=\"font-family: arial, helvetica, sans-serif;\">Imprimiendo:<\/span><\/td>\n<td style=\"width: 85.539%; height: 28px;\"><span class=\"info-data\" style=\"font-family: arial, helvetica, sans-serif;\">\u00a0CMYK, Colores Pantone (PMS), Serigraf\u00eda, Impresi\u00f3n offset UV, Sin impresi\u00f3n<br \/>\n<\/span><\/td>\n<\/tr>\n<tr style=\"background-color: #eee;\">\n<td style=\"width: 16.3677%; height: 28px;\"><span style=\"font-family: arial, helvetica, sans-serif;\">Acabado\uff1a<\/span><\/td>\n<td style=\"width: 85.539%; height: 28px;\"><span style=\"font-family: arial, helvetica, sans-serif;\">\u00a0Brillo\/mate, serigraf\u00eda, estampado en oro\/plata, gofrado\/grabado en relieve, textura, UV localizado, UV inundado .<\/span><\/td>\n<\/tr>\n<tr style=\"background-color: #eee;\">\n<td style=\"width: 16.3677%; height: 28px;\"><span style=\"font-family: arial, helvetica, sans-serif;\">Obras de arte:<\/span><\/td>\n<td style=\"width: 85.539%; height: 28px;\"><span style=\"font-family: arial, helvetica, sans-serif;\">\u00a0PDF, AI, CDR, PSD, Adobe, Core IDraw, etc.<\/span><\/td>\n<\/tr>\n<tr style=\"height: 24px;\">\n<td style=\"width: 16.3677%; height: 28px;\"><span class=\"attr-name J-attr-name\" style=\"font-family: arial, helvetica, sans-serif;\" title=\"MOQ\">Opciones de accesorios:<\/span><\/td>\n<td style=\"width: 85.539%; height: 28px;\"><span style=\"font-family: arial, helvetica, sans-serif;\">\u00a0L\u00e1mina de PVC o PET, EVA, esponja, terciopelo, asa, im\u00e1n, cinta, pegatinas, etc.<\/span><\/td>\n<\/tr>\n<tr style=\"background-color: #eee;\">\n<td style=\"width: 16.3677%; height: 28px;\"><span style=\"font-family: arial, helvetica, sans-serif;\">Otras opciones:<\/span><\/td>\n<td style=\"width: 85.539%; height: 28px;\"><span style=\"font-family: arial, helvetica, sans-serif;\">\u00a0Recortes de ventanas, troquelado, encolado, rayado, perforaci\u00f3n, tinta en relieve.<\/span><\/td>\n<\/tr>\n<tr style=\"height: 24px;\">\n<td style=\"width: 16.3677%; height: 28px;\"><span class=\"attr-name J-attr-name\" style=\"font-family: arial, helvetica, sans-serif;\" title=\"MOQ\">Plazo de entrega de la muestra:<\/span><\/td>\n<td style=\"width: 85.539%; height: 28px;\"><span style=\"font-family: arial, helvetica, sans-serif;\">\u00a03-7 d\u00edas para el muestreo, luego enviados por Express a su puerta<\/span><\/td>\n<\/tr>\n<tr style=\"background-color: #eee;\">\n<td style=\"width: 16.3677%; height: 28px;\"><span style=\"font-family: arial, helvetica, sans-serif;\">Cantidades:<\/span><\/td>\n<td style=\"width: 85.539%; height: 28px;\"><span style=\"font-family: arial, helvetica, sans-serif;\">\u00a0100 - 500,000<\/span><\/td>\n<\/tr>\n<tr style=\"height: 24px;\">\n<td style=\"width: 16.3677%; height: 28px;\"><span style=\"font-family: arial, helvetica, sans-serif;\">Coste de la muestra\uff1a<\/span><\/td>\n<td style=\"width: 85.539%; height: 28px;\"><span style=\"font-family: arial, helvetica, sans-serif;\">\u00a0Muestra gratuita. Muestra personalizada necesita cargo de muestra. El coste del flete estar\u00e1 en su lado.<\/span><\/td>\n<\/tr>\n<\/tbody>\n<\/table>\n<h2><\/h2>\n<h2>Cajas r\u00edgidas a medida Detalle:<\/h2>\n<table style=\"border-collapse: collapse; width: 100%;\">\n<tbody>\n<tr>\n<td style=\"width: 50%;\"><img decoding=\"async\" class=\"alignnone size-full wp-image-2036 lazyload\" data-src=\"https:\/\/favoritepacking.com\/wp-content\/uploads\/2024\/05\/masera-1.jpg\" alt=\"\" width=\"1200\" height=\"900\" data-srcset=\"https:\/\/favoritepacking.com\/wp-content\/uploads\/2024\/05\/masera-1-200x150.jpg 200w, https:\/\/favoritepacking.com\/wp-content\/uploads\/2024\/05\/masera-1-300x225.jpg 300w, https:\/\/favoritepacking.com\/wp-content\/uploads\/2024\/05\/masera-1-400x300.jpg 400w, https:\/\/favoritepacking.com\/wp-content\/uploads\/2024\/05\/masera-1-500x375.jpg 500w, https:\/\/favoritepacking.com\/wp-content\/uploads\/2024\/05\/masera-1-600x450.jpg 600w, https:\/\/favoritepacking.com\/wp-content\/uploads\/2024\/05\/masera-1-700x525.jpg 700w, https:\/\/favoritepacking.com\/wp-content\/uploads\/2024\/05\/masera-1-768x576.jpg 768w, https:\/\/favoritepacking.com\/wp-content\/uploads\/2024\/05\/masera-1-800x600.jpg 800w, https:\/\/favoritepacking.com\/wp-content\/uploads\/2024\/05\/masera-1-1024x768.jpg 1024w, https:\/\/favoritepacking.com\/wp-content\/uploads\/2024\/05\/masera-1.jpg 1200w\" data-sizes=\"(max-width: 1200px) 100vw, 1200px\" src=\"data:image\/gif;base64,R0lGODlhAQABAAAAACH5BAEKAAEALAAAAAABAAEAAAICTAEAOw==\" style=\"--smush-placeholder-width: 1200px; --smush-placeholder-aspect-ratio: 1200\/900;\" \/><noscript><img decoding=\"async\" class=\"alignnone size-full wp-image-2036\" src=\"https:\/\/favoritepacking.com\/wp-content\/uploads\/2024\/05\/masera-1.jpg\" alt=\"\" width=\"1200\" height=\"900\" srcset=\"https:\/\/favoritepacking.com\/wp-content\/uploads\/2024\/05\/masera-1-200x150.jpg 200w, https:\/\/favoritepacking.com\/wp-content\/uploads\/2024\/05\/masera-1-300x225.jpg 300w, https:\/\/favoritepacking.com\/wp-content\/uploads\/2024\/05\/masera-1-400x300.jpg 400w, https:\/\/favoritepacking.com\/wp-content\/uploads\/2024\/05\/masera-1-500x375.jpg 500w, https:\/\/favoritepacking.com\/wp-content\/uploads\/2024\/05\/masera-1-600x450.jpg 600w, https:\/\/favoritepacking.com\/wp-content\/uploads\/2024\/05\/masera-1-700x525.jpg 700w, https:\/\/favoritepacking.com\/wp-content\/uploads\/2024\/05\/masera-1-768x576.jpg 768w, https:\/\/favoritepacking.com\/wp-content\/uploads\/2024\/05\/masera-1-800x600.jpg 800w, https:\/\/favoritepacking.com\/wp-content\/uploads\/2024\/05\/masera-1-1024x768.jpg 1024w, https:\/\/favoritepacking.com\/wp-content\/uploads\/2024\/05\/masera-1.jpg 1200w\" sizes=\"(max-width: 1200px) 100vw, 1200px\" \/><\/noscript><\/td>\n<td style=\"width: 50%;\"><img decoding=\"async\" class=\"alignnone size-full wp-image-2037 lazyload\" data-src=\"https:\/\/favoritepacking.com\/wp-content\/uploads\/2024\/05\/Maseri-2.jpg\" alt=\"\" width=\"1200\" height=\"900\" data-srcset=\"https:\/\/favoritepacking.com\/wp-content\/uploads\/2024\/05\/Maseri-2-200x150.jpg 200w, https:\/\/favoritepacking.com\/wp-content\/uploads\/2024\/05\/Maseri-2-300x225.jpg 300w, https:\/\/favoritepacking.com\/wp-content\/uploads\/2024\/05\/Maseri-2-400x300.jpg 400w, https:\/\/favoritepacking.com\/wp-content\/uploads\/2024\/05\/Maseri-2-500x375.jpg 500w, https:\/\/favoritepacking.com\/wp-content\/uploads\/2024\/05\/Maseri-2-600x450.jpg 600w, https:\/\/favoritepacking.com\/wp-content\/uploads\/2024\/05\/Maseri-2-700x525.jpg 700w, https:\/\/favoritepacking.com\/wp-content\/uploads\/2024\/05\/Maseri-2-768x576.jpg 768w, https:\/\/favoritepacking.com\/wp-content\/uploads\/2024\/05\/Maseri-2-800x600.jpg 800w, https:\/\/favoritepacking.com\/wp-content\/uploads\/2024\/05\/Maseri-2-1024x768.jpg 1024w, https:\/\/favoritepacking.com\/wp-content\/uploads\/2024\/05\/Maseri-2.jpg 1200w\" data-sizes=\"(max-width: 1200px) 100vw, 1200px\" src=\"data:image\/gif;base64,R0lGODlhAQABAAAAACH5BAEKAAEALAAAAAABAAEAAAICTAEAOw==\" style=\"--smush-placeholder-width: 1200px; --smush-placeholder-aspect-ratio: 1200\/900;\" \/><noscript><img decoding=\"async\" class=\"alignnone size-full wp-image-2037\" src=\"https:\/\/favoritepacking.com\/wp-content\/uploads\/2024\/05\/Maseri-2.jpg\" alt=\"\" width=\"1200\" height=\"900\" srcset=\"https:\/\/favoritepacking.com\/wp-content\/uploads\/2024\/05\/Maseri-2-200x150.jpg 200w, https:\/\/favoritepacking.com\/wp-content\/uploads\/2024\/05\/Maseri-2-300x225.jpg 300w, https:\/\/favoritepacking.com\/wp-content\/uploads\/2024\/05\/Maseri-2-400x300.jpg 400w, https:\/\/favoritepacking.com\/wp-content\/uploads\/2024\/05\/Maseri-2-500x375.jpg 500w, https:\/\/favoritepacking.com\/wp-content\/uploads\/2024\/05\/Maseri-2-600x450.jpg 600w, https:\/\/favoritepacking.com\/wp-content\/uploads\/2024\/05\/Maseri-2-700x525.jpg 700w, https:\/\/favoritepacking.com\/wp-content\/uploads\/2024\/05\/Maseri-2-768x576.jpg 768w, https:\/\/favoritepacking.com\/wp-content\/uploads\/2024\/05\/Maseri-2-800x600.jpg 800w, https:\/\/favoritepacking.com\/wp-content\/uploads\/2024\/05\/Maseri-2-1024x768.jpg 1024w, https:\/\/favoritepacking.com\/wp-content\/uploads\/2024\/05\/Maseri-2.jpg 1200w\" sizes=\"(max-width: 1200px) 100vw, 1200px\" \/><\/noscript><\/td>\n<\/tr>\n<tr>\n<td style=\"width: 50%;\"><\/td>\n<td style=\"width: 50%;\"><\/td>\n<\/tr>\n<\/tbody>\n<\/table>\n<div class=\"flex flex-grow flex-col max-w-full\">\n<div class=\"min-h-[20px] text-message flex flex-col items-start gap-3 whitespace-pre-wrap break-words [.text-message+&amp;]:mt-5 overflow-x-auto\" data-message-author-role=\"assistant\" data-message-id=\"3e12a1cb-1121-4a3c-82bf-3453e2ca396f\">\n<div class=\"markdown prose w-full break-words dark:prose-invert light\">\n<p>&nbsp;<\/p>\n<h4><strong>Por qu\u00e9 elegir el embalaje r\u00edgido favorito<\/strong><strong>\u00a0cajas:<\/strong><\/h4>\n<ol>\n<li>\n<div data-slate-node=\"element\"><strong>Garant\u00eda de calidad:<\/strong> Cada caja de papel se somete a una rigurosa inspecci\u00f3n de calidad 100% para garantizar que s\u00f3lo los mejores productos llegan a nuestros clientes. Somos conscientes de la importancia de un embalaje impecable para preservar la integridad de sus productos, y nuestro compromiso con la calidad se refleja en cada caja que producimos.<\/div>\n<\/li>\n<li>\n<div data-slate-node=\"element\"><span data-slate-node=\"text\"><span class=\"null\" data-slate-leaf=\"true\" data-sent-id=\"ae2XRWO3pz\"><strong>Soluci\u00f3n integral:<\/strong> Desde el dise\u00f1o del producto hasta la producci\u00f3n y el envasado, ofrecemos servicios integrales de ventanilla \u00fanica para agilizar su proceso de envasado. <\/span><\/span><span data-slate-node=\"text\"><span class=\"null\" data-slate-leaf=\"true\" data-sent-id=\"3eEGYd8jDz\">Nuestro equipo de profesionales experimentados trabaja en estrecha colaboraci\u00f3n con usted para crear soluciones de envasado personalizadas que se ajusten perfectamente a la identidad de su marca y a los requisitos de sus productos.<\/span><\/span><\/div>\n<\/li>\n<li>\n<div data-slate-node=\"element\"><span data-slate-node=\"text\"><span class=\"null\" data-slate-leaf=\"true\" data-sent-id=\"JV00Mb3X1V\"><strong>Aplicaciones vers\u00e1tiles:<\/strong> Nuestras cajas de embalaje de papel son adecuadas para una amplia gama de productos, como cosm\u00e9ticos, productos electr\u00f3nicos, alimentos, regalos, etc. <\/span><\/span><span data-slate-node=\"text\"><span class=\"null\" data-slate-leaf=\"true\" data-sent-id=\"4eJJ2Nnm4e\">Tanto si necesita cajas resistentes para env\u00edos como elegantes embalajes para expositores comerciales, tenemos la soluci\u00f3n perfecta para satisfacer sus necesidades.<\/span><\/span><\/div>\n<\/li>\n<li>\n<div data-slate-node=\"element\"><span data-slate-node=\"text\"><span class=\"null\" data-slate-leaf=\"true\" data-sent-id=\"8exDLKo4ae\"><strong>Respetuoso con el medio ambiente:<\/strong> Damos prioridad a la sostenibilidad en nuestro proceso de fabricaci\u00f3n utilizando materiales ecol\u00f3gicos y minimizando los residuos. <\/span><\/span><span data-slate-node=\"text\"><span class=\"null\" data-slate-leaf=\"true\" data-sent-id=\"Ke35M13wEz\">Nuestras cajas de papel son reciclables y biodegradables, lo que le ayuda a reducir su huella medioambiental al tiempo que muestra su compromiso con la sostenibilidad.<\/span><\/span><\/div>\n<\/li>\n<\/ol>\n<p><img decoding=\"async\" class=\"alignnone size-full wp-image-1445 lazyload\" data-src=\"https:\/\/favoritepacking.com\/wp-content\/uploads\/2024\/04\/HH9.jpg\" alt=\"\" width=\"1100\" height=\"725\" data-srcset=\"https:\/\/favoritepacking.com\/wp-content\/uploads\/2024\/04\/HH9-200x132.jpg 200w, https:\/\/favoritepacking.com\/wp-content\/uploads\/2024\/04\/HH9-300x198.jpg 300w, https:\/\/favoritepacking.com\/wp-content\/uploads\/2024\/04\/HH9-400x264.jpg 400w, https:\/\/favoritepacking.com\/wp-content\/uploads\/2024\/04\/HH9-500x330.jpg 500w, https:\/\/favoritepacking.com\/wp-content\/uploads\/2024\/04\/HH9-600x395.jpg 600w, https:\/\/favoritepacking.com\/wp-content\/uploads\/2024\/04\/HH9-700x461.jpg 700w, https:\/\/favoritepacking.com\/wp-content\/uploads\/2024\/04\/HH9-768x506.jpg 768w, https:\/\/favoritepacking.com\/wp-content\/uploads\/2024\/04\/HH9-800x527.jpg 800w, https:\/\/favoritepacking.com\/wp-content\/uploads\/2024\/04\/HH9-1024x675.jpg 1024w, https:\/\/favoritepacking.com\/wp-content\/uploads\/2024\/04\/HH9.jpg 1100w\" data-sizes=\"(max-width: 1100px) 100vw, 1100px\" src=\"data:image\/gif;base64,R0lGODlhAQABAAAAACH5BAEKAAEALAAAAAABAAEAAAICTAEAOw==\" style=\"--smush-placeholder-width: 1100px; --smush-placeholder-aspect-ratio: 1100\/725;\" \/><noscript><img decoding=\"async\" class=\"alignnone size-full wp-image-1445\" src=\"https:\/\/favoritepacking.com\/wp-content\/uploads\/2024\/04\/HH9.jpg\" alt=\"\" width=\"1100\" height=\"725\" srcset=\"https:\/\/favoritepacking.com\/wp-content\/uploads\/2024\/04\/HH9-200x132.jpg 200w, https:\/\/favoritepacking.com\/wp-content\/uploads\/2024\/04\/HH9-300x198.jpg 300w, https:\/\/favoritepacking.com\/wp-content\/uploads\/2024\/04\/HH9-400x264.jpg 400w, https:\/\/favoritepacking.com\/wp-content\/uploads\/2024\/04\/HH9-500x330.jpg 500w, https:\/\/favoritepacking.com\/wp-content\/uploads\/2024\/04\/HH9-600x395.jpg 600w, https:\/\/favoritepacking.com\/wp-content\/uploads\/2024\/04\/HH9-700x461.jpg 700w, https:\/\/favoritepacking.com\/wp-content\/uploads\/2024\/04\/HH9-768x506.jpg 768w, https:\/\/favoritepacking.com\/wp-content\/uploads\/2024\/04\/HH9-800x527.jpg 800w, https:\/\/favoritepacking.com\/wp-content\/uploads\/2024\/04\/HH9-1024x675.jpg 1024w, https:\/\/favoritepacking.com\/wp-content\/uploads\/2024\/04\/HH9.jpg 1100w\" sizes=\"(max-width: 1100px) 100vw, 1100px\" \/><\/noscript><\/p>\n<p>&nbsp;<\/p>\n<\/div>\n<\/div>\n<\/div>\n<p>&nbsp;<\/p>\n<p>&nbsp;<\/p>\n<p>&nbsp;<\/p>","protected":false},"excerpt":{"rendered":"<p><span style=\"font-family: arial, helvetica, sans-serif; font-size: 14pt;\"><strong>Fabricante certificado por Disney, NBCU, FSC, ISO y BSCI<\/strong><\/span><\/p>\n<ul>\n<li><span style=\"font-family: arial, helvetica, sans-serif;\">N\u00famero de modelo: HH-61231<label><br \/>\n<\/label><\/span><\/li>\n<li><span style=\"font-family: arial, helvetica, sans-serif;\">El tama\u00f1o de la caja, la estructura de la caja, el dise\u00f1o y el inserto pueden personalizarse.<\/span><\/li>\n<li><span style=\"font-family: arial, helvetica, sans-serif;\">Se puede a\u00f1adir un tratamiento adicional para el logotipo.<\/span><\/li>\n<\/ul>","protected":false},"featured_media":2762,"template":"","meta":{"content-type":""},"product_cat":[61],"product_tag":[],"class_list":{"0":"post-2757","1":"product","2":"type-product","3":"status-publish","4":"has-post-thumbnail","6":"product_cat-rigid-boxes","8":"first","9":"instock","10":"shipping-taxable","11":"product-type-simple"},"yoast_head":"<!-- This site is optimized with the Yoast SEO Premium plugin v21.9 (Yoast SEO v23.4) - https:\/\/yoast.com\/wordpress\/plugins\/seo\/ -->\n<title>Custom Rigid Box - Professional Packaging Box Manufacturer<\/title>\n<meta name=\"description\" content=\"Black mailer boxes made in clean room. Certified by Sedex, Disney, NBCU, FSC and BSCI. OEM\/ODM accepted. 100% quality tested. MOQ 100-3000 PCS.\" \/>\n<meta name=\"robots\" content=\"index, follow, max-snippet:-1, max-image-preview:large, max-video-preview:-1\" \/>\n<link rel=\"canonical\" href=\"https:\/\/favoritepacking.com\/es\/product\/caja-rigida-a-medida-3\/\" \/>\n<meta property=\"og:locale\" content=\"es_ES\" \/>\n<meta property=\"og:type\" content=\"article\" \/>\n<meta property=\"og:title\" content=\"Custom Rigid Box\" \/>\n<meta property=\"og:description\" content=\"Black mailer boxes made in clean room. Certified by Sedex, Disney, NBCU, FSC and BSCI. OEM\/ODM accepted. 100% quality tested. MOQ 100-3000 PCS.\" \/>\n<meta property=\"og:url\" content=\"https:\/\/favoritepacking.com\/es\/product\/caja-rigida-a-medida-3\/\" \/>\n<meta property=\"og:site_name\" content=\"Professional Packaging Box Manufacturer\" \/>\n<meta property=\"article:modified_time\" content=\"2025-07-11T02:29:32+00:00\" \/>\n<meta property=\"og:image\" content=\"https:\/\/favoritepacking.com\/wp-content\/uploads\/2025\/07\/rigid-box11.jpg\" \/>\n\t<meta property=\"og:image:width\" content=\"700\" \/>\n\t<meta property=\"og:image:height\" content=\"700\" \/>\n\t<meta property=\"og:image:type\" content=\"image\/jpeg\" \/>\n<meta name=\"twitter:card\" content=\"summary_large_image\" \/>\n<meta name=\"twitter:label1\" content=\"Precio\" \/>\n\t<meta name=\"twitter:data1\" content=\"\" \/>\n\t<meta name=\"twitter:label2\" content=\"Disponibilidad\" \/>\n\t<meta name=\"twitter:data2\" content=\"Disponible\" \/>\n<script type=\"application\/ld+json\" class=\"yoast-schema-graph\">{\"@context\":\"https:\/\/schema.org\",\"@graph\":[{\"@type\":\"WebPage\",\"@id\":\"https:\/\/favoritepacking.com\/product\/custom-rigid-box-3\/\",\"url\":\"https:\/\/favoritepacking.com\/product\/custom-rigid-box-3\/\",\"name\":\"Custom Rigid Box - Professional Packaging Box Manufacturer\",\"isPartOf\":{\"@id\":\"https:\/\/favoritepacking.com\/#website\"},\"primaryImageOfPage\":{\"@id\":\"https:\/\/favoritepacking.com\/product\/custom-rigid-box-3\/#primaryimage\"},\"image\":{\"@id\":\"https:\/\/favoritepacking.com\/product\/custom-rigid-box-3\/#primaryimage\"},\"thumbnailUrl\":\"https:\/\/favoritepacking.com\/wp-content\/uploads\/2025\/07\/rigid-box11.jpg\",\"datePublished\":\"2025-07-11T02:20:11+00:00\",\"dateModified\":\"2025-07-11T02:29:32+00:00\",\"description\":\"Black mailer boxes made in clean room. Certified by Sedex, Disney, NBCU, FSC and BSCI. OEM\/ODM accepted. 100% quality tested. MOQ 100-3000 PCS.\",\"breadcrumb\":{\"@id\":\"https:\/\/favoritepacking.com\/product\/custom-rigid-box-3\/#breadcrumb\"},\"inLanguage\":\"es\",\"potentialAction\":[{\"@type\":\"ReadAction\",\"target\":[\"https:\/\/favoritepacking.com\/product\/custom-rigid-box-3\/\"]}]},{\"@type\":\"ImageObject\",\"inLanguage\":\"es\",\"@id\":\"https:\/\/favoritepacking.com\/product\/custom-rigid-box-3\/#primaryimage\",\"url\":\"https:\/\/favoritepacking.com\/wp-content\/uploads\/2025\/07\/rigid-box11.jpg\",\"contentUrl\":\"https:\/\/favoritepacking.com\/wp-content\/uploads\/2025\/07\/rigid-box11.jpg\",\"width\":700,\"height\":700},{\"@type\":\"BreadcrumbList\",\"@id\":\"https:\/\/favoritepacking.com\/product\/custom-rigid-box-3\/#breadcrumb\",\"itemListElement\":[{\"@type\":\"ListItem\",\"position\":1,\"name\":\"Home\",\"item\":\"https:\/\/favoritepacking.com\/\"},{\"@type\":\"ListItem\",\"position\":2,\"name\":\"PRODUCTS\",\"item\":\"https:\/\/favoritepacking.com\/products\/\"},{\"@type\":\"ListItem\",\"position\":3,\"name\":\"Custom Rigid Box\"}]},{\"@type\":\"WebSite\",\"@id\":\"https:\/\/favoritepacking.com\/#website\",\"url\":\"https:\/\/favoritepacking.com\/\",\"name\":\"Favorite Packing\",\"description\":\"Favorite Packing\",\"publisher\":{\"@id\":\"https:\/\/favoritepacking.com\/#organization\"},\"potentialAction\":[{\"@type\":\"SearchAction\",\"target\":{\"@type\":\"EntryPoint\",\"urlTemplate\":\"https:\/\/favoritepacking.com\/?s={search_term_string}\"},\"query-input\":{\"@type\":\"PropertyValueSpecification\",\"valueRequired\":true,\"valueName\":\"search_term_string\"}}],\"inLanguage\":\"es\"},{\"@type\":\"Organization\",\"@id\":\"https:\/\/favoritepacking.com\/#organization\",\"name\":\"favorite packing\",\"url\":\"https:\/\/favoritepacking.com\/\",\"logo\":{\"@type\":\"ImageObject\",\"inLanguage\":\"es\",\"@id\":\"https:\/\/favoritepacking.com\/#\/schema\/logo\/image\/\",\"url\":\"https:\/\/favoritepacking.com\/wp-content\/uploads\/2024\/12\/favoritepackingLOGO.png\",\"contentUrl\":\"https:\/\/favoritepacking.com\/wp-content\/uploads\/2024\/12\/favoritepackingLOGO.png\",\"width\":167,\"height\":129,\"caption\":\"favorite packing\"},\"image\":{\"@id\":\"https:\/\/favoritepacking.com\/#\/schema\/logo\/image\/\"}}]}<\/script>\n<meta property=\"product:price:amount\" content=\"0.00\" \/>\n<meta property=\"product:price:currency\" content=\"USD\" \/>\n<meta property=\"og:availability\" content=\"instock\" \/>\n<meta property=\"product:availability\" content=\"instock\" \/>\n<meta property=\"product:condition\" content=\"new\" \/>\n<!-- \/ Yoast SEO Premium plugin. -->","yoast_head_json":{"title":"Caja r\u00edgida a medida - Fabricante profesional de cajas de embalaje","description":"Cajas de correo negras fabricadas en sala blanca. Certificadas por Sedex, Disney, NBCU, FSC y BSCI. Se acepta OEM\/ODM. Calidad probada 100%. MOQ 100-3000 PCS.","robots":{"index":"index","follow":"follow","max-snippet":"max-snippet:-1","max-image-preview":"max-image-preview:large","max-video-preview":"max-video-preview:-1"},"canonical":"https:\/\/favoritepacking.com\/es\/product\/caja-rigida-a-medida-3\/","og_locale":"es_ES","og_type":"article","og_title":"Custom Rigid Box","og_description":"Black mailer boxes made in clean room. Certified by Sedex, Disney, NBCU, FSC and BSCI. OEM\/ODM accepted. 100% quality tested. MOQ 100-3000 PCS.","og_url":"https:\/\/favoritepacking.com\/es\/product\/caja-rigida-a-medida-3\/","og_site_name":"Professional Packaging Box Manufacturer","article_modified_time":"2025-07-11T02:29:32+00:00","og_image":[{"width":700,"height":700,"url":"https:\/\/favoritepacking.com\/wp-content\/uploads\/2025\/07\/rigid-box11.jpg","type":"image\/jpeg"}],"twitter_card":"summary_large_image","twitter_misc":{"Precio":"","Disponibilidad":"Disponible"},"schema":{"@context":"https:\/\/schema.org","@graph":[{"@type":"WebPage","@id":"https:\/\/favoritepacking.com\/product\/custom-rigid-box-3\/","url":"https:\/\/favoritepacking.com\/product\/custom-rigid-box-3\/","name":"Caja r\u00edgida a medida - Fabricante profesional de cajas de embalaje","isPartOf":{"@id":"https:\/\/favoritepacking.com\/#website"},"primaryImageOfPage":{"@id":"https:\/\/favoritepacking.com\/product\/custom-rigid-box-3\/#primaryimage"},"image":{"@id":"https:\/\/favoritepacking.com\/product\/custom-rigid-box-3\/#primaryimage"},"thumbnailUrl":"https:\/\/favoritepacking.com\/wp-content\/uploads\/2025\/07\/rigid-box11.jpg","datePublished":"2025-07-11T02:20:11+00:00","dateModified":"2025-07-11T02:29:32+00:00","description":"Cajas de correo negras fabricadas en sala blanca. Certificadas por Sedex, Disney, NBCU, FSC y BSCI. Se acepta OEM\/ODM. Calidad probada 100%. MOQ 100-3000 PCS.","breadcrumb":{"@id":"https:\/\/favoritepacking.com\/product\/custom-rigid-box-3\/#breadcrumb"},"inLanguage":"es","potentialAction":[{"@type":"ReadAction","target":["https:\/\/favoritepacking.com\/product\/custom-rigid-box-3\/"]}]},{"@type":"ImageObject","inLanguage":"es","@id":"https:\/\/favoritepacking.com\/product\/custom-rigid-box-3\/#primaryimage","url":"https:\/\/favoritepacking.com\/wp-content\/uploads\/2025\/07\/rigid-box11.jpg","contentUrl":"https:\/\/favoritepacking.com\/wp-content\/uploads\/2025\/07\/rigid-box11.jpg","width":700,"height":700},{"@type":"BreadcrumbList","@id":"https:\/\/favoritepacking.com\/product\/custom-rigid-box-3\/#breadcrumb","itemListElement":[{"@type":"ListItem","position":1,"name":"Home","item":"https:\/\/favoritepacking.com\/"},{"@type":"ListItem","position":2,"name":"PRODUCTS","item":"https:\/\/favoritepacking.com\/products\/"},{"@type":"ListItem","position":3,"name":"Custom Rigid Box"}]},{"@type":"WebSite","@id":"https:\/\/favoritepacking.com\/#website","url":"https:\/\/favoritepacking.com\/","name":"Embalaje favorito","description":"Embalaje favorito","publisher":{"@id":"https:\/\/favoritepacking.com\/#organization"},"potentialAction":[{"@type":"SearchAction","target":{"@type":"EntryPoint","urlTemplate":"https:\/\/favoritepacking.com\/?s={search_term_string}"},"query-input":{"@type":"PropertyValueSpecification","valueRequired":true,"valueName":"search_term_string"}}],"inLanguage":"es"},{"@type":"Organization","@id":"https:\/\/favoritepacking.com\/#organization","name":"embalaje favorito","url":"https:\/\/favoritepacking.com\/","logo":{"@type":"ImageObject","inLanguage":"es","@id":"https:\/\/favoritepacking.com\/#\/schema\/logo\/image\/","url":"https:\/\/favoritepacking.com\/wp-content\/uploads\/2024\/12\/favoritepackingLOGO.png","contentUrl":"https:\/\/favoritepacking.com\/wp-content\/uploads\/2024\/12\/favoritepackingLOGO.png","width":167,"height":129,"caption":"favorite packing"},"image":{"@id":"https:\/\/favoritepacking.com\/#\/schema\/logo\/image\/"}}]},"product_price_amount":"0.00","product_price_currency":"USD","og_availability":"instock","product_availability":"instock","product_condition":"new"},"_links":{"self":[{"href":"https:\/\/favoritepacking.com\/es\/wp-json\/wp\/v2\/product\/2757","targetHints":{"allow":["GET"]}}],"collection":[{"href":"https:\/\/favoritepacking.com\/es\/wp-json\/wp\/v2\/product"}],"about":[{"href":"https:\/\/favoritepacking.com\/es\/wp-json\/wp\/v2\/types\/product"}],"wp:featuredmedia":[{"embeddable":true,"href":"https:\/\/favoritepacking.com\/es\/wp-json\/wp\/v2\/media\/2762"}],"wp:attachment":[{"href":"https:\/\/favoritepacking.com\/es\/wp-json\/wp\/v2\/media?parent=2757"}],"wp:term":[{"taxonomy":"product_cat","embeddable":true,"href":"https:\/\/favoritepacking.com\/es\/wp-json\/wp\/v2\/product_cat?post=2757"},{"taxonomy":"product_tag","embeddable":true,"href":"https:\/\/favoritepacking.com\/es\/wp-json\/wp\/v2\/product_tag?post=2757"}],"curies":[{"name":"wp","href":"https:\/\/api.w.org\/{rel}","templated":true}]}}