{"id":2776,"date":"2026-01-15T02:12:28","date_gmt":"2026-01-15T02:12:28","guid":{"rendered":"https:\/\/favoritepacking.com\/?post_type=product&#038;p=2776"},"modified":"2026-01-15T03:27:44","modified_gmt":"2026-01-15T03:27:44","slug":"caja-de-carton-a-medida","status":"publish","type":"product","link":"https:\/\/favoritepacking.com\/es\/product\/caja-de-carton-a-medida\/","title":{"rendered":"Cajas a medida de alta calidad con logotipo | Paper Box Company"},"content":{"rendered":"<div>\n<h3><em>Proporcionamos cajas profesionales personalizadas con el logotipo de su marca<\/em><\/h3>\n<ul>\n<li>\n<h5>Nuestras cajas de embalaje personalizadas de alta calidad est\u00e1n dise\u00f1adas para proteger y realzar el valor premium de su producto, creando una experiencia visual \u00fanica para sus clientes.<\/h5>\n<\/li>\n<li>\n<h5>Utilizando cart\u00f3n ondulado grueso de primera calidad, nuestras cajas presentan una resistencia superior al plegado y a la compresi\u00f3n. Se someten a numerosas pruebas de simulaci\u00f3n de ca\u00edda y carga para garantizar un mayor \u00edndice de supervivencia de la mercanc\u00eda durante el transporte.<\/h5>\n<\/li>\n<li>\n<h5>La tecnolog\u00eda de impresi\u00f3n de alta definici\u00f3n ofrece una reproducci\u00f3n fiel y detallada de los colores y los motivos. Admitimos la personalizaci\u00f3n a toda p\u00e1gina de logotipos, im\u00e1genes de marca, puntos de venta del producto y mucho m\u00e1s, transformando su envase en una valla publicitaria m\u00f3vil de la marca, mejorando eficazmente el reconocimiento de la marca y la prima del producto.<\/h5>\n<\/li>\n<li>\n<h5>Un equipo de dise\u00f1o profesional le ayuda a dise\u00f1ar para satisfacer con precisi\u00f3n sus necesidades de personalizaci\u00f3n.<\/h5>\n<\/li>\n<li>\n<h5>Proporcionamos un servicio profesional con un r\u00e1pido tiempo de respuesta de 24 horas y una entrega r\u00e1pida, garantizando que su programa no se retrase. Los tama\u00f1os personalizados con precisi\u00f3n eliminan el desperdicio de material y reducen mejor los costes.<\/h5>\n<\/li>\n<\/ul>\n<\/div>\n<div>Fabricadas con precisi\u00f3n en nuestras modernas instalaciones de sala blanca, nuestras cajas de cart\u00f3n ondulado personalizadas ofrecen una calidad y fiabilidad inigualables para todas sus necesidades de embalaje.<\/div>\n<table border=\"1px\">\n<tbody>\n<tr>\n<td><span class=\"attr-name J-attr-name\" title=\"N\u00famero de modelo\" data-spm-anchor-id=\"a2700.details.0.i22.342964939VyW1g\">Nombre<\/span><\/td>\n<td>Caja de cart\u00f3n a medida<\/td>\n<\/tr>\n<tr>\n<td><span class=\"attr-name J-attr-name\" title=\"Material\">Material:<\/span><\/td>\n<td>\u00a0Espesor de papel r\u00edgido: 36pt, 48pt, Papel Kraft, CCNB, C1S Art Paper, Personalizado<\/td>\n<\/tr>\n<tr>\n<td>Dimensiones:<\/td>\n<td>\u00a0Todos los tama\u00f1os y formas personalizados<\/td>\n<\/tr>\n<tr>\n<td>Imprimiendo:<\/td>\n<td><span class=\"info-data\">\u00a0CMYK, Colores Pantone (PMS), Serigraf\u00eda, Impresi\u00f3n offset UV, Sin impresi\u00f3n<br \/>\n<\/span><\/td>\n<\/tr>\n<tr>\n<td>Acabado\uff1a<\/td>\n<td>\u00a0Brillo\/mate, serigraf\u00eda, estampado en oro\/plata, gofrado\/grabado en relieve, textura, UV localizado, UV inundado .<\/td>\n<\/tr>\n<tr>\n<td>Obras de arte:<\/td>\n<td>\u00a0PDF, AI, CDR, PSD, Adobe, Core IDraw, etc.<\/td>\n<\/tr>\n<tr>\n<td><span class=\"attr-name J-attr-name\" title=\"MOQ\">Opciones de accesorios:<\/span><\/td>\n<td>\u00a0L\u00e1mina de PVC o PET, EVA, esponja, terciopelo, asa, im\u00e1n, cinta, pegatinas, etc.<\/td>\n<\/tr>\n<tr>\n<td>Otras opciones:<\/td>\n<td>\u00a0Recortes de ventanas, troquelado, encolado, rayado, perforaci\u00f3n, tinta en relieve.<\/td>\n<\/tr>\n<tr>\n<td><span class=\"attr-name J-attr-name\" title=\"MOQ\">Plazo de entrega de la muestra:<\/span><\/td>\n<td>\u00a03-7 d\u00edas para el muestreo, luego enviados por Express a su puerta<\/td>\n<\/tr>\n<tr>\n<td>Cantidades:<\/td>\n<td>\u00a0100 - 500,000<\/td>\n<\/tr>\n<tr>\n<td>Coste de la muestra\uff1a<\/td>\n<td>\u00a0Muestra gratuita. Muestra personalizada necesita cargo de muestra. El coste del flete estar\u00e1 en su lado.<\/td>\n<\/tr>\n<\/tbody>\n<\/table>\n<h2><\/h2>\n<h3><em>Cajas de correo personalizadas Detalle:<\/em><\/h3>\n<p><img decoding=\"async\" class=\"alignnone size-full wp-image-2779 lazyload\" data-src=\"https:\/\/favoritepacking.com\/wp-content\/uploads\/2026\/01\/26.jpg\" alt=\"Caja de cart\u00f3n a medida\" width=\"750\" height=\"750\" data-srcset=\"https:\/\/favoritepacking.com\/wp-content\/uploads\/2026\/01\/26-12x12.jpg 12w, https:\/\/favoritepacking.com\/wp-content\/uploads\/2026\/01\/26-66x66.jpg 66w, https:\/\/favoritepacking.com\/wp-content\/uploads\/2026\/01\/26-200x200.jpg 200w, https:\/\/favoritepacking.com\/wp-content\/uploads\/2026\/01\/26-300x300.jpg 300w, https:\/\/favoritepacking.com\/wp-content\/uploads\/2026\/01\/26-400x400.jpg 400w, https:\/\/favoritepacking.com\/wp-content\/uploads\/2026\/01\/26-500x500.jpg 500w, https:\/\/favoritepacking.com\/wp-content\/uploads\/2026\/01\/26-600x600.jpg 600w, https:\/\/favoritepacking.com\/wp-content\/uploads\/2026\/01\/26-700x700.jpg 700w, https:\/\/favoritepacking.com\/wp-content\/uploads\/2026\/01\/26.jpg 750w\" data-sizes=\"(max-width: 750px) 100vw, 750px\" src=\"data:image\/gif;base64,R0lGODlhAQABAAAAACH5BAEKAAEALAAAAAABAAEAAAICTAEAOw==\" style=\"--smush-placeholder-width: 750px; --smush-placeholder-aspect-ratio: 750\/750;\" \/><noscript><img decoding=\"async\" class=\"alignnone size-full wp-image-2779\" src=\"https:\/\/favoritepacking.com\/wp-content\/uploads\/2026\/01\/26.jpg\" alt=\"Caja de cart\u00f3n a medida\" width=\"750\" height=\"750\" srcset=\"https:\/\/favoritepacking.com\/wp-content\/uploads\/2026\/01\/26-12x12.jpg 12w, https:\/\/favoritepacking.com\/wp-content\/uploads\/2026\/01\/26-66x66.jpg 66w, https:\/\/favoritepacking.com\/wp-content\/uploads\/2026\/01\/26-200x200.jpg 200w, https:\/\/favoritepacking.com\/wp-content\/uploads\/2026\/01\/26-300x300.jpg 300w, https:\/\/favoritepacking.com\/wp-content\/uploads\/2026\/01\/26-400x400.jpg 400w, https:\/\/favoritepacking.com\/wp-content\/uploads\/2026\/01\/26-500x500.jpg 500w, https:\/\/favoritepacking.com\/wp-content\/uploads\/2026\/01\/26-600x600.jpg 600w, https:\/\/favoritepacking.com\/wp-content\/uploads\/2026\/01\/26-700x700.jpg 700w, https:\/\/favoritepacking.com\/wp-content\/uploads\/2026\/01\/26.jpg 750w\" sizes=\"(max-width: 750px) 100vw, 750px\" \/><\/noscript><img decoding=\"async\" class=\"alignnone size-full wp-image-2778 lazyload\" data-src=\"https:\/\/favoritepacking.com\/wp-content\/uploads\/2026\/01\/25.jpg\" alt=\"\" width=\"750\" height=\"750\" data-srcset=\"https:\/\/favoritepacking.com\/wp-content\/uploads\/2026\/01\/25-12x12.jpg 12w, https:\/\/favoritepacking.com\/wp-content\/uploads\/2026\/01\/25-66x66.jpg 66w, https:\/\/favoritepacking.com\/wp-content\/uploads\/2026\/01\/25-200x200.jpg 200w, https:\/\/favoritepacking.com\/wp-content\/uploads\/2026\/01\/25-300x300.jpg 300w, https:\/\/favoritepacking.com\/wp-content\/uploads\/2026\/01\/25-400x400.jpg 400w, https:\/\/favoritepacking.com\/wp-content\/uploads\/2026\/01\/25-500x500.jpg 500w, https:\/\/favoritepacking.com\/wp-content\/uploads\/2026\/01\/25-600x600.jpg 600w, https:\/\/favoritepacking.com\/wp-content\/uploads\/2026\/01\/25-700x700.jpg 700w, https:\/\/favoritepacking.com\/wp-content\/uploads\/2026\/01\/25.jpg 750w\" data-sizes=\"(max-width: 750px) 100vw, 750px\" src=\"data:image\/gif;base64,R0lGODlhAQABAAAAACH5BAEKAAEALAAAAAABAAEAAAICTAEAOw==\" style=\"--smush-placeholder-width: 750px; --smush-placeholder-aspect-ratio: 750\/750;\" \/><noscript><img decoding=\"async\" class=\"alignnone size-full wp-image-2778\" src=\"https:\/\/favoritepacking.com\/wp-content\/uploads\/2026\/01\/25.jpg\" alt=\"\" width=\"750\" height=\"750\" srcset=\"https:\/\/favoritepacking.com\/wp-content\/uploads\/2026\/01\/25-12x12.jpg 12w, https:\/\/favoritepacking.com\/wp-content\/uploads\/2026\/01\/25-66x66.jpg 66w, https:\/\/favoritepacking.com\/wp-content\/uploads\/2026\/01\/25-200x200.jpg 200w, https:\/\/favoritepacking.com\/wp-content\/uploads\/2026\/01\/25-300x300.jpg 300w, https:\/\/favoritepacking.com\/wp-content\/uploads\/2026\/01\/25-400x400.jpg 400w, https:\/\/favoritepacking.com\/wp-content\/uploads\/2026\/01\/25-500x500.jpg 500w, https:\/\/favoritepacking.com\/wp-content\/uploads\/2026\/01\/25-600x600.jpg 600w, https:\/\/favoritepacking.com\/wp-content\/uploads\/2026\/01\/25-700x700.jpg 700w, https:\/\/favoritepacking.com\/wp-content\/uploads\/2026\/01\/25.jpg 750w\" sizes=\"(max-width: 750px) 100vw, 750px\" \/><\/noscript><\/p>\n<h3><em><span style=\"font-size: 18pt;\"><strong>Por qu\u00e9 elegir Favorite Packing b<\/strong><strong>carecen de buzones:<\/strong><\/span><\/em><\/h3>\n<ol>\n<li>\n<div data-slate-node=\"element\"><strong>Garant\u00eda de calidad:<\/strong>\u00a0Cada caja de papel se somete a una rigurosa inspecci\u00f3n de calidad 100% para garantizar que s\u00f3lo los mejores productos llegan a nuestros clientes. Somos conscientes de la importancia de un embalaje impecable para preservar la integridad de sus productos, y nuestro compromiso con la calidad se refleja en cada caja que producimos.<\/div>\n<\/li>\n<li>\n<div data-slate-node=\"element\"><span data-slate-node=\"text\"><span class=\"null\" data-slate-leaf=\"true\" data-sent-id=\"ae2XRWO3pz\"><strong>Soluci\u00f3n integral:<\/strong>\u00a0Desde el dise\u00f1o del producto hasta la producci\u00f3n y el envasado, ofrecemos servicios integrales de ventanilla \u00fanica para agilizar su proceso de envasado.\u00a0<\/span><\/span><span data-slate-node=\"text\"><span class=\"null\" data-slate-leaf=\"true\" data-sent-id=\"3eEGYd8jDz\">Nuestro equipo de profesionales experimentados trabaja en estrecha colaboraci\u00f3n con usted para crear soluciones de envasado personalizadas que se ajusten perfectamente a la identidad de su marca y a los requisitos de sus productos.<\/span><\/span><\/div>\n<\/li>\n<li>\n<div data-slate-node=\"element\"><span data-slate-node=\"text\"><span class=\"null\" data-slate-leaf=\"true\" data-sent-id=\"JV00Mb3X1V\"><strong>Aplicaciones vers\u00e1tiles:<\/strong>\u00a0Nuestras cajas de embalaje de papel son adecuadas para una amplia gama de productos, como cosm\u00e9ticos, productos electr\u00f3nicos, alimentos, regalos, etc.\u00a0<\/span><\/span><span data-slate-node=\"text\"><span class=\"null\" data-slate-leaf=\"true\" data-sent-id=\"4eJJ2Nnm4e\">Tanto si necesita cajas resistentes para env\u00edos como elegantes embalajes para expositores comerciales, tenemos la soluci\u00f3n perfecta para satisfacer sus necesidades.<\/span><\/span><\/div>\n<\/li>\n<li>\n<div data-slate-node=\"element\"><span data-slate-node=\"text\"><span class=\"null\" data-slate-leaf=\"true\" data-sent-id=\"8exDLKo4ae\"><strong>Respetuoso con el medio ambiente:<\/strong>\u00a0Damos prioridad a la sostenibilidad en nuestro proceso de fabricaci\u00f3n utilizando materiales ecol\u00f3gicos y minimizando los residuos.\u00a0<\/span><\/span><span data-slate-node=\"text\"><span class=\"null\" data-slate-leaf=\"true\" data-sent-id=\"Ke35M13wEz\">Nuestras cajas de papel son reciclables y biodegradables, lo que le ayuda a reducir su huella medioambiental al tiempo que muestra su compromiso con la sostenibilidad.<\/span><\/span><\/div>\n<\/li>\n<\/ol>\n<div id=\"attachment_1445\" style=\"width: 1110px\" class=\"wp-caption alignnone\"><img decoding=\"async\" aria-describedby=\"caption-attachment-1445\" class=\"wp-image-1445 size-full lazyload\" data-src=\"https:\/\/favoritepacking.com\/wp-content\/uploads\/2024\/04\/HH9.jpg\" alt=\"Diagrama explicativo\" width=\"1100\" height=\"725\" data-srcset=\"https:\/\/favoritepacking.com\/wp-content\/uploads\/2024\/04\/HH9-200x132.jpg 200w, https:\/\/favoritepacking.com\/wp-content\/uploads\/2024\/04\/HH9-300x198.jpg 300w, https:\/\/favoritepacking.com\/wp-content\/uploads\/2024\/04\/HH9-400x264.jpg 400w, https:\/\/favoritepacking.com\/wp-content\/uploads\/2024\/04\/HH9-500x330.jpg 500w, https:\/\/favoritepacking.com\/wp-content\/uploads\/2024\/04\/HH9-600x395.jpg 600w, https:\/\/favoritepacking.com\/wp-content\/uploads\/2024\/04\/HH9-700x461.jpg 700w, https:\/\/favoritepacking.com\/wp-content\/uploads\/2024\/04\/HH9-768x506.jpg 768w, https:\/\/favoritepacking.com\/wp-content\/uploads\/2024\/04\/HH9-800x527.jpg 800w, https:\/\/favoritepacking.com\/wp-content\/uploads\/2024\/04\/HH9-1024x675.jpg 1024w, https:\/\/favoritepacking.com\/wp-content\/uploads\/2024\/04\/HH9.jpg 1100w\" data-sizes=\"(max-width: 1100px) 100vw, 1100px\" src=\"data:image\/gif;base64,R0lGODlhAQABAAAAACH5BAEKAAEALAAAAAABAAEAAAICTAEAOw==\" style=\"--smush-placeholder-width: 1100px; --smush-placeholder-aspect-ratio: 1100\/725;\" \/><noscript><img decoding=\"async\" aria-describedby=\"caption-attachment-1445\" class=\"wp-image-1445 size-full\" src=\"https:\/\/favoritepacking.com\/wp-content\/uploads\/2024\/04\/HH9.jpg\" alt=\"Diagrama explicativo\" width=\"1100\" height=\"725\" srcset=\"https:\/\/favoritepacking.com\/wp-content\/uploads\/2024\/04\/HH9-200x132.jpg 200w, https:\/\/favoritepacking.com\/wp-content\/uploads\/2024\/04\/HH9-300x198.jpg 300w, https:\/\/favoritepacking.com\/wp-content\/uploads\/2024\/04\/HH9-400x264.jpg 400w, https:\/\/favoritepacking.com\/wp-content\/uploads\/2024\/04\/HH9-500x330.jpg 500w, https:\/\/favoritepacking.com\/wp-content\/uploads\/2024\/04\/HH9-600x395.jpg 600w, https:\/\/favoritepacking.com\/wp-content\/uploads\/2024\/04\/HH9-700x461.jpg 700w, https:\/\/favoritepacking.com\/wp-content\/uploads\/2024\/04\/HH9-768x506.jpg 768w, https:\/\/favoritepacking.com\/wp-content\/uploads\/2024\/04\/HH9-800x527.jpg 800w, https:\/\/favoritepacking.com\/wp-content\/uploads\/2024\/04\/HH9-1024x675.jpg 1024w, https:\/\/favoritepacking.com\/wp-content\/uploads\/2024\/04\/HH9.jpg 1100w\" sizes=\"(max-width: 1100px) 100vw, 1100px\" \/><\/noscript><p id=\"caption-attachment-1445\" class=\"wp-caption-text\">Los trabajadores del taller de impresi\u00f3n comprueban cuidadosamente las planchas y los colores.<\/p><\/div>\n<h3><em>P\u00f3ngase en contacto hoy mismo con los mejores fabricantes de cajas a medida\uff01.<\/em><\/h3>","protected":false},"excerpt":{"rendered":"<p>Nuestras creativas cajas r\u00edgidas est\u00e1n dise\u00f1adas para proteger y presentar sus productos creando una experiencia visual y t\u00e1ctil \u00fanica para sus clientes.<\/p>","protected":false},"featured_media":2778,"template":"","meta":{"content-type":""},"product_cat":[61],"product_tag":[],"class_list":{"0":"post-2776","1":"product","2":"type-product","3":"status-publish","4":"has-post-thumbnail","6":"product_cat-rigid-boxes","8":"first","9":"instock","10":"shipping-taxable","11":"product-type-simple"},"yoast_head":"<!-- This site is optimized with the Yoast SEO Premium plugin v21.9 (Yoast SEO v23.4) - https:\/\/yoast.com\/wordpress\/plugins\/seo\/ -->\n<title>High Quality Custom Made Boxes with Logo | Paper Box Company - Professional Packaging Box Manufacturer<\/title>\n<meta name=\"description\" content=\"Our custom boxes are designed to provide solutions, creating a unique visual tactile experience for your customers.\" \/>\n<meta name=\"robots\" content=\"index, follow, max-snippet:-1, max-image-preview:large, max-video-preview:-1\" \/>\n<link rel=\"canonical\" href=\"https:\/\/favoritepacking.com\/es\/product\/caja-de-carton-a-medida\/\" \/>\n<meta property=\"og:locale\" content=\"es_ES\" \/>\n<meta property=\"og:type\" content=\"article\" \/>\n<meta property=\"og:title\" content=\"High Quality Custom Made Boxes with Logo | Paper Box Company\" \/>\n<meta property=\"og:description\" content=\"Our custom boxes are designed to provide solutions, creating a unique visual tactile experience for your customers.\" \/>\n<meta property=\"og:url\" content=\"https:\/\/favoritepacking.com\/es\/product\/caja-de-carton-a-medida\/\" \/>\n<meta property=\"og:site_name\" content=\"Professional Packaging Box Manufacturer\" \/>\n<meta property=\"article:modified_time\" content=\"2026-01-15T03:27:44+00:00\" \/>\n<meta property=\"og:image\" content=\"https:\/\/favoritepacking.com\/wp-content\/uploads\/2026\/01\/25.jpg\" \/>\n\t<meta property=\"og:image:width\" content=\"750\" \/>\n\t<meta property=\"og:image:height\" content=\"750\" \/>\n\t<meta property=\"og:image:type\" content=\"image\/jpeg\" \/>\n<meta name=\"twitter:card\" content=\"summary_large_image\" \/>\n<meta name=\"twitter:label1\" content=\"Precio\" \/>\n\t<meta name=\"twitter:data1\" content=\"\" \/>\n\t<meta name=\"twitter:label2\" content=\"Disponibilidad\" \/>\n\t<meta name=\"twitter:data2\" content=\"Disponible\" \/>\n<script type=\"application\/ld+json\" class=\"yoast-schema-graph\">{\"@context\":\"https:\/\/schema.org\",\"@graph\":[{\"@type\":\"WebPage\",\"@id\":\"https:\/\/favoritepacking.com\/product\/custom-made-carton-box\/\",\"url\":\"https:\/\/favoritepacking.com\/product\/custom-made-carton-box\/\",\"name\":\"High Quality Custom Made Boxes with Logo | Paper Box Company - Professional Packaging Box Manufacturer\",\"isPartOf\":{\"@id\":\"https:\/\/favoritepacking.com\/#website\"},\"primaryImageOfPage\":{\"@id\":\"https:\/\/favoritepacking.com\/product\/custom-made-carton-box\/#primaryimage\"},\"image\":{\"@id\":\"https:\/\/favoritepacking.com\/product\/custom-made-carton-box\/#primaryimage\"},\"thumbnailUrl\":\"https:\/\/favoritepacking.com\/wp-content\/uploads\/2026\/01\/25.jpg\",\"datePublished\":\"2026-01-15T02:12:28+00:00\",\"dateModified\":\"2026-01-15T03:27:44+00:00\",\"description\":\"Our custom boxes are designed to provide solutions, creating a unique visual tactile experience for your customers.\",\"breadcrumb\":{\"@id\":\"https:\/\/favoritepacking.com\/product\/custom-made-carton-box\/#breadcrumb\"},\"inLanguage\":\"es\",\"potentialAction\":[{\"@type\":\"ReadAction\",\"target\":[\"https:\/\/favoritepacking.com\/product\/custom-made-carton-box\/\"]}]},{\"@type\":\"ImageObject\",\"inLanguage\":\"es\",\"@id\":\"https:\/\/favoritepacking.com\/product\/custom-made-carton-box\/#primaryimage\",\"url\":\"https:\/\/favoritepacking.com\/wp-content\/uploads\/2026\/01\/25.jpg\",\"contentUrl\":\"https:\/\/favoritepacking.com\/wp-content\/uploads\/2026\/01\/25.jpg\",\"width\":750,\"height\":750},{\"@type\":\"BreadcrumbList\",\"@id\":\"https:\/\/favoritepacking.com\/product\/custom-made-carton-box\/#breadcrumb\",\"itemListElement\":[{\"@type\":\"ListItem\",\"position\":1,\"name\":\"Home\",\"item\":\"https:\/\/favoritepacking.com\/\"},{\"@type\":\"ListItem\",\"position\":2,\"name\":\"PRODUCTS\",\"item\":\"https:\/\/favoritepacking.com\/products\/\"},{\"@type\":\"ListItem\",\"position\":3,\"name\":\"High Quality Custom Made Boxes with Logo | Paper Box Company\"}]},{\"@type\":\"WebSite\",\"@id\":\"https:\/\/favoritepacking.com\/#website\",\"url\":\"https:\/\/favoritepacking.com\/\",\"name\":\"Favorite Packing\",\"description\":\"Favorite Packing\",\"publisher\":{\"@id\":\"https:\/\/favoritepacking.com\/#organization\"},\"potentialAction\":[{\"@type\":\"SearchAction\",\"target\":{\"@type\":\"EntryPoint\",\"urlTemplate\":\"https:\/\/favoritepacking.com\/?s={search_term_string}\"},\"query-input\":{\"@type\":\"PropertyValueSpecification\",\"valueRequired\":true,\"valueName\":\"search_term_string\"}}],\"inLanguage\":\"es\"},{\"@type\":\"Organization\",\"@id\":\"https:\/\/favoritepacking.com\/#organization\",\"name\":\"favorite packing\",\"url\":\"https:\/\/favoritepacking.com\/\",\"logo\":{\"@type\":\"ImageObject\",\"inLanguage\":\"es\",\"@id\":\"https:\/\/favoritepacking.com\/#\/schema\/logo\/image\/\",\"url\":\"https:\/\/favoritepacking.com\/wp-content\/uploads\/2024\/12\/favoritepackingLOGO.png\",\"contentUrl\":\"https:\/\/favoritepacking.com\/wp-content\/uploads\/2024\/12\/favoritepackingLOGO.png\",\"width\":167,\"height\":129,\"caption\":\"favorite packing\"},\"image\":{\"@id\":\"https:\/\/favoritepacking.com\/#\/schema\/logo\/image\/\"}}]}<\/script>\n<meta property=\"product:price:amount\" content=\"0.00\" \/>\n<meta property=\"product:price:currency\" content=\"USD\" \/>\n<meta property=\"og:availability\" content=\"instock\" \/>\n<meta property=\"product:availability\" content=\"instock\" \/>\n<meta property=\"product:condition\" content=\"new\" \/>\n<!-- \/ Yoast SEO Premium plugin. -->","yoast_head_json":{"title":"Cajas a medida de alta calidad con logotipo | Paper Box Company - Fabricante profesional de cajas de embalaje","description":"Nuestras cajas personalizadas est\u00e1n dise\u00f1adas para ofrecer soluciones, creando una experiencia t\u00e1ctil visual \u00fanica para sus clientes.","robots":{"index":"index","follow":"follow","max-snippet":"max-snippet:-1","max-image-preview":"max-image-preview:large","max-video-preview":"max-video-preview:-1"},"canonical":"https:\/\/favoritepacking.com\/es\/product\/caja-de-carton-a-medida\/","og_locale":"es_ES","og_type":"article","og_title":"High Quality Custom Made Boxes with Logo | Paper Box Company","og_description":"Our custom boxes are designed to provide solutions, creating a unique visual tactile experience for your customers.","og_url":"https:\/\/favoritepacking.com\/es\/product\/caja-de-carton-a-medida\/","og_site_name":"Professional Packaging Box Manufacturer","article_modified_time":"2026-01-15T03:27:44+00:00","og_image":[{"width":750,"height":750,"url":"https:\/\/favoritepacking.com\/wp-content\/uploads\/2026\/01\/25.jpg","type":"image\/jpeg"}],"twitter_card":"summary_large_image","twitter_misc":{"Precio":"","Disponibilidad":"Disponible"},"schema":{"@context":"https:\/\/schema.org","@graph":[{"@type":"WebPage","@id":"https:\/\/favoritepacking.com\/product\/custom-made-carton-box\/","url":"https:\/\/favoritepacking.com\/product\/custom-made-carton-box\/","name":"Cajas a medida de alta calidad con logotipo | Paper Box Company - Fabricante profesional de cajas de embalaje","isPartOf":{"@id":"https:\/\/favoritepacking.com\/#website"},"primaryImageOfPage":{"@id":"https:\/\/favoritepacking.com\/product\/custom-made-carton-box\/#primaryimage"},"image":{"@id":"https:\/\/favoritepacking.com\/product\/custom-made-carton-box\/#primaryimage"},"thumbnailUrl":"https:\/\/favoritepacking.com\/wp-content\/uploads\/2026\/01\/25.jpg","datePublished":"2026-01-15T02:12:28+00:00","dateModified":"2026-01-15T03:27:44+00:00","description":"Nuestras cajas personalizadas est\u00e1n dise\u00f1adas para ofrecer soluciones, creando una experiencia t\u00e1ctil visual \u00fanica para sus clientes.","breadcrumb":{"@id":"https:\/\/favoritepacking.com\/product\/custom-made-carton-box\/#breadcrumb"},"inLanguage":"es","potentialAction":[{"@type":"ReadAction","target":["https:\/\/favoritepacking.com\/product\/custom-made-carton-box\/"]}]},{"@type":"ImageObject","inLanguage":"es","@id":"https:\/\/favoritepacking.com\/product\/custom-made-carton-box\/#primaryimage","url":"https:\/\/favoritepacking.com\/wp-content\/uploads\/2026\/01\/25.jpg","contentUrl":"https:\/\/favoritepacking.com\/wp-content\/uploads\/2026\/01\/25.jpg","width":750,"height":750},{"@type":"BreadcrumbList","@id":"https:\/\/favoritepacking.com\/product\/custom-made-carton-box\/#breadcrumb","itemListElement":[{"@type":"ListItem","position":1,"name":"Home","item":"https:\/\/favoritepacking.com\/"},{"@type":"ListItem","position":2,"name":"PRODUCTS","item":"https:\/\/favoritepacking.com\/products\/"},{"@type":"ListItem","position":3,"name":"High Quality Custom Made Boxes with Logo | Paper Box Company"}]},{"@type":"WebSite","@id":"https:\/\/favoritepacking.com\/#website","url":"https:\/\/favoritepacking.com\/","name":"Embalaje favorito","description":"Embalaje favorito","publisher":{"@id":"https:\/\/favoritepacking.com\/#organization"},"potentialAction":[{"@type":"SearchAction","target":{"@type":"EntryPoint","urlTemplate":"https:\/\/favoritepacking.com\/?s={search_term_string}"},"query-input":{"@type":"PropertyValueSpecification","valueRequired":true,"valueName":"search_term_string"}}],"inLanguage":"es"},{"@type":"Organization","@id":"https:\/\/favoritepacking.com\/#organization","name":"embalaje favorito","url":"https:\/\/favoritepacking.com\/","logo":{"@type":"ImageObject","inLanguage":"es","@id":"https:\/\/favoritepacking.com\/#\/schema\/logo\/image\/","url":"https:\/\/favoritepacking.com\/wp-content\/uploads\/2024\/12\/favoritepackingLOGO.png","contentUrl":"https:\/\/favoritepacking.com\/wp-content\/uploads\/2024\/12\/favoritepackingLOGO.png","width":167,"height":129,"caption":"favorite packing"},"image":{"@id":"https:\/\/favoritepacking.com\/#\/schema\/logo\/image\/"}}]},"product_price_amount":"0.00","product_price_currency":"USD","og_availability":"instock","product_availability":"instock","product_condition":"new"},"_links":{"self":[{"href":"https:\/\/favoritepacking.com\/es\/wp-json\/wp\/v2\/product\/2776","targetHints":{"allow":["GET"]}}],"collection":[{"href":"https:\/\/favoritepacking.com\/es\/wp-json\/wp\/v2\/product"}],"about":[{"href":"https:\/\/favoritepacking.com\/es\/wp-json\/wp\/v2\/types\/product"}],"wp:featuredmedia":[{"embeddable":true,"href":"https:\/\/favoritepacking.com\/es\/wp-json\/wp\/v2\/media\/2778"}],"wp:attachment":[{"href":"https:\/\/favoritepacking.com\/es\/wp-json\/wp\/v2\/media?parent=2776"}],"wp:term":[{"taxonomy":"product_cat","embeddable":true,"href":"https:\/\/favoritepacking.com\/es\/wp-json\/wp\/v2\/product_cat?post=2776"},{"taxonomy":"product_tag","embeddable":true,"href":"https:\/\/favoritepacking.com\/es\/wp-json\/wp\/v2\/product_tag?post=2776"}],"curies":[{"name":"wp","href":"https:\/\/api.w.org\/{rel}","templated":true}]}}