{"id":2883,"date":"2026-04-22T03:28:47","date_gmt":"2026-04-22T03:28:47","guid":{"rendered":"https:\/\/favoritepacking.com\/?post_type=product&#038;p=2883"},"modified":"2026-04-22T03:30:57","modified_gmt":"2026-04-22T03:30:57","slug":"custom-printed-packaging-boxes","status":"publish","type":"product","link":"https:\/\/favoritepacking.com\/es\/product\/custom-printed-packaging-boxes\/","title":{"rendered":"Soluciones de embalaje | Dise\u00f1e cajas de embalaje de papel con su logotipo y marca"},"content":{"rendered":"<h1><em>\u00bfPor qu\u00e9 somos el proveedor perfecto de cajas personalizadas al por mayor?<\/em><\/h1>\n<ul>\n<li class=\"id-text-[#222] id-font-inter id-text-lg id-font-medium id-font-normal id-flex id-font-medium\" data-testid=\"product-detail-text-sort\"><span class=\"id-ml-2 id-whitespace-pre-line\" data-spm-anchor-id=\"a2700.details.0.i103.78de39ea9HyYTX\">\u30108 Tipos de Impresi\u00f3n\u3011Nuestra impresi\u00f3n tiene Impresi\u00f3n a Color, Serigraf\u00eda, Transferencia T\u00e9rmica, Offset, Impresi\u00f3n Litogr\u00e1fica, Transferencia de Agua, Impresi\u00f3n Digital, Huecograbado.<\/span><\/li>\n<li class=\"id-text-[#222] id-font-inter id-text-lg id-font-medium id-font-normal id-flex id-font-medium\" data-testid=\"product-detail-text-sort\">\n<div class=\"id-w-1 id-h-1 id-rounded-full id-bg-[#000000D9] id-flex-shrink-0 id-flex-grow-0 id-mt-[8px]\">\u301010 Opciones de proceso\u3011Acabado de superficie tienen laminado brillante, barnizado mate, laminado mate, estampado en relieve, estampado en caliente (plata, oro u otros colores), laminado mate\/brillante, estampado en caliente oro\/plata\/cobre, recubrimiento UV, esfumado, pulido.<\/div>\n<\/li>\n<li class=\"id-text-[#222] id-font-inter id-text-lg id-font-medium id-font-normal id-flex id-font-medium\" data-testid=\"product-detail-text-sort\">\n<div class=\"id-w-1 id-h-1 id-rounded-full id-bg-[#000000D9] id-flex-shrink-0 id-flex-grow-0 id-mt-[8px]\">\u301011 Opciones de papel\u3011Tenemos papel de tarjeta blanco C1S, papel art\u00edstico C2S, cart\u00f3n d\u00faplex, papel corrugado, papel kraft marr\u00f3n, papel kraft blanco, papel de tarjeta negro, papel offset, papel especial, papel de tarjeta dorado, papel de tarjeta plateado disponibles para personalizar.<\/div>\n<\/li>\n<li class=\"id-text-[#222] id-font-inter id-text-lg id-font-medium id-font-normal id-flex id-font-medium\" data-testid=\"product-detail-text-sort\">\n<div class=\"id-w-1 id-h-1 id-rounded-full id-bg-[#000000D9] id-flex-shrink-0 id-flex-grow-0 id-mt-[8px]\">El grosor del papel puede personalizarse seg\u00fan sus necesidades, o bien podemos ofrecerle asesoramiento profesional en funci\u00f3n de los productos que desee envasar.<\/div>\n<\/li>\n<li class=\"id-text-[#222] id-font-inter id-text-lg id-font-medium id-font-normal id-flex id-font-medium\" data-testid=\"product-detail-text-sort\" data-spm-anchor-id=\"a2700.details.0.i112.78de39ea9HyYTX\">\n<div class=\"id-w-1 id-h-1 id-rounded-full id-bg-[#000000D9] id-flex-shrink-0 id-flex-grow-0 id-mt-[8px]\">El papel es grueso, respetuoso con el medio ambiente e inodoro.<\/div>\n<\/li>\n<\/ul>\n<p><img decoding=\"async\" class=\"alignnone wp-image-2884 lazyload\" data-src=\"https:\/\/favoritepacking.com\/wp-content\/uploads\/2026\/04\/25.jpg\" alt=\"\" width=\"887\" height=\"887\" data-srcset=\"https:\/\/favoritepacking.com\/wp-content\/uploads\/2026\/04\/25-12x12.jpg 12w, https:\/\/favoritepacking.com\/wp-content\/uploads\/2026\/04\/25-66x66.jpg 66w, https:\/\/favoritepacking.com\/wp-content\/uploads\/2026\/04\/25-200x200.jpg 200w, https:\/\/favoritepacking.com\/wp-content\/uploads\/2026\/04\/25-300x300.jpg 300w, https:\/\/favoritepacking.com\/wp-content\/uploads\/2026\/04\/25-400x400.jpg 400w, https:\/\/favoritepacking.com\/wp-content\/uploads\/2026\/04\/25-500x500.jpg 500w, https:\/\/favoritepacking.com\/wp-content\/uploads\/2026\/04\/25-600x600.jpg 600w, https:\/\/favoritepacking.com\/wp-content\/uploads\/2026\/04\/25-700x700.jpg 700w, https:\/\/favoritepacking.com\/wp-content\/uploads\/2026\/04\/25.jpg 750w\" data-sizes=\"(max-width: 887px) 100vw, 887px\" src=\"data:image\/gif;base64,R0lGODlhAQABAAAAACH5BAEKAAEALAAAAAABAAEAAAICTAEAOw==\" style=\"--smush-placeholder-width: 887px; --smush-placeholder-aspect-ratio: 887\/887;\" \/><noscript><img decoding=\"async\" class=\"alignnone wp-image-2884\" src=\"https:\/\/favoritepacking.com\/wp-content\/uploads\/2026\/04\/25.jpg\" alt=\"\" width=\"887\" height=\"887\" srcset=\"https:\/\/favoritepacking.com\/wp-content\/uploads\/2026\/04\/25-12x12.jpg 12w, https:\/\/favoritepacking.com\/wp-content\/uploads\/2026\/04\/25-66x66.jpg 66w, https:\/\/favoritepacking.com\/wp-content\/uploads\/2026\/04\/25-200x200.jpg 200w, https:\/\/favoritepacking.com\/wp-content\/uploads\/2026\/04\/25-300x300.jpg 300w, https:\/\/favoritepacking.com\/wp-content\/uploads\/2026\/04\/25-400x400.jpg 400w, https:\/\/favoritepacking.com\/wp-content\/uploads\/2026\/04\/25-500x500.jpg 500w, https:\/\/favoritepacking.com\/wp-content\/uploads\/2026\/04\/25-600x600.jpg 600w, https:\/\/favoritepacking.com\/wp-content\/uploads\/2026\/04\/25-700x700.jpg 700w, https:\/\/favoritepacking.com\/wp-content\/uploads\/2026\/04\/25.jpg 750w\" sizes=\"(max-width: 887px) 100vw, 887px\" \/><\/noscript> \u00a0<img decoding=\"async\" class=\"alignnone wp-image-2886 lazyload\" data-src=\"https:\/\/favoritepacking.com\/wp-content\/uploads\/2026\/04\/24.jpg\" alt=\"\" width=\"967\" height=\"967\" data-srcset=\"https:\/\/favoritepacking.com\/wp-content\/uploads\/2026\/04\/24-12x12.jpg 12w, https:\/\/favoritepacking.com\/wp-content\/uploads\/2026\/04\/24-66x66.jpg 66w, https:\/\/favoritepacking.com\/wp-content\/uploads\/2026\/04\/24-200x200.jpg 200w, https:\/\/favoritepacking.com\/wp-content\/uploads\/2026\/04\/24-300x300.jpg 300w, https:\/\/favoritepacking.com\/wp-content\/uploads\/2026\/04\/24-400x400.jpg 400w, https:\/\/favoritepacking.com\/wp-content\/uploads\/2026\/04\/24-500x500.jpg 500w, https:\/\/favoritepacking.com\/wp-content\/uploads\/2026\/04\/24-600x600.jpg 600w, https:\/\/favoritepacking.com\/wp-content\/uploads\/2026\/04\/24-700x700.jpg 700w, https:\/\/favoritepacking.com\/wp-content\/uploads\/2026\/04\/24.jpg 750w\" data-sizes=\"(max-width: 967px) 100vw, 967px\" src=\"data:image\/gif;base64,R0lGODlhAQABAAAAACH5BAEKAAEALAAAAAABAAEAAAICTAEAOw==\" style=\"--smush-placeholder-width: 967px; --smush-placeholder-aspect-ratio: 967\/967;\" \/><noscript><img decoding=\"async\" class=\"alignnone wp-image-2886\" src=\"https:\/\/favoritepacking.com\/wp-content\/uploads\/2026\/04\/24.jpg\" alt=\"\" width=\"967\" height=\"967\" srcset=\"https:\/\/favoritepacking.com\/wp-content\/uploads\/2026\/04\/24-12x12.jpg 12w, https:\/\/favoritepacking.com\/wp-content\/uploads\/2026\/04\/24-66x66.jpg 66w, https:\/\/favoritepacking.com\/wp-content\/uploads\/2026\/04\/24-200x200.jpg 200w, https:\/\/favoritepacking.com\/wp-content\/uploads\/2026\/04\/24-300x300.jpg 300w, https:\/\/favoritepacking.com\/wp-content\/uploads\/2026\/04\/24-400x400.jpg 400w, https:\/\/favoritepacking.com\/wp-content\/uploads\/2026\/04\/24-500x500.jpg 500w, https:\/\/favoritepacking.com\/wp-content\/uploads\/2026\/04\/24-600x600.jpg 600w, https:\/\/favoritepacking.com\/wp-content\/uploads\/2026\/04\/24-700x700.jpg 700w, https:\/\/favoritepacking.com\/wp-content\/uploads\/2026\/04\/24.jpg 750w\" sizes=\"(max-width: 967px) 100vw, 967px\" \/><\/noscript><img decoding=\"async\" class=\"alignnone wp-image-2885 lazyload\" data-src=\"https:\/\/favoritepacking.com\/wp-content\/uploads\/2026\/04\/23.jpg\" alt=\"\" width=\"930\" height=\"930\" data-srcset=\"https:\/\/favoritepacking.com\/wp-content\/uploads\/2026\/04\/23-12x12.jpg 12w, https:\/\/favoritepacking.com\/wp-content\/uploads\/2026\/04\/23-66x66.jpg 66w, https:\/\/favoritepacking.com\/wp-content\/uploads\/2026\/04\/23-200x200.jpg 200w, https:\/\/favoritepacking.com\/wp-content\/uploads\/2026\/04\/23-300x300.jpg 300w, https:\/\/favoritepacking.com\/wp-content\/uploads\/2026\/04\/23-400x400.jpg 400w, https:\/\/favoritepacking.com\/wp-content\/uploads\/2026\/04\/23-500x500.jpg 500w, https:\/\/favoritepacking.com\/wp-content\/uploads\/2026\/04\/23-600x600.jpg 600w, https:\/\/favoritepacking.com\/wp-content\/uploads\/2026\/04\/23-700x700.jpg 700w, https:\/\/favoritepacking.com\/wp-content\/uploads\/2026\/04\/23.jpg 750w\" data-sizes=\"(max-width: 930px) 100vw, 930px\" src=\"data:image\/gif;base64,R0lGODlhAQABAAAAACH5BAEKAAEALAAAAAABAAEAAAICTAEAOw==\" style=\"--smush-placeholder-width: 930px; --smush-placeholder-aspect-ratio: 930\/930;\" \/><noscript><img decoding=\"async\" class=\"alignnone wp-image-2885\" src=\"https:\/\/favoritepacking.com\/wp-content\/uploads\/2026\/04\/23.jpg\" alt=\"\" width=\"930\" height=\"930\" srcset=\"https:\/\/favoritepacking.com\/wp-content\/uploads\/2026\/04\/23-12x12.jpg 12w, https:\/\/favoritepacking.com\/wp-content\/uploads\/2026\/04\/23-66x66.jpg 66w, https:\/\/favoritepacking.com\/wp-content\/uploads\/2026\/04\/23-200x200.jpg 200w, https:\/\/favoritepacking.com\/wp-content\/uploads\/2026\/04\/23-300x300.jpg 300w, https:\/\/favoritepacking.com\/wp-content\/uploads\/2026\/04\/23-400x400.jpg 400w, https:\/\/favoritepacking.com\/wp-content\/uploads\/2026\/04\/23-500x500.jpg 500w, https:\/\/favoritepacking.com\/wp-content\/uploads\/2026\/04\/23-600x600.jpg 600w, https:\/\/favoritepacking.com\/wp-content\/uploads\/2026\/04\/23-700x700.jpg 700w, https:\/\/favoritepacking.com\/wp-content\/uploads\/2026\/04\/23.jpg 750w\" sizes=\"(max-width: 930px) 100vw, 930px\" \/><\/noscript><\/p>\n<p>&nbsp;<\/p>\n<h1><em>Promesa de caja de embalaje personalizada:<\/em><\/h1>\n<ul>\n<li><em><strong>Garant\u00eda de calidad:<\/strong>\u00a0\u00a0<\/em>Cada caja de papel se somete a una rigurosa inspecci\u00f3n de calidad 100% para garantizar que s\u00f3lo los mejores productos llegan a nuestros clientes. Somos conscientes de la importancia de un embalaje impecable para preservar la integridad de sus productos, y nuestro compromiso con la calidad se refleja en cada caja que producimos.<\/li>\n<li><em><strong>Soluci\u00f3n integral:<\/strong>\u00a0\u00a0<\/em>Desde el dise\u00f1o del producto hasta la producci\u00f3n y el envasado, ofrecemos servicios integrales para agilizar su proceso de envasado. Nuestro equipo de profesionales experimentados colabora estrechamente con usted para crear soluciones de envasado personalizadas que se ajusten perfectamente a la identidad de su marca y a los requisitos de sus productos.<\/li>\n<li><em><strong>Aplicaciones vers\u00e1tiles:<\/strong>\u00a0\u00a0<\/em>Nuestras cajas de embalaje de papel son adecuadas para una amplia gama de productos, como cosm\u00e9ticos, productos electr\u00f3nicos, alimentos, regalos y mucho m\u00e1s. Tanto si necesita cajas resistentes para env\u00edos como elegantes embalajes para expositores minoristas, tenemos la soluci\u00f3n perfecta para satisfacer sus necesidades.<\/li>\n<li><em><strong>Respetuoso con el medio ambiente:<\/strong>\u00a0\u00a0<\/em>Damos prioridad a la sostenibilidad en nuestro proceso de fabricaci\u00f3n utilizando materiales ecol\u00f3gicos y minimizando los residuos. Nuestras cajas de papel son reciclables y biodegradables, lo que le ayuda a reducir su huella medioambiental al tiempo que muestra su compromiso con la sostenibilidad.<\/li>\n<\/ul>\n<p><img decoding=\"async\" class=\"alignnone size-full wp-image-1445 lazyload\" data-src=\"https:\/\/favoritepacking.com\/wp-content\/uploads\/2024\/04\/HH9.jpg\" alt=\"\" width=\"1100\" height=\"725\" data-srcset=\"https:\/\/favoritepacking.com\/wp-content\/uploads\/2024\/04\/HH9-200x132.jpg 200w, https:\/\/favoritepacking.com\/wp-content\/uploads\/2024\/04\/HH9-300x198.jpg 300w, https:\/\/favoritepacking.com\/wp-content\/uploads\/2024\/04\/HH9-400x264.jpg 400w, https:\/\/favoritepacking.com\/wp-content\/uploads\/2024\/04\/HH9-500x330.jpg 500w, https:\/\/favoritepacking.com\/wp-content\/uploads\/2024\/04\/HH9-600x395.jpg 600w, https:\/\/favoritepacking.com\/wp-content\/uploads\/2024\/04\/HH9-700x461.jpg 700w, https:\/\/favoritepacking.com\/wp-content\/uploads\/2024\/04\/HH9-768x506.jpg 768w, https:\/\/favoritepacking.com\/wp-content\/uploads\/2024\/04\/HH9-800x527.jpg 800w, https:\/\/favoritepacking.com\/wp-content\/uploads\/2024\/04\/HH9-1024x675.jpg 1024w, https:\/\/favoritepacking.com\/wp-content\/uploads\/2024\/04\/HH9.jpg 1100w\" data-sizes=\"(max-width: 1100px) 100vw, 1100px\" src=\"data:image\/gif;base64,R0lGODlhAQABAAAAACH5BAEKAAEALAAAAAABAAEAAAICTAEAOw==\" style=\"--smush-placeholder-width: 1100px; --smush-placeholder-aspect-ratio: 1100\/725;\" \/><noscript><img decoding=\"async\" class=\"alignnone size-full wp-image-1445\" src=\"https:\/\/favoritepacking.com\/wp-content\/uploads\/2024\/04\/HH9.jpg\" alt=\"\" width=\"1100\" height=\"725\" srcset=\"https:\/\/favoritepacking.com\/wp-content\/uploads\/2024\/04\/HH9-200x132.jpg 200w, https:\/\/favoritepacking.com\/wp-content\/uploads\/2024\/04\/HH9-300x198.jpg 300w, https:\/\/favoritepacking.com\/wp-content\/uploads\/2024\/04\/HH9-400x264.jpg 400w, https:\/\/favoritepacking.com\/wp-content\/uploads\/2024\/04\/HH9-500x330.jpg 500w, https:\/\/favoritepacking.com\/wp-content\/uploads\/2024\/04\/HH9-600x395.jpg 600w, https:\/\/favoritepacking.com\/wp-content\/uploads\/2024\/04\/HH9-700x461.jpg 700w, https:\/\/favoritepacking.com\/wp-content\/uploads\/2024\/04\/HH9-768x506.jpg 768w, https:\/\/favoritepacking.com\/wp-content\/uploads\/2024\/04\/HH9-800x527.jpg 800w, https:\/\/favoritepacking.com\/wp-content\/uploads\/2024\/04\/HH9-1024x675.jpg 1024w, https:\/\/favoritepacking.com\/wp-content\/uploads\/2024\/04\/HH9.jpg 1100w\" sizes=\"(max-width: 1100px) 100vw, 1100px\" \/><\/noscript><\/p>","protected":false},"excerpt":{"rendered":"<p>Cajas de embalaje impresas a medida con logotipo, soporte de dise\u00f1o gratuito y entrega r\u00e1pida. Obtenga un presupuesto r\u00e1pido en 24 horas, ideal para marcas, nuevas empresas y distribuidores.<\/p>","protected":false},"featured_media":2884,"template":"","meta":{"content-type":""},"product_cat":[62],"product_tag":[],"class_list":{"0":"post-2883","1":"product","2":"type-product","3":"status-publish","4":"has-post-thumbnail","6":"product_cat-mailer-boxes","8":"first","9":"instock","10":"shipping-taxable","11":"product-type-simple"},"yoast_head":"<!-- This site is optimized with the Yoast SEO Premium plugin v21.9 (Yoast SEO v23.4) - https:\/\/yoast.com\/wordpress\/plugins\/seo\/ -->\n<title>Packaging Solutions | Design paper packaging boxes with your logo &amp; branding - Professional Packaging Box Manufacturer<\/title>\n<meta name=\"description\" content=\"Custom printed packaging boxes with logo, free design support &amp; quick delivery.Get a fast quote within 24 hours, Ideal for brands, startups &amp; distributors.\" \/>\n<meta name=\"robots\" content=\"index, follow, max-snippet:-1, max-image-preview:large, max-video-preview:-1\" \/>\n<link rel=\"canonical\" href=\"https:\/\/favoritepacking.com\/es\/product\/custom-printed-packaging-boxes\/\" \/>\n<meta property=\"og:locale\" content=\"es_ES\" \/>\n<meta property=\"og:type\" content=\"article\" \/>\n<meta property=\"og:title\" content=\"Packaging Solutions | Design paper packaging boxes with your logo &amp; branding\" \/>\n<meta property=\"og:description\" content=\"Custom printed packaging boxes with logo, free design support &amp; quick delivery.Get a fast quote within 24 hours, Ideal for brands, startups &amp; distributors.\" \/>\n<meta property=\"og:url\" content=\"https:\/\/favoritepacking.com\/es\/product\/custom-printed-packaging-boxes\/\" \/>\n<meta property=\"og:site_name\" content=\"Professional Packaging Box Manufacturer\" \/>\n<meta property=\"article:modified_time\" content=\"2026-04-22T03:30:57+00:00\" \/>\n<meta property=\"og:image\" content=\"https:\/\/favoritepacking.com\/wp-content\/uploads\/2026\/04\/25.jpg\" \/>\n\t<meta property=\"og:image:width\" content=\"750\" \/>\n\t<meta property=\"og:image:height\" content=\"750\" \/>\n\t<meta property=\"og:image:type\" content=\"image\/jpeg\" \/>\n<meta name=\"twitter:card\" content=\"summary_large_image\" \/>\n<meta name=\"twitter:label1\" content=\"Precio\" \/>\n\t<meta name=\"twitter:data1\" content=\"\" \/>\n\t<meta name=\"twitter:label2\" content=\"Disponibilidad\" \/>\n\t<meta name=\"twitter:data2\" content=\"Disponible\" \/>\n<script type=\"application\/ld+json\" class=\"yoast-schema-graph\">{\"@context\":\"https:\/\/schema.org\",\"@graph\":[{\"@type\":\"WebPage\",\"@id\":\"https:\/\/favoritepacking.com\/product\/custom-printed-packaging-boxes\/\",\"url\":\"https:\/\/favoritepacking.com\/product\/custom-printed-packaging-boxes\/\",\"name\":\"Packaging Solutions | Design paper packaging boxes with your logo & branding - Professional Packaging Box Manufacturer\",\"isPartOf\":{\"@id\":\"https:\/\/favoritepacking.com\/#website\"},\"primaryImageOfPage\":{\"@id\":\"https:\/\/favoritepacking.com\/product\/custom-printed-packaging-boxes\/#primaryimage\"},\"image\":{\"@id\":\"https:\/\/favoritepacking.com\/product\/custom-printed-packaging-boxes\/#primaryimage\"},\"thumbnailUrl\":\"https:\/\/favoritepacking.com\/wp-content\/uploads\/2026\/04\/25.jpg\",\"datePublished\":\"2026-04-22T03:28:47+00:00\",\"dateModified\":\"2026-04-22T03:30:57+00:00\",\"description\":\"Custom printed packaging boxes with logo, free design support & quick delivery.Get a fast quote within 24 hours, Ideal for brands, startups & distributors.\",\"breadcrumb\":{\"@id\":\"https:\/\/favoritepacking.com\/product\/custom-printed-packaging-boxes\/#breadcrumb\"},\"inLanguage\":\"es\",\"potentialAction\":[{\"@type\":\"ReadAction\",\"target\":[\"https:\/\/favoritepacking.com\/product\/custom-printed-packaging-boxes\/\"]}]},{\"@type\":\"ImageObject\",\"inLanguage\":\"es\",\"@id\":\"https:\/\/favoritepacking.com\/product\/custom-printed-packaging-boxes\/#primaryimage\",\"url\":\"https:\/\/favoritepacking.com\/wp-content\/uploads\/2026\/04\/25.jpg\",\"contentUrl\":\"https:\/\/favoritepacking.com\/wp-content\/uploads\/2026\/04\/25.jpg\",\"width\":750,\"height\":750},{\"@type\":\"BreadcrumbList\",\"@id\":\"https:\/\/favoritepacking.com\/product\/custom-printed-packaging-boxes\/#breadcrumb\",\"itemListElement\":[{\"@type\":\"ListItem\",\"position\":1,\"name\":\"Home\",\"item\":\"https:\/\/favoritepacking.com\/\"},{\"@type\":\"ListItem\",\"position\":2,\"name\":\"PRODUCTS\",\"item\":\"https:\/\/favoritepacking.com\/products\/\"},{\"@type\":\"ListItem\",\"position\":3,\"name\":\"Packaging Solutions | Design paper packaging boxes with your logo &#038; branding\"}]},{\"@type\":\"WebSite\",\"@id\":\"https:\/\/favoritepacking.com\/#website\",\"url\":\"https:\/\/favoritepacking.com\/\",\"name\":\"Favorite Packing\",\"description\":\"Favorite Packing\",\"publisher\":{\"@id\":\"https:\/\/favoritepacking.com\/#organization\"},\"potentialAction\":[{\"@type\":\"SearchAction\",\"target\":{\"@type\":\"EntryPoint\",\"urlTemplate\":\"https:\/\/favoritepacking.com\/?s={search_term_string}\"},\"query-input\":{\"@type\":\"PropertyValueSpecification\",\"valueRequired\":true,\"valueName\":\"search_term_string\"}}],\"inLanguage\":\"es\"},{\"@type\":\"Organization\",\"@id\":\"https:\/\/favoritepacking.com\/#organization\",\"name\":\"favorite packing\",\"url\":\"https:\/\/favoritepacking.com\/\",\"logo\":{\"@type\":\"ImageObject\",\"inLanguage\":\"es\",\"@id\":\"https:\/\/favoritepacking.com\/#\/schema\/logo\/image\/\",\"url\":\"https:\/\/favoritepacking.com\/wp-content\/uploads\/2024\/12\/favoritepackingLOGO.png\",\"contentUrl\":\"https:\/\/favoritepacking.com\/wp-content\/uploads\/2024\/12\/favoritepackingLOGO.png\",\"width\":167,\"height\":129,\"caption\":\"favorite packing\"},\"image\":{\"@id\":\"https:\/\/favoritepacking.com\/#\/schema\/logo\/image\/\"}}]}<\/script>\n<meta property=\"product:price:amount\" content=\"0.00\" \/>\n<meta property=\"product:price:currency\" content=\"USD\" \/>\n<meta property=\"og:availability\" content=\"instock\" \/>\n<meta property=\"product:availability\" content=\"instock\" \/>\n<meta property=\"product:condition\" content=\"new\" \/>\n<!-- \/ Yoast SEO Premium plugin. -->","yoast_head_json":{"title":"Packaging Solutions | Design paper packaging boxes with your logo & branding - Professional Packaging Box Manufacturer","description":"Custom printed packaging boxes with logo, free design support & quick delivery.Get a fast quote within 24 hours, Ideal for brands, startups & distributors.","robots":{"index":"index","follow":"follow","max-snippet":"max-snippet:-1","max-image-preview":"max-image-preview:large","max-video-preview":"max-video-preview:-1"},"canonical":"https:\/\/favoritepacking.com\/es\/product\/custom-printed-packaging-boxes\/","og_locale":"es_ES","og_type":"article","og_title":"Packaging Solutions | Design paper packaging boxes with your logo & branding","og_description":"Custom printed packaging boxes with logo, free design support & quick delivery.Get a fast quote within 24 hours, Ideal for brands, startups & distributors.","og_url":"https:\/\/favoritepacking.com\/es\/product\/custom-printed-packaging-boxes\/","og_site_name":"Professional Packaging Box Manufacturer","article_modified_time":"2026-04-22T03:30:57+00:00","og_image":[{"width":750,"height":750,"url":"https:\/\/favoritepacking.com\/wp-content\/uploads\/2026\/04\/25.jpg","type":"image\/jpeg"}],"twitter_card":"summary_large_image","twitter_misc":{"Precio":"","Disponibilidad":"Disponible"},"schema":{"@context":"https:\/\/schema.org","@graph":[{"@type":"WebPage","@id":"https:\/\/favoritepacking.com\/product\/custom-printed-packaging-boxes\/","url":"https:\/\/favoritepacking.com\/product\/custom-printed-packaging-boxes\/","name":"Packaging Solutions | Design paper packaging boxes with your logo & branding - Professional Packaging Box Manufacturer","isPartOf":{"@id":"https:\/\/favoritepacking.com\/#website"},"primaryImageOfPage":{"@id":"https:\/\/favoritepacking.com\/product\/custom-printed-packaging-boxes\/#primaryimage"},"image":{"@id":"https:\/\/favoritepacking.com\/product\/custom-printed-packaging-boxes\/#primaryimage"},"thumbnailUrl":"https:\/\/favoritepacking.com\/wp-content\/uploads\/2026\/04\/25.jpg","datePublished":"2026-04-22T03:28:47+00:00","dateModified":"2026-04-22T03:30:57+00:00","description":"Custom printed packaging boxes with logo, free design support & quick delivery.Get a fast quote within 24 hours, Ideal for brands, startups & distributors.","breadcrumb":{"@id":"https:\/\/favoritepacking.com\/product\/custom-printed-packaging-boxes\/#breadcrumb"},"inLanguage":"es","potentialAction":[{"@type":"ReadAction","target":["https:\/\/favoritepacking.com\/product\/custom-printed-packaging-boxes\/"]}]},{"@type":"ImageObject","inLanguage":"es","@id":"https:\/\/favoritepacking.com\/product\/custom-printed-packaging-boxes\/#primaryimage","url":"https:\/\/favoritepacking.com\/wp-content\/uploads\/2026\/04\/25.jpg","contentUrl":"https:\/\/favoritepacking.com\/wp-content\/uploads\/2026\/04\/25.jpg","width":750,"height":750},{"@type":"BreadcrumbList","@id":"https:\/\/favoritepacking.com\/product\/custom-printed-packaging-boxes\/#breadcrumb","itemListElement":[{"@type":"ListItem","position":1,"name":"Home","item":"https:\/\/favoritepacking.com\/"},{"@type":"ListItem","position":2,"name":"PRODUCTS","item":"https:\/\/favoritepacking.com\/products\/"},{"@type":"ListItem","position":3,"name":"Packaging Solutions | Design paper packaging boxes with your logo &#038; branding"}]},{"@type":"WebSite","@id":"https:\/\/favoritepacking.com\/#website","url":"https:\/\/favoritepacking.com\/","name":"Embalaje favorito","description":"Embalaje favorito","publisher":{"@id":"https:\/\/favoritepacking.com\/#organization"},"potentialAction":[{"@type":"SearchAction","target":{"@type":"EntryPoint","urlTemplate":"https:\/\/favoritepacking.com\/?s={search_term_string}"},"query-input":{"@type":"PropertyValueSpecification","valueRequired":true,"valueName":"search_term_string"}}],"inLanguage":"es"},{"@type":"Organization","@id":"https:\/\/favoritepacking.com\/#organization","name":"embalaje favorito","url":"https:\/\/favoritepacking.com\/","logo":{"@type":"ImageObject","inLanguage":"es","@id":"https:\/\/favoritepacking.com\/#\/schema\/logo\/image\/","url":"https:\/\/favoritepacking.com\/wp-content\/uploads\/2024\/12\/favoritepackingLOGO.png","contentUrl":"https:\/\/favoritepacking.com\/wp-content\/uploads\/2024\/12\/favoritepackingLOGO.png","width":167,"height":129,"caption":"favorite packing"},"image":{"@id":"https:\/\/favoritepacking.com\/#\/schema\/logo\/image\/"}}]},"product_price_amount":"0.00","product_price_currency":"USD","og_availability":"instock","product_availability":"instock","product_condition":"new"},"_links":{"self":[{"href":"https:\/\/favoritepacking.com\/es\/wp-json\/wp\/v2\/product\/2883","targetHints":{"allow":["GET"]}}],"collection":[{"href":"https:\/\/favoritepacking.com\/es\/wp-json\/wp\/v2\/product"}],"about":[{"href":"https:\/\/favoritepacking.com\/es\/wp-json\/wp\/v2\/types\/product"}],"wp:featuredmedia":[{"embeddable":true,"href":"https:\/\/favoritepacking.com\/es\/wp-json\/wp\/v2\/media\/2884"}],"wp:attachment":[{"href":"https:\/\/favoritepacking.com\/es\/wp-json\/wp\/v2\/media?parent=2883"}],"wp:term":[{"taxonomy":"product_cat","embeddable":true,"href":"https:\/\/favoritepacking.com\/es\/wp-json\/wp\/v2\/product_cat?post=2883"},{"taxonomy":"product_tag","embeddable":true,"href":"https:\/\/favoritepacking.com\/es\/wp-json\/wp\/v2\/product_tag?post=2883"}],"curies":[{"name":"wp","href":"https:\/\/api.w.org\/{rel}","templated":true}]}}