{"id":2875,"date":"2026-04-22T03:10:05","date_gmt":"2026-04-22T03:10:05","guid":{"rendered":"https:\/\/favoritepacking.com\/?post_type=product&#038;p=2875"},"modified":"2026-04-22T03:10:07","modified_gmt":"2026-04-22T03:10:07","slug":"custom-display-packaging-boxes-with-fast-turnaround","status":"publish","type":"product","link":"https:\/\/favoritepacking.com\/fr\/product\/custom-display-packaging-boxes-with-fast-turnaround\/","title":{"rendered":"Bo\u00eetes d'emballage d'exposition personnalis\u00e9es \u00e0 rotation rapide"},"content":{"rendered":"<h1><em>Pourquoi sommes-nous votre fournisseur id\u00e9al de bo\u00eetes personnalis\u00e9es en gros ?<\/em><\/h1>\n<ul>\n<li class=\"id-text-[#222] id-font-inter id-text-lg id-font-medium id-font-normal id-flex id-font-medium\" data-testid=\"product-detail-text-sort\"><span class=\"id-ml-2 id-whitespace-pre-line\" data-spm-anchor-id=\"a2700.details.0.i103.78de39ea9HyYTX\">\u30108 Types d'impression\u3011Notre imprimerie comprend l'impression couleur, la s\u00e9rigraphie, le transfert thermique, l'offset, l'impression lithographique, le transfert \u00e0 l'eau, l'impression num\u00e9rique et l'h\u00e9liogravure.<\/span><\/li>\n<li class=\"id-text-[#222] id-font-inter id-text-lg id-font-medium id-font-normal id-flex id-font-medium\" data-testid=\"product-detail-text-sort\">\n<div class=\"id-w-1 id-h-1 id-rounded-full id-bg-[#000000D9] id-flex-shrink-0 id-flex-grow-0 id-mt-[8px]\">\u301010 Options de traitement\u3011La finition de surface comprend le pelliculage brillant, le vernissage mat, le pelliculage mat, le gaufrage, le marquage \u00e0 chaud (argent, or ou autres couleurs), le pelliculage mat\/brillant, le marquage \u00e0 chaud or\/argent\/cuivre, le rev\u00eatement UV, le vernissage, le polissage.<\/div>\n<\/li>\n<li class=\"id-text-[#222] id-font-inter id-text-lg id-font-medium id-font-normal id-flex id-font-medium\" data-testid=\"product-detail-text-sort\">\n<div class=\"id-w-1 id-h-1 id-rounded-full id-bg-[#000000D9] id-flex-shrink-0 id-flex-grow-0 id-mt-[8px]\">\u301011 Options de papier\u3011Nous avons C1S White Card Paper, C2S Art Paper, Duplex Board, Corrugated Paper, Brown Kraft Paper, White Kraft Paper, Black Card Paper, Offset Paper, Special Paper, Gold Card Paper, Silver Card Paper disponibles pour la personnalisation.<\/div>\n<\/li>\n<li class=\"id-text-[#222] id-font-inter id-text-lg id-font-medium id-font-normal id-flex id-font-medium\" data-testid=\"product-detail-text-sort\">\n<div class=\"id-w-1 id-h-1 id-rounded-full id-bg-[#000000D9] id-flex-shrink-0 id-flex-grow-0 id-mt-[8px]\">L'\u00e9paisseur du papier peut \u00eatre personnalis\u00e9e en fonction de vos besoins, ou nous pouvons vous fournir des conseils professionnels en fonction des produits que vous souhaitez emballer.<\/div>\n<\/li>\n<li class=\"id-text-[#222] id-font-inter id-text-lg id-font-medium id-font-normal id-flex id-font-medium\" data-testid=\"product-detail-text-sort\" data-spm-anchor-id=\"a2700.details.0.i112.78de39ea9HyYTX\">\n<div class=\"id-w-1 id-h-1 id-rounded-full id-bg-[#000000D9] id-flex-shrink-0 id-flex-grow-0 id-mt-[8px]\">Le papier est \u00e9pais, \u00e9cologique et inodore.<\/div>\n<\/li>\n<\/ul>\n<p><img decoding=\"async\" class=\"alignnone  wp-image-2881 lazyload\" data-src=\"https:\/\/favoritepacking.com\/wp-content\/uploads\/2026\/04\/9.jpg\" alt=\"\" width=\"501\" height=\"501\" data-srcset=\"https:\/\/favoritepacking.com\/wp-content\/uploads\/2026\/04\/9-12x12.jpg 12w, https:\/\/favoritepacking.com\/wp-content\/uploads\/2026\/04\/9-66x66.jpg 66w, https:\/\/favoritepacking.com\/wp-content\/uploads\/2026\/04\/9-200x200.jpg 200w, https:\/\/favoritepacking.com\/wp-content\/uploads\/2026\/04\/9-300x300.jpg 300w, https:\/\/favoritepacking.com\/wp-content\/uploads\/2026\/04\/9-400x400.jpg 400w, https:\/\/favoritepacking.com\/wp-content\/uploads\/2026\/04\/9-500x500.jpg 500w, https:\/\/favoritepacking.com\/wp-content\/uploads\/2026\/04\/9-600x600.jpg 600w, https:\/\/favoritepacking.com\/wp-content\/uploads\/2026\/04\/9-700x700.jpg 700w, https:\/\/favoritepacking.com\/wp-content\/uploads\/2026\/04\/9.jpg 750w\" data-sizes=\"(max-width: 501px) 100vw, 501px\" src=\"data:image\/gif;base64,R0lGODlhAQABAAAAACH5BAEKAAEALAAAAAABAAEAAAICTAEAOw==\" style=\"--smush-placeholder-width: 501px; --smush-placeholder-aspect-ratio: 501\/501;\" \/><noscript><img decoding=\"async\" class=\"alignnone  wp-image-2881\" src=\"https:\/\/favoritepacking.com\/wp-content\/uploads\/2026\/04\/9.jpg\" alt=\"\" width=\"501\" height=\"501\" srcset=\"https:\/\/favoritepacking.com\/wp-content\/uploads\/2026\/04\/9-12x12.jpg 12w, https:\/\/favoritepacking.com\/wp-content\/uploads\/2026\/04\/9-66x66.jpg 66w, https:\/\/favoritepacking.com\/wp-content\/uploads\/2026\/04\/9-200x200.jpg 200w, https:\/\/favoritepacking.com\/wp-content\/uploads\/2026\/04\/9-300x300.jpg 300w, https:\/\/favoritepacking.com\/wp-content\/uploads\/2026\/04\/9-400x400.jpg 400w, https:\/\/favoritepacking.com\/wp-content\/uploads\/2026\/04\/9-500x500.jpg 500w, https:\/\/favoritepacking.com\/wp-content\/uploads\/2026\/04\/9-600x600.jpg 600w, https:\/\/favoritepacking.com\/wp-content\/uploads\/2026\/04\/9-700x700.jpg 700w, https:\/\/favoritepacking.com\/wp-content\/uploads\/2026\/04\/9.jpg 750w\" sizes=\"(max-width: 501px) 100vw, 501px\" \/><\/noscript><img decoding=\"async\" class=\"alignnone  wp-image-2877 lazyload\" data-src=\"https:\/\/favoritepacking.com\/wp-content\/uploads\/2026\/04\/5.jpg\" alt=\"\" width=\"512\" height=\"512\" data-srcset=\"https:\/\/favoritepacking.com\/wp-content\/uploads\/2026\/04\/5-12x12.jpg 12w, https:\/\/favoritepacking.com\/wp-content\/uploads\/2026\/04\/5-66x66.jpg 66w, https:\/\/favoritepacking.com\/wp-content\/uploads\/2026\/04\/5-200x200.jpg 200w, https:\/\/favoritepacking.com\/wp-content\/uploads\/2026\/04\/5-300x300.jpg 300w, https:\/\/favoritepacking.com\/wp-content\/uploads\/2026\/04\/5-400x400.jpg 400w, https:\/\/favoritepacking.com\/wp-content\/uploads\/2026\/04\/5-500x500.jpg 500w, https:\/\/favoritepacking.com\/wp-content\/uploads\/2026\/04\/5-600x600.jpg 600w, https:\/\/favoritepacking.com\/wp-content\/uploads\/2026\/04\/5-700x700.jpg 700w, https:\/\/favoritepacking.com\/wp-content\/uploads\/2026\/04\/5.jpg 750w\" data-sizes=\"(max-width: 512px) 100vw, 512px\" src=\"data:image\/gif;base64,R0lGODlhAQABAAAAACH5BAEKAAEALAAAAAABAAEAAAICTAEAOw==\" style=\"--smush-placeholder-width: 512px; --smush-placeholder-aspect-ratio: 512\/512;\" \/><noscript><img decoding=\"async\" class=\"alignnone  wp-image-2877\" src=\"https:\/\/favoritepacking.com\/wp-content\/uploads\/2026\/04\/5.jpg\" alt=\"\" width=\"512\" height=\"512\" srcset=\"https:\/\/favoritepacking.com\/wp-content\/uploads\/2026\/04\/5-12x12.jpg 12w, https:\/\/favoritepacking.com\/wp-content\/uploads\/2026\/04\/5-66x66.jpg 66w, https:\/\/favoritepacking.com\/wp-content\/uploads\/2026\/04\/5-200x200.jpg 200w, https:\/\/favoritepacking.com\/wp-content\/uploads\/2026\/04\/5-300x300.jpg 300w, https:\/\/favoritepacking.com\/wp-content\/uploads\/2026\/04\/5-400x400.jpg 400w, https:\/\/favoritepacking.com\/wp-content\/uploads\/2026\/04\/5-500x500.jpg 500w, https:\/\/favoritepacking.com\/wp-content\/uploads\/2026\/04\/5-600x600.jpg 600w, https:\/\/favoritepacking.com\/wp-content\/uploads\/2026\/04\/5-700x700.jpg 700w, https:\/\/favoritepacking.com\/wp-content\/uploads\/2026\/04\/5.jpg 750w\" sizes=\"(max-width: 512px) 100vw, 512px\" \/><\/noscript><img decoding=\"async\" class=\"alignnone  wp-image-2879 lazyload\" data-src=\"https:\/\/favoritepacking.com\/wp-content\/uploads\/2026\/04\/7.jpg\" alt=\"\" width=\"511\" height=\"511\" data-srcset=\"https:\/\/favoritepacking.com\/wp-content\/uploads\/2026\/04\/7-12x12.jpg 12w, https:\/\/favoritepacking.com\/wp-content\/uploads\/2026\/04\/7-66x66.jpg 66w, https:\/\/favoritepacking.com\/wp-content\/uploads\/2026\/04\/7-200x200.jpg 200w, https:\/\/favoritepacking.com\/wp-content\/uploads\/2026\/04\/7-300x300.jpg 300w, https:\/\/favoritepacking.com\/wp-content\/uploads\/2026\/04\/7-400x400.jpg 400w, https:\/\/favoritepacking.com\/wp-content\/uploads\/2026\/04\/7-500x500.jpg 500w, https:\/\/favoritepacking.com\/wp-content\/uploads\/2026\/04\/7-600x600.jpg 600w, https:\/\/favoritepacking.com\/wp-content\/uploads\/2026\/04\/7-700x700.jpg 700w, https:\/\/favoritepacking.com\/wp-content\/uploads\/2026\/04\/7.jpg 750w\" data-sizes=\"(max-width: 511px) 100vw, 511px\" src=\"data:image\/gif;base64,R0lGODlhAQABAAAAACH5BAEKAAEALAAAAAABAAEAAAICTAEAOw==\" style=\"--smush-placeholder-width: 511px; --smush-placeholder-aspect-ratio: 511\/511;\" \/><noscript><img decoding=\"async\" class=\"alignnone  wp-image-2879\" src=\"https:\/\/favoritepacking.com\/wp-content\/uploads\/2026\/04\/7.jpg\" alt=\"\" width=\"511\" height=\"511\" srcset=\"https:\/\/favoritepacking.com\/wp-content\/uploads\/2026\/04\/7-12x12.jpg 12w, https:\/\/favoritepacking.com\/wp-content\/uploads\/2026\/04\/7-66x66.jpg 66w, https:\/\/favoritepacking.com\/wp-content\/uploads\/2026\/04\/7-200x200.jpg 200w, https:\/\/favoritepacking.com\/wp-content\/uploads\/2026\/04\/7-300x300.jpg 300w, https:\/\/favoritepacking.com\/wp-content\/uploads\/2026\/04\/7-400x400.jpg 400w, https:\/\/favoritepacking.com\/wp-content\/uploads\/2026\/04\/7-500x500.jpg 500w, https:\/\/favoritepacking.com\/wp-content\/uploads\/2026\/04\/7-600x600.jpg 600w, https:\/\/favoritepacking.com\/wp-content\/uploads\/2026\/04\/7-700x700.jpg 700w, https:\/\/favoritepacking.com\/wp-content\/uploads\/2026\/04\/7.jpg 750w\" sizes=\"(max-width: 511px) 100vw, 511px\" \/><\/noscript><\/p>\n<p>&nbsp;<\/p>\n<h1><em>Nous promettons des bo\u00eetes d'emballage personnalis\u00e9es :<\/em><\/h1>\n<ul>\n<li><em><strong>Assurance qualit\u00e9 :<\/strong>\u00a0\u00a0<\/em>Chaque bo\u00eete en papier fait l'objet d'un contr\u00f4le de qualit\u00e9 100% rigoureux afin de garantir que seuls les meilleurs produits parviennent \u00e0 nos clients. Nous comprenons l'importance d'un emballage impeccable pour pr\u00e9server l'int\u00e9grit\u00e9 de vos produits, et notre engagement envers la qualit\u00e9 se refl\u00e8te dans chaque bo\u00eete que nous produisons.<\/li>\n<li><em><strong>Solution \u00e0 guichet unique :<\/strong>\u00a0\u00a0<\/em>De la conception du produit \u00e0 la production et \u00e0 l'emballage, nous fournissons des services complets \u00e0 guichet unique pour rationaliser votre processus d'emballage. Notre \u00e9quipe de professionnels exp\u00e9riment\u00e9s travaille en \u00e9troite collaboration avec vous pour cr\u00e9er des solutions d'emballage personnalis\u00e9es qui correspondent parfaitement \u00e0 l'identit\u00e9 de votre marque et aux exigences de votre produit.<\/li>\n<li><em><strong>Applications polyvalentes :<\/strong>\u00a0\u00a0<\/em>Nos bo\u00eetes d'emballage en papier conviennent \u00e0 une large gamme de produits, notamment les cosm\u00e9tiques, les produits \u00e9lectroniques, les produits alimentaires, les cadeaux, etc. Que vous ayez besoin de bo\u00eetes robustes pour l'exp\u00e9dition ou d'emballages \u00e9l\u00e9gants pour la vente au d\u00e9tail, nous avons la solution parfaite pour r\u00e9pondre \u00e0 vos besoins.<\/li>\n<li><em><strong>Respectueux de l'environnement :<\/strong>\u00a0\u00a0<\/em>Nous donnons la priorit\u00e9 \u00e0 la durabilit\u00e9 dans notre processus de fabrication en utilisant des mat\u00e9riaux respectueux de l'environnement et en minimisant les d\u00e9chets. Nos bo\u00eetes en papier sont recyclables et biod\u00e9gradables, ce qui vous aide \u00e0 r\u00e9duire votre empreinte \u00e9cologique tout en d\u00e9montrant votre engagement en faveur du d\u00e9veloppement durable.<\/li>\n<\/ul>\n<p><img decoding=\"async\" class=\"alignnone size-full wp-image-1445 lazyload\" data-src=\"https:\/\/favoritepacking.com\/wp-content\/uploads\/2024\/04\/HH9.jpg\" alt=\"\" width=\"1100\" height=\"725\" data-srcset=\"https:\/\/favoritepacking.com\/wp-content\/uploads\/2024\/04\/HH9-200x132.jpg 200w, https:\/\/favoritepacking.com\/wp-content\/uploads\/2024\/04\/HH9-300x198.jpg 300w, https:\/\/favoritepacking.com\/wp-content\/uploads\/2024\/04\/HH9-400x264.jpg 400w, https:\/\/favoritepacking.com\/wp-content\/uploads\/2024\/04\/HH9-500x330.jpg 500w, https:\/\/favoritepacking.com\/wp-content\/uploads\/2024\/04\/HH9-600x395.jpg 600w, https:\/\/favoritepacking.com\/wp-content\/uploads\/2024\/04\/HH9-700x461.jpg 700w, https:\/\/favoritepacking.com\/wp-content\/uploads\/2024\/04\/HH9-768x506.jpg 768w, https:\/\/favoritepacking.com\/wp-content\/uploads\/2024\/04\/HH9-800x527.jpg 800w, https:\/\/favoritepacking.com\/wp-content\/uploads\/2024\/04\/HH9-1024x675.jpg 1024w, https:\/\/favoritepacking.com\/wp-content\/uploads\/2024\/04\/HH9.jpg 1100w\" data-sizes=\"(max-width: 1100px) 100vw, 1100px\" src=\"data:image\/gif;base64,R0lGODlhAQABAAAAACH5BAEKAAEALAAAAAABAAEAAAICTAEAOw==\" style=\"--smush-placeholder-width: 1100px; --smush-placeholder-aspect-ratio: 1100\/725;\" \/><noscript><img decoding=\"async\" class=\"alignnone size-full wp-image-1445\" src=\"https:\/\/favoritepacking.com\/wp-content\/uploads\/2024\/04\/HH9.jpg\" alt=\"\" width=\"1100\" height=\"725\" srcset=\"https:\/\/favoritepacking.com\/wp-content\/uploads\/2024\/04\/HH9-200x132.jpg 200w, https:\/\/favoritepacking.com\/wp-content\/uploads\/2024\/04\/HH9-300x198.jpg 300w, https:\/\/favoritepacking.com\/wp-content\/uploads\/2024\/04\/HH9-400x264.jpg 400w, https:\/\/favoritepacking.com\/wp-content\/uploads\/2024\/04\/HH9-500x330.jpg 500w, https:\/\/favoritepacking.com\/wp-content\/uploads\/2024\/04\/HH9-600x395.jpg 600w, https:\/\/favoritepacking.com\/wp-content\/uploads\/2024\/04\/HH9-700x461.jpg 700w, https:\/\/favoritepacking.com\/wp-content\/uploads\/2024\/04\/HH9-768x506.jpg 768w, https:\/\/favoritepacking.com\/wp-content\/uploads\/2024\/04\/HH9-800x527.jpg 800w, https:\/\/favoritepacking.com\/wp-content\/uploads\/2024\/04\/HH9-1024x675.jpg 1024w, https:\/\/favoritepacking.com\/wp-content\/uploads\/2024\/04\/HH9.jpg 1100w\" sizes=\"(max-width: 1100px) 100vw, 1100px\" \/><\/noscript><\/p>\n<p>&nbsp;<\/p>","protected":false},"excerpt":{"rendered":"<p>Custom paper packaging boxes with fast turnaround.<br \/>\nFree design support &amp; factory direct pricing.<br \/>\nTrusted snack packaging supplier.<br \/>\nEco friendy materials &amp; consistent quality.<\/p>","protected":false},"featured_media":2876,"template":"","meta":{"content-type":""},"product_cat":[63],"product_tag":[],"class_list":{"0":"post-2875","1":"product","2":"type-product","3":"status-publish","4":"has-post-thumbnail","6":"product_cat-displays","8":"first","9":"instock","10":"shipping-taxable","11":"product-type-simple"},"yoast_head":"<!-- This site is optimized with the Yoast SEO Premium plugin v21.9 (Yoast SEO v23.4) - https:\/\/yoast.com\/wordpress\/plugins\/seo\/ -->\n<title>Custom Display Packaging Boxes with Fast Turnaround - Professional Packaging Box Manufacturer<\/title>\n<meta name=\"description\" content=\"Custom paper packaging boxes with fast turnaround.Free design support &amp; factory direct pricing.Trusted snack packaging supplier. Eco friendy materials &amp; consistent quality.\" \/>\n<meta name=\"robots\" content=\"index, follow, max-snippet:-1, max-image-preview:large, max-video-preview:-1\" \/>\n<link rel=\"canonical\" href=\"https:\/\/favoritepacking.com\/fr\/product\/custom-display-packaging-boxes-with-fast-turnaround\/\" \/>\n<meta property=\"og:locale\" content=\"fr_FR\" \/>\n<meta property=\"og:type\" content=\"article\" \/>\n<meta property=\"og:title\" content=\"Custom Display Packaging Boxes with Fast Turnaround\" \/>\n<meta property=\"og:description\" content=\"Custom paper packaging boxes with fast turnaround.Free design support &amp; factory direct pricing.Trusted snack packaging supplier. Eco friendy materials &amp; consistent quality.\" \/>\n<meta property=\"og:url\" content=\"https:\/\/favoritepacking.com\/fr\/product\/custom-display-packaging-boxes-with-fast-turnaround\/\" \/>\n<meta property=\"og:site_name\" content=\"Professional Packaging Box Manufacturer\" \/>\n<meta property=\"article:modified_time\" content=\"2026-04-22T03:10:07+00:00\" \/>\n<meta property=\"og:image\" content=\"https:\/\/favoritepacking.com\/wp-content\/uploads\/2026\/04\/4.jpg\" \/>\n\t<meta property=\"og:image:width\" content=\"750\" \/>\n\t<meta property=\"og:image:height\" content=\"750\" \/>\n\t<meta property=\"og:image:type\" content=\"image\/jpeg\" \/>\n<meta name=\"twitter:card\" content=\"summary_large_image\" \/>\n<meta name=\"twitter:label1\" content=\"Prix\" \/>\n\t<meta name=\"twitter:data1\" content=\"\" \/>\n\t<meta name=\"twitter:label2\" content=\"Disponibilit\u00e9\" \/>\n\t<meta name=\"twitter:data2\" content=\"En stock\" \/>\n<script type=\"application\/ld+json\" class=\"yoast-schema-graph\">{\"@context\":\"https:\/\/schema.org\",\"@graph\":[{\"@type\":\"WebPage\",\"@id\":\"https:\/\/favoritepacking.com\/product\/custom-display-packaging-boxes-with-fast-turnaround\/\",\"url\":\"https:\/\/favoritepacking.com\/product\/custom-display-packaging-boxes-with-fast-turnaround\/\",\"name\":\"Custom Display Packaging Boxes with Fast Turnaround - Professional Packaging Box Manufacturer\",\"isPartOf\":{\"@id\":\"https:\/\/favoritepacking.com\/#website\"},\"primaryImageOfPage\":{\"@id\":\"https:\/\/favoritepacking.com\/product\/custom-display-packaging-boxes-with-fast-turnaround\/#primaryimage\"},\"image\":{\"@id\":\"https:\/\/favoritepacking.com\/product\/custom-display-packaging-boxes-with-fast-turnaround\/#primaryimage\"},\"thumbnailUrl\":\"https:\/\/favoritepacking.com\/wp-content\/uploads\/2026\/04\/4.jpg\",\"datePublished\":\"2026-04-22T03:10:05+00:00\",\"dateModified\":\"2026-04-22T03:10:07+00:00\",\"description\":\"Custom paper packaging boxes with fast turnaround.Free design support & factory direct pricing.Trusted snack packaging supplier. Eco friendy materials & consistent quality.\",\"breadcrumb\":{\"@id\":\"https:\/\/favoritepacking.com\/product\/custom-display-packaging-boxes-with-fast-turnaround\/#breadcrumb\"},\"inLanguage\":\"fr-FR\",\"potentialAction\":[{\"@type\":\"ReadAction\",\"target\":[\"https:\/\/favoritepacking.com\/product\/custom-display-packaging-boxes-with-fast-turnaround\/\"]}]},{\"@type\":\"ImageObject\",\"inLanguage\":\"fr-FR\",\"@id\":\"https:\/\/favoritepacking.com\/product\/custom-display-packaging-boxes-with-fast-turnaround\/#primaryimage\",\"url\":\"https:\/\/favoritepacking.com\/wp-content\/uploads\/2026\/04\/4.jpg\",\"contentUrl\":\"https:\/\/favoritepacking.com\/wp-content\/uploads\/2026\/04\/4.jpg\",\"width\":750,\"height\":750},{\"@type\":\"BreadcrumbList\",\"@id\":\"https:\/\/favoritepacking.com\/product\/custom-display-packaging-boxes-with-fast-turnaround\/#breadcrumb\",\"itemListElement\":[{\"@type\":\"ListItem\",\"position\":1,\"name\":\"Home\",\"item\":\"https:\/\/favoritepacking.com\/\"},{\"@type\":\"ListItem\",\"position\":2,\"name\":\"PRODUCTS\",\"item\":\"https:\/\/favoritepacking.com\/products\/\"},{\"@type\":\"ListItem\",\"position\":3,\"name\":\"Custom Display Packaging Boxes with Fast Turnaround\"}]},{\"@type\":\"WebSite\",\"@id\":\"https:\/\/favoritepacking.com\/#website\",\"url\":\"https:\/\/favoritepacking.com\/\",\"name\":\"Favorite Packing\",\"description\":\"Favorite Packing\",\"publisher\":{\"@id\":\"https:\/\/favoritepacking.com\/#organization\"},\"potentialAction\":[{\"@type\":\"SearchAction\",\"target\":{\"@type\":\"EntryPoint\",\"urlTemplate\":\"https:\/\/favoritepacking.com\/?s={search_term_string}\"},\"query-input\":{\"@type\":\"PropertyValueSpecification\",\"valueRequired\":true,\"valueName\":\"search_term_string\"}}],\"inLanguage\":\"fr-FR\"},{\"@type\":\"Organization\",\"@id\":\"https:\/\/favoritepacking.com\/#organization\",\"name\":\"favorite packing\",\"url\":\"https:\/\/favoritepacking.com\/\",\"logo\":{\"@type\":\"ImageObject\",\"inLanguage\":\"fr-FR\",\"@id\":\"https:\/\/favoritepacking.com\/#\/schema\/logo\/image\/\",\"url\":\"https:\/\/favoritepacking.com\/wp-content\/uploads\/2024\/12\/favoritepackingLOGO.png\",\"contentUrl\":\"https:\/\/favoritepacking.com\/wp-content\/uploads\/2024\/12\/favoritepackingLOGO.png\",\"width\":167,\"height\":129,\"caption\":\"favorite packing\"},\"image\":{\"@id\":\"https:\/\/favoritepacking.com\/#\/schema\/logo\/image\/\"}}]}<\/script>\n<meta property=\"product:price:amount\" content=\"0.00\" \/>\n<meta property=\"product:price:currency\" content=\"USD\" \/>\n<meta property=\"og:availability\" content=\"instock\" \/>\n<meta property=\"product:availability\" content=\"instock\" \/>\n<meta property=\"product:condition\" content=\"new\" \/>\n<!-- \/ Yoast SEO Premium plugin. -->","yoast_head_json":{"title":"Custom Display Packaging Boxes with Fast Turnaround - Professional Packaging Box Manufacturer","description":"Custom paper packaging boxes with fast turnaround.Free design support & factory direct pricing.Trusted snack packaging supplier. Eco friendy materials & consistent quality.","robots":{"index":"index","follow":"follow","max-snippet":"max-snippet:-1","max-image-preview":"max-image-preview:large","max-video-preview":"max-video-preview:-1"},"canonical":"https:\/\/favoritepacking.com\/fr\/product\/custom-display-packaging-boxes-with-fast-turnaround\/","og_locale":"fr_FR","og_type":"article","og_title":"Custom Display Packaging Boxes with Fast Turnaround","og_description":"Custom paper packaging boxes with fast turnaround.Free design support & factory direct pricing.Trusted snack packaging supplier. Eco friendy materials & consistent quality.","og_url":"https:\/\/favoritepacking.com\/fr\/product\/custom-display-packaging-boxes-with-fast-turnaround\/","og_site_name":"Professional Packaging Box Manufacturer","article_modified_time":"2026-04-22T03:10:07+00:00","og_image":[{"width":750,"height":750,"url":"https:\/\/favoritepacking.com\/wp-content\/uploads\/2026\/04\/4.jpg","type":"image\/jpeg"}],"twitter_card":"summary_large_image","twitter_misc":{"Prix":"","Disponibilit\u00e9":"En stock"},"schema":{"@context":"https:\/\/schema.org","@graph":[{"@type":"WebPage","@id":"https:\/\/favoritepacking.com\/product\/custom-display-packaging-boxes-with-fast-turnaround\/","url":"https:\/\/favoritepacking.com\/product\/custom-display-packaging-boxes-with-fast-turnaround\/","name":"Custom Display Packaging Boxes with Fast Turnaround - Professional Packaging Box Manufacturer","isPartOf":{"@id":"https:\/\/favoritepacking.com\/#website"},"primaryImageOfPage":{"@id":"https:\/\/favoritepacking.com\/product\/custom-display-packaging-boxes-with-fast-turnaround\/#primaryimage"},"image":{"@id":"https:\/\/favoritepacking.com\/product\/custom-display-packaging-boxes-with-fast-turnaround\/#primaryimage"},"thumbnailUrl":"https:\/\/favoritepacking.com\/wp-content\/uploads\/2026\/04\/4.jpg","datePublished":"2026-04-22T03:10:05+00:00","dateModified":"2026-04-22T03:10:07+00:00","description":"Custom paper packaging boxes with fast turnaround.Free design support & factory direct pricing.Trusted snack packaging supplier. Eco friendy materials & consistent quality.","breadcrumb":{"@id":"https:\/\/favoritepacking.com\/product\/custom-display-packaging-boxes-with-fast-turnaround\/#breadcrumb"},"inLanguage":"fr-FR","potentialAction":[{"@type":"ReadAction","target":["https:\/\/favoritepacking.com\/product\/custom-display-packaging-boxes-with-fast-turnaround\/"]}]},{"@type":"ImageObject","inLanguage":"fr-FR","@id":"https:\/\/favoritepacking.com\/product\/custom-display-packaging-boxes-with-fast-turnaround\/#primaryimage","url":"https:\/\/favoritepacking.com\/wp-content\/uploads\/2026\/04\/4.jpg","contentUrl":"https:\/\/favoritepacking.com\/wp-content\/uploads\/2026\/04\/4.jpg","width":750,"height":750},{"@type":"BreadcrumbList","@id":"https:\/\/favoritepacking.com\/product\/custom-display-packaging-boxes-with-fast-turnaround\/#breadcrumb","itemListElement":[{"@type":"ListItem","position":1,"name":"Home","item":"https:\/\/favoritepacking.com\/"},{"@type":"ListItem","position":2,"name":"PRODUCTS","item":"https:\/\/favoritepacking.com\/products\/"},{"@type":"ListItem","position":3,"name":"Custom Display Packaging Boxes with Fast Turnaround"}]},{"@type":"WebSite","@id":"https:\/\/favoritepacking.com\/#website","url":"https:\/\/favoritepacking.com\/","name":"Emballage pr\u00e9f\u00e9r\u00e9","description":"Emballage pr\u00e9f\u00e9r\u00e9","publisher":{"@id":"https:\/\/favoritepacking.com\/#organization"},"potentialAction":[{"@type":"SearchAction","target":{"@type":"EntryPoint","urlTemplate":"https:\/\/favoritepacking.com\/?s={search_term_string}"},"query-input":{"@type":"PropertyValueSpecification","valueRequired":true,"valueName":"search_term_string"}}],"inLanguage":"fr-FR"},{"@type":"Organization","@id":"https:\/\/favoritepacking.com\/#organization","name":"emballage pr\u00e9f\u00e9r\u00e9","url":"https:\/\/favoritepacking.com\/","logo":{"@type":"ImageObject","inLanguage":"fr-FR","@id":"https:\/\/favoritepacking.com\/#\/schema\/logo\/image\/","url":"https:\/\/favoritepacking.com\/wp-content\/uploads\/2024\/12\/favoritepackingLOGO.png","contentUrl":"https:\/\/favoritepacking.com\/wp-content\/uploads\/2024\/12\/favoritepackingLOGO.png","width":167,"height":129,"caption":"favorite packing"},"image":{"@id":"https:\/\/favoritepacking.com\/#\/schema\/logo\/image\/"}}]},"product_price_amount":"0.00","product_price_currency":"USD","og_availability":"instock","product_availability":"instock","product_condition":"new"},"_links":{"self":[{"href":"https:\/\/favoritepacking.com\/fr\/wp-json\/wp\/v2\/product\/2875","targetHints":{"allow":["GET"]}}],"collection":[{"href":"https:\/\/favoritepacking.com\/fr\/wp-json\/wp\/v2\/product"}],"about":[{"href":"https:\/\/favoritepacking.com\/fr\/wp-json\/wp\/v2\/types\/product"}],"wp:featuredmedia":[{"embeddable":true,"href":"https:\/\/favoritepacking.com\/fr\/wp-json\/wp\/v2\/media\/2876"}],"wp:attachment":[{"href":"https:\/\/favoritepacking.com\/fr\/wp-json\/wp\/v2\/media?parent=2875"}],"wp:term":[{"taxonomy":"product_cat","embeddable":true,"href":"https:\/\/favoritepacking.com\/fr\/wp-json\/wp\/v2\/product_cat?post=2875"},{"taxonomy":"product_tag","embeddable":true,"href":"https:\/\/favoritepacking.com\/fr\/wp-json\/wp\/v2\/product_tag?post=2875"}],"curies":[{"name":"wp","href":"https:\/\/api.w.org\/{rel}","templated":true}]}}