{"id":1805,"date":"2024-05-08T04:21:35","date_gmt":"2024-05-08T04:21:35","guid":{"rendered":"https:\/\/favoritepacking.com\/?page_id=1805"},"modified":"2025-03-31T12:50:27","modified_gmt":"2025-03-31T12:50:27","slug":"video","status":"publish","type":"page","link":"https:\/\/favoritepacking.com\/pt\/video\/","title":{"rendered":"V\u00eddeo"},"content":{"rendered":"<div class=\"fusion-fullwidth fullwidth-box fusion-builder-row-1 fusion-flex-container has-pattern-background has-mask-background nonhundred-percent-fullwidth non-hundred-percent-height-scrolling\" style=\"--awb-border-radius-top-left:0px;--awb-border-radius-top-right:0px;--awb-border-radius-bottom-right:0px;--awb-border-radius-bottom-left:0px;--awb-flex-wrap:wrap;\" ><div class=\"fusion-builder-row fusion-row fusion-flex-align-items-flex-start fusion-flex-content-wrap\" style=\"max-width:1352px;margin-left: calc(-4% \/ 2 );margin-right: calc(-4% \/ 2 );\"><div class=\"fusion-layout-column fusion_builder_column fusion-builder-column-0 fusion_builder_column_3_5 3_5 fusion-flex-column\" style=\"--awb-bg-size:cover;--awb-width-large:60%;--awb-margin-top-large:0px;--awb-spacing-right-large:3.2%;--awb-margin-bottom-large:20px;--awb-spacing-left-large:3.2%;--awb-width-medium:60%;--awb-order-medium:0;--awb-spacing-right-medium:3.2%;--awb-spacing-left-medium:3.2%;--awb-width-small:100%;--awb-order-small:0;--awb-spacing-right-small:1.92%;--awb-spacing-left-small:1.92%;\"><div class=\"fusion-column-wrapper fusion-column-has-shadow fusion-flex-justify-content-flex-start fusion-content-layout-column\"><div class=\"fusion-video fusion-selfhosted-video\" style=\"max-width:100%;\"><div class=\"video-wrapper\"><video playsinline=\"true\" width=\"100%\" style=\"object-fit: cover;\" muted=\"true\" preload=\"auto\" controls=\"1\"><source src=\"https:\/\/favoritepacking.com\/wp-content\/uploads\/2025\/03\/1885-1743298345.mp4\" type=\"video\/mp4\">Sorry, your browser doesn&#039;t support embedded videos.<\/video><\/div><\/div><\/div><\/div><div class=\"fusion-layout-column fusion_builder_column fusion-builder-column-1 fusion_builder_column_2_5 2_5 fusion-flex-column\" style=\"--awb-bg-size:cover;--awb-width-large:40%;--awb-margin-top-large:0px;--awb-spacing-right-large:4.8%;--awb-margin-bottom-large:20px;--awb-spacing-left-large:4.8%;--awb-width-medium:40%;--awb-order-medium:0;--awb-spacing-right-medium:4.8%;--awb-spacing-left-medium:4.8%;--awb-width-small:100%;--awb-order-small:0;--awb-spacing-right-small:1.92%;--awb-spacing-left-small:1.92%;\"><div class=\"fusion-column-wrapper fusion-column-has-shadow fusion-flex-justify-content-flex-start fusion-content-layout-column\"><div class=\"fusion-title title fusion-title-1 fusion-sep-none fusion-title-text fusion-title-size-one\"><h1 class=\"fusion-title-heading title-heading-left\" style=\"margin:0;\">Sobre Favoritetec<\/h1><\/div><div class=\"fusion-text fusion-text-1\"><p>Cansado de fazer malabarismos com os fornecedores e de ter uma embalagem de m\u00e1 qualidade?<\/p>\n<p>As instala\u00e7\u00f5es de 12.000 p\u00e9s quadrados da Favoritetec Factory, 180 trabalhadores e as prensas Heidelberg proporcionam resultados de topo - tudo sob o mesmo teto. Chega de andar atr\u00e1s de fornecedores. Desfrute de uma personaliza\u00e7\u00e3o total - CDB ou embalagem de vinho - apoiada por ISO, FSC e BSCI.<\/p>\n<p>Prazos apertados? Materiais especiais? N\u00f3s tratamos de tudo, com prazos de entrega r\u00e1pidos e qualidade inabal\u00e1vel. Concentre-se na constru\u00e7\u00e3o da sua marca - deixe-nos tratar do resto.<\/p>\n<p>A Favoritetec Factory \u00e9 o parceiro ideal para criar embalagens que elevam o seu produto e impulsionam as vendas. Vamos melhorar o seu neg\u00f3cio, a partir de agora.<\/p>\n<\/div><\/div><\/div><\/div><\/div>","protected":false},"excerpt":{"rendered":"","protected":false},"author":1,"featured_media":0,"parent":0,"menu_order":0,"comment_status":"closed","ping_status":"closed","template":"100-width.php","meta":{"content-type":"","footnotes":""},"class_list":["post-1805","page","type-page","status-publish","hentry"],"yoast_head":"<!-- This site is optimized with the Yoast SEO Premium plugin v21.9 (Yoast SEO v23.4) - https:\/\/yoast.com\/wordpress\/plugins\/seo\/ -->\n<title>Video - Professional Packaging Box Manufacturer<\/title>\n<meta name=\"robots\" content=\"index, follow, max-snippet:-1, max-image-preview:large, max-video-preview:-1\" \/>\n<link rel=\"canonical\" href=\"https:\/\/favoritepacking.com\/pt\/video\/\" \/>\n<meta property=\"og:locale\" content=\"pt_PT\" \/>\n<meta property=\"og:type\" content=\"article\" \/>\n<meta property=\"og:title\" content=\"Video\" \/>\n<meta property=\"og:url\" content=\"https:\/\/favoritepacking.com\/pt\/video\/\" \/>\n<meta property=\"og:site_name\" content=\"Professional Packaging Box Manufacturer\" \/>\n<meta property=\"article:modified_time\" content=\"2025-03-31T12:50:27+00:00\" \/>\n<meta property=\"og:image\" content=\"https:\/\/favoritepacking.com\/wp-content\/uploads\/2024\/04\/printing-workshop-1.jpg\" \/>\n\t<meta property=\"og:image:width\" content=\"800\" \/>\n\t<meta property=\"og:image:height\" content=\"529\" \/>\n\t<meta property=\"og:image:type\" content=\"image\/jpeg\" \/>\n<meta name=\"twitter:card\" content=\"summary_large_image\" \/>\n<meta name=\"twitter:label1\" content=\"Tempo estimado de leitura\" \/>\n\t<meta name=\"twitter:data1\" content=\"1 minuto\" \/>\n<script type=\"application\/ld+json\" class=\"yoast-schema-graph\">{\"@context\":\"https:\/\/schema.org\",\"@graph\":[{\"@type\":\"WebPage\",\"@id\":\"https:\/\/favoritepacking.com\/video\/\",\"url\":\"https:\/\/favoritepacking.com\/video\/\",\"name\":\"Video - Professional Packaging Box Manufacturer\",\"isPartOf\":{\"@id\":\"https:\/\/favoritepacking.com\/#website\"},\"datePublished\":\"2024-05-08T04:21:35+00:00\",\"dateModified\":\"2025-03-31T12:50:27+00:00\",\"breadcrumb\":{\"@id\":\"https:\/\/favoritepacking.com\/video\/#breadcrumb\"},\"inLanguage\":\"pt-PT\",\"potentialAction\":[{\"@type\":\"ReadAction\",\"target\":[\"https:\/\/favoritepacking.com\/video\/\"]}]},{\"@type\":\"BreadcrumbList\",\"@id\":\"https:\/\/favoritepacking.com\/video\/#breadcrumb\",\"itemListElement\":[{\"@type\":\"ListItem\",\"position\":1,\"name\":\"Home\",\"item\":\"https:\/\/favoritepacking.com\/\"},{\"@type\":\"ListItem\",\"position\":2,\"name\":\"Video\"}]},{\"@type\":\"WebSite\",\"@id\":\"https:\/\/favoritepacking.com\/#website\",\"url\":\"https:\/\/favoritepacking.com\/\",\"name\":\"Favorite Packing\",\"description\":\"Favorite Packing\",\"publisher\":{\"@id\":\"https:\/\/favoritepacking.com\/#organization\"},\"potentialAction\":[{\"@type\":\"SearchAction\",\"target\":{\"@type\":\"EntryPoint\",\"urlTemplate\":\"https:\/\/favoritepacking.com\/?s={search_term_string}\"},\"query-input\":{\"@type\":\"PropertyValueSpecification\",\"valueRequired\":true,\"valueName\":\"search_term_string\"}}],\"inLanguage\":\"pt-PT\"},{\"@type\":\"Organization\",\"@id\":\"https:\/\/favoritepacking.com\/#organization\",\"name\":\"favorite packing\",\"url\":\"https:\/\/favoritepacking.com\/\",\"logo\":{\"@type\":\"ImageObject\",\"inLanguage\":\"pt-PT\",\"@id\":\"https:\/\/favoritepacking.com\/#\/schema\/logo\/image\/\",\"url\":\"https:\/\/favoritepacking.com\/wp-content\/uploads\/2024\/12\/favoritepackingLOGO.png\",\"contentUrl\":\"https:\/\/favoritepacking.com\/wp-content\/uploads\/2024\/12\/favoritepackingLOGO.png\",\"width\":167,\"height\":129,\"caption\":\"favorite packing\"},\"image\":{\"@id\":\"https:\/\/favoritepacking.com\/#\/schema\/logo\/image\/\"}}]}<\/script>\n<!-- \/ Yoast SEO Premium plugin. -->","yoast_head_json":{"title":"V\u00eddeo - Fabricante profissional de caixas de embalagem","robots":{"index":"index","follow":"follow","max-snippet":"max-snippet:-1","max-image-preview":"max-image-preview:large","max-video-preview":"max-video-preview:-1"},"canonical":"https:\/\/favoritepacking.com\/pt\/video\/","og_locale":"pt_PT","og_type":"article","og_title":"Video","og_url":"https:\/\/favoritepacking.com\/pt\/video\/","og_site_name":"Professional Packaging Box Manufacturer","article_modified_time":"2025-03-31T12:50:27+00:00","og_image":[{"width":800,"height":529,"url":"https:\/\/favoritepacking.com\/wp-content\/uploads\/2024\/04\/printing-workshop-1.jpg","type":"image\/jpeg"}],"twitter_card":"summary_large_image","twitter_misc":{"Tempo estimado de leitura":"1 minuto"},"schema":{"@context":"https:\/\/schema.org","@graph":[{"@type":"WebPage","@id":"https:\/\/favoritepacking.com\/video\/","url":"https:\/\/favoritepacking.com\/video\/","name":"V\u00eddeo - Fabricante profissional de caixas de embalagem","isPartOf":{"@id":"https:\/\/favoritepacking.com\/#website"},"datePublished":"2024-05-08T04:21:35+00:00","dateModified":"2025-03-31T12:50:27+00:00","breadcrumb":{"@id":"https:\/\/favoritepacking.com\/video\/#breadcrumb"},"inLanguage":"pt-PT","potentialAction":[{"@type":"ReadAction","target":["https:\/\/favoritepacking.com\/video\/"]}]},{"@type":"BreadcrumbList","@id":"https:\/\/favoritepacking.com\/video\/#breadcrumb","itemListElement":[{"@type":"ListItem","position":1,"name":"Home","item":"https:\/\/favoritepacking.com\/"},{"@type":"ListItem","position":2,"name":"Video"}]},{"@type":"WebSite","@id":"https:\/\/favoritepacking.com\/#website","url":"https:\/\/favoritepacking.com\/","name":"Embalagem favorita","description":"Embalagem favorita","publisher":{"@id":"https:\/\/favoritepacking.com\/#organization"},"potentialAction":[{"@type":"SearchAction","target":{"@type":"EntryPoint","urlTemplate":"https:\/\/favoritepacking.com\/?s={search_term_string}"},"query-input":{"@type":"PropertyValueSpecification","valueRequired":true,"valueName":"search_term_string"}}],"inLanguage":"pt-PT"},{"@type":"Organization","@id":"https:\/\/favoritepacking.com\/#organization","name":"embalagem preferida","url":"https:\/\/favoritepacking.com\/","logo":{"@type":"ImageObject","inLanguage":"pt-PT","@id":"https:\/\/favoritepacking.com\/#\/schema\/logo\/image\/","url":"https:\/\/favoritepacking.com\/wp-content\/uploads\/2024\/12\/favoritepackingLOGO.png","contentUrl":"https:\/\/favoritepacking.com\/wp-content\/uploads\/2024\/12\/favoritepackingLOGO.png","width":167,"height":129,"caption":"favorite packing"},"image":{"@id":"https:\/\/favoritepacking.com\/#\/schema\/logo\/image\/"}}]}},"_links":{"self":[{"href":"https:\/\/favoritepacking.com\/pt\/wp-json\/wp\/v2\/pages\/1805","targetHints":{"allow":["GET"]}}],"collection":[{"href":"https:\/\/favoritepacking.com\/pt\/wp-json\/wp\/v2\/pages"}],"about":[{"href":"https:\/\/favoritepacking.com\/pt\/wp-json\/wp\/v2\/types\/page"}],"author":[{"embeddable":true,"href":"https:\/\/favoritepacking.com\/pt\/wp-json\/wp\/v2\/users\/1"}],"replies":[{"embeddable":true,"href":"https:\/\/favoritepacking.com\/pt\/wp-json\/wp\/v2\/comments?post=1805"}],"version-history":[{"count":5,"href":"https:\/\/favoritepacking.com\/pt\/wp-json\/wp\/v2\/pages\/1805\/revisions"}],"predecessor-version":[{"id":2532,"href":"https:\/\/favoritepacking.com\/pt\/wp-json\/wp\/v2\/pages\/1805\/revisions\/2532"}],"wp:attachment":[{"href":"https:\/\/favoritepacking.com\/pt\/wp-json\/wp\/v2\/media?parent=1805"}],"curies":[{"name":"wp","href":"https:\/\/api.w.org\/{rel}","templated":true}]}}