{"id":1955,"date":"2024-05-11T01:32:36","date_gmt":"2024-05-11T01:32:36","guid":{"rendered":"https:\/\/favoritepacking.com\/?post_type=product&#038;p=1955"},"modified":"2025-07-04T01:05:38","modified_gmt":"2025-07-04T01:05:38","slug":"etiquetas-de-cartolina-impressas-personalizadas","status":"publish","type":"product","link":"https:\/\/favoritepacking.com\/pt\/product\/etiquetas-de-cartolina-impressas-personalizadas\/","title":{"rendered":"Etiquetas de cartolina impressas personalizadas"},"content":{"rendered":"<div><\/div>\n<div class=\"keyword-text _ngcontent-kdi-105\" aria-label=\"\"><span data-slate-node=\"text\" data-slate-fragment=\"JTVCJTdCJTIydHlwZSUyMiUzQSUyMnBhcmFncmFwaCUyMiUyQyUyMmNoaWxkcmVuJTIyJTNBJTVCJTdCJTIyaWQlMjIlM0ElMjJwVkFuMjlQV2R6JTIyJTJDJTIycGFyYUlkeCUyMiUzQTAlMkMlMjJzcmMlMjIlM0ElMjJXZWxjb21lJTIwdG8lMjBvdXIlMjByYW5nZSUyMG9mJTIwcHJlbWl1bSUyMHBhcGVyJTIwcGFja2luZyUyMGJveGVzISUyMCUyMiUyQyUyMmRzdCUyMiUzQSUyMiVFNiVBQyVBMiVFOCVCRiU4RSVFNSU4NSU4OSVFNCVCOCVCNCVFNiU4OCU5MSVFNCVCQiVBQyVFNyU5QSU4NCVFNCVCQyU5OCVFOCVCNCVBOCVFNyVCQSVCOCVFNSU4QyU4NSVFOCVBMyU4NSVFNyU5QiU5MiVFNyVCMyVCQiVFNSU4OCU5NyVFRiVCQyU4MSUyMiUyQyUyMm1ldGFkYXRhJTIyJTNBJTIyJTIyJTJDJTIybWV0YURhdGElMjIlM0ElNUIlNUQlMkMlMjJ0ZXh0JTIyJTNBJTIyJTIyJTdEJTJDJTdCJTIyaWQlMjIlM0ElMjJSZUdZNHB2bnF6JTIyJTJDJTIycGFyYUlkeCUyMiUzQTAlMkMlMjJzcmMlMjIlM0ElMjJDcmFmdGVkJTIwd2l0aCUyMHByZWNpc2lvbiUyMGluJTIwb3VyJTIwc3RhdGUtb2YtdGhlLWFydCUyMGNsZWFuJTIwcm9vbSUyMGZhY2lsaXR5JTJDJTIwb3VyJTIwcGFwZXIlMjBib3hlcyUyMG9mZmVyJTIwdW5wYXJhbGxlbGVkJTIwcXVhbGl0eSUyMGFuZCUyMHJlbGlhYmlsaXR5JTIwZm9yJTIwYWxsJTIweW91ciUyMHBhY2thZ2luZyUyMG5lZWRzLiUyMiUyQyUyMmRzdCUyMiUzQSUyMiVFNiU4OCU5MSVFNCVCQiVBQyVFNyU5QSU4NCVFNyVCQSVCOCVFNyU5QiU5MiVFNSU5QyVBOCVFNiU4OCU5MSVFNCVCQiVBQyVFNiU5QyU4MCVFNSU4NSU4OCVFOCVCRiU5QiVFNyU5QSU4NCVFNiVCNCU4MSVFNSU4NyU4MCVFNSVBRSVBNCVFOCVBRSVCRSVFNiU5NiVCRCVFNCVCOCVBRCVFNyVCMiVCRSVFNSVBRiU4NiVFNSU4QSVBMCVFNSVCNyVBNSVFRiVCQyU4QyVFNiU4RiU5MCVFNCVCRSU5QiVFNiU5NyVBMCVFNCVCOCU4RSVFNCVCQyVBNiVFNiVBRiU5NCVFNyU5QSU4NCVFOCVCNCVBOCVFOSU4NyU4RiVFNSU5MiU4QyVFNSU4RiVBRiVFOSU5RCVBMCVFNiU4MCVBNyVFRiVCQyU4QyVFNiVCQiVBMSVFOCVCNiVCMyVFNiU4MiVBOCVFNyU5QSU4NCVFNiU4OSU4MCVFNiU5QyU4OSVFNSU4QyU4NSVFOCVBMyU4NSVFOSU5QyU4MCVFNiVCMSU4MiVFMyU4MCU4MiUyMiUyQyUyMm1ldGFkYXRhJTIyJTNBJTIyJTIyJTJDJTIybWV0YURhdGElMjIlM0ElNUIlNUQlMkMlMjJ0ZXh0JTIyJTNBJTIyQ3JhZnRlZCUyMHdpdGglMjBwcmVjaXNpb24lMjBpbiUyMG91ciUyMHN0YXRlLW9mLXRoZS1hcnQlMjBjbGVhbiUyMHJvb20lMjBmYWNpbGl0eSUyQyUyMG91ciUyMHBhcGVyJTIwYm94ZXMlMjBvZmZlciUyMHVucGFyYWxsZWxlZCUyMHF1YWxpdHklMjBhbmQlMjByZWxpYWJpbGl0eSUyMGZvciUyMGFsbCUyMHlvdXIlMjBwYWNrYWdpbmclMjBuZWVkcy4lMjIlN0QlNUQlN0QlNUQ=\"><span class=\"null\" data-slate-leaf=\"true\" data-sent-id=\"ReGY4pvnqz\">Fabricado com precis\u00e3o nas nossas instala\u00e7\u00f5es de sala limpa de \u00faltima gera\u00e7\u00e3o, o nosso expositor de produtos em cart\u00e3o oferece uma qualidade e fiabilidade inigual\u00e1veis para todas as suas necessidades de exposi\u00e7\u00e3o.<\/span><\/span><\/div>\n<div aria-label=\"\"><\/div>\n<div aria-label=\"\"><\/div>\n<table style=\"width: 100%; border-collapse: collapse; border-style: solid; border-color: #969696; height: 380px;\" border=\"1px\">\n<tbody>\n<tr style=\"background-color: #eee;\">\n<td style=\"width: 16.3677%; height: 28px;\"><span class=\"attr-name J-attr-name\" style=\"font-family: arial, helvetica, sans-serif;\" title=\"N\u00famero do modelo\" data-spm-anchor-id=\"a2700.details.0.i22.342964939VyW1g\">Nome<\/span><\/td>\n<td style=\"width: 85.539%; height: 28px;\">Etiquetas de cartolina impressas personalizadas<\/td>\n<\/tr>\n<tr style=\"height: 24px;\">\n<td style=\"width: 16.3677%; height: 28px;\"><span class=\"attr-name J-attr-name\" style=\"font-family: arial, helvetica, sans-serif;\" title=\"Material\">Material:<\/span><\/td>\n<td style=\"width: 85.539%; height: 28px;\"><span style=\"font-family: arial, helvetica, sans-serif;\">\u00a0Espessura do material r\u00edgido: 36pt, 48pt, papel Kraft, CCNB, papel de arte C1S, personalizado <\/span><\/td>\n<\/tr>\n<tr style=\"background-color: #eee;\">\n<td style=\"width: 16.3677%; height: 28px;\"><span style=\"font-family: arial, helvetica, sans-serif;\">Dimens\u00f5es:<\/span><\/td>\n<td style=\"width: 85.539%; height: 28px;\"><span style=\"font-family: arial, helvetica, sans-serif;\">\u00a0Todos os tamanhos e formas personalizados<\/span><\/td>\n<\/tr>\n<tr style=\"height: 24px;\">\n<td style=\"width: 16.3677%; height: 28px;\"><span style=\"font-family: arial, helvetica, sans-serif;\">Impress\u00e3o:<\/span><\/td>\n<td style=\"width: 85.539%; height: 28px;\"><span class=\"info-data\" style=\"font-family: arial, helvetica, sans-serif;\">\u00a0CMYK, cores Pantone (PMS), impress\u00e3o serigr\u00e1fica, impress\u00e3o offset UV, sem impress\u00e3o<br \/>\n<\/span><\/td>\n<\/tr>\n<tr style=\"background-color: #eee;\">\n<td style=\"width: 16.3677%; height: 28px;\"><span style=\"font-family: arial, helvetica, sans-serif;\">Acabamento\uff1a<\/span><\/td>\n<td style=\"width: 85.539%; height: 28px;\"><span style=\"font-family: arial, helvetica, sans-serif;\">\u00a0Brilho\/ fosco, serigrafia, folha dourada\/prateada, grava\u00e7\u00e3o em relevo\/em relevo, textura, UV pontual, UV inundado. .<\/span><\/td>\n<\/tr>\n<tr style=\"background-color: #eee;\">\n<td style=\"width: 16.3677%; height: 28px;\"><span style=\"font-family: arial, helvetica, sans-serif;\">Arte-final:<\/span><\/td>\n<td style=\"width: 85.539%; height: 28px;\"><span style=\"font-family: arial, helvetica, sans-serif;\">\u00a0PDF, AI, CDR, PSD, Adobe, Core IDraw, etc.<\/span><\/td>\n<\/tr>\n<tr style=\"height: 24px;\">\n<td style=\"width: 16.3677%; height: 28px;\"><span class=\"attr-name J-attr-name\" style=\"font-family: arial, helvetica, sans-serif;\" title=\"MOQ\">Op\u00e7\u00f5es de acess\u00f3rios:<\/span><\/td>\n<td style=\"width: 85.539%; height: 28px;\"><span style=\"font-family: arial, helvetica, sans-serif;\">\u00a0Folha de PVC ou PET, EVA, esponja, veludo, pega, \u00edman, fita, autocolantes, etc.<\/span><\/td>\n<\/tr>\n<tr style=\"background-color: #eee;\">\n<td style=\"width: 16.3677%; height: 28px;\"><span style=\"font-family: arial, helvetica, sans-serif;\">Outras op\u00e7\u00f5es:<\/span><\/td>\n<td style=\"width: 85.539%; height: 28px;\"><span style=\"font-family: arial, helvetica, sans-serif;\">\u00a0Recortes de janelas, corte e vinco, colagem, riscagem, perfura\u00e7\u00e3o, tinta impressa.<\/span><\/td>\n<\/tr>\n<tr style=\"height: 24px;\">\n<td style=\"width: 16.3677%; height: 28px;\"><span class=\"attr-name J-attr-name\" style=\"font-family: arial, helvetica, sans-serif;\" title=\"MOQ\">Prazo de entrega da amostra:<\/span><\/td>\n<td style=\"width: 85.539%; height: 28px;\"><span style=\"font-family: arial, helvetica, sans-serif;\">\u00a03-7 dias para recolha de amostras e envio por correio expresso para a sua porta<\/span><\/td>\n<\/tr>\n<tr style=\"background-color: #eee;\">\n<td style=\"width: 16.3677%; height: 28px;\"><span style=\"font-family: arial, helvetica, sans-serif;\">Quantidades:<\/span><\/td>\n<td style=\"width: 85.539%; height: 28px;\"><span style=\"font-family: arial, helvetica, sans-serif;\">\u00a0100 - 500,000<\/span><\/td>\n<\/tr>\n<tr style=\"height: 24px;\">\n<td style=\"width: 16.3677%; height: 28px;\"><span style=\"font-family: arial, helvetica, sans-serif;\">Custo da amostra\uff1a<\/span><\/td>\n<td style=\"width: 85.539%; height: 28px;\"><span style=\"font-family: arial, helvetica, sans-serif;\">\u00a0Amostra existente gr\u00e1tis. A amostra personalizada precisa de uma taxa de amostra. O custo do frete ser\u00e1 do seu lado.<\/span><\/td>\n<\/tr>\n<\/tbody>\n<\/table>\n<h2><\/h2>\n<h2>Etiquetas de cart\u00e3o impressas personalizadas Detalhe:<\/h2>\n<table style=\"border-collapse: collapse; width: 100%;\">\n<tbody>\n<tr>\n<td style=\"width: 50%;\"><img decoding=\"async\" class=\"alignnone size-full wp-image-1958 lazyload\" data-src=\"https:\/\/favoritepacking.com\/wp-content\/uploads\/2024\/05\/lables-3.jpg\" alt=\"\" width=\"1000\" height=\"1000\" data-srcset=\"https:\/\/favoritepacking.com\/wp-content\/uploads\/2024\/05\/lables-3-66x66.jpg 66w, https:\/\/favoritepacking.com\/wp-content\/uploads\/2024\/05\/lables-3-200x200.jpg 200w, https:\/\/favoritepacking.com\/wp-content\/uploads\/2024\/05\/lables-3-300x300.jpg 300w, https:\/\/favoritepacking.com\/wp-content\/uploads\/2024\/05\/lables-3-400x400.jpg 400w, https:\/\/favoritepacking.com\/wp-content\/uploads\/2024\/05\/lables-3-500x500.jpg 500w, https:\/\/favoritepacking.com\/wp-content\/uploads\/2024\/05\/lables-3-600x600.jpg 600w, https:\/\/favoritepacking.com\/wp-content\/uploads\/2024\/05\/lables-3-700x700.jpg 700w, https:\/\/favoritepacking.com\/wp-content\/uploads\/2024\/05\/lables-3-768x768.jpg 768w, https:\/\/favoritepacking.com\/wp-content\/uploads\/2024\/05\/lables-3-800x800.jpg 800w, https:\/\/favoritepacking.com\/wp-content\/uploads\/2024\/05\/lables-3.jpg 1000w\" data-sizes=\"(max-width: 1000px) 100vw, 1000px\" src=\"data:image\/gif;base64,R0lGODlhAQABAAAAACH5BAEKAAEALAAAAAABAAEAAAICTAEAOw==\" style=\"--smush-placeholder-width: 1000px; --smush-placeholder-aspect-ratio: 1000\/1000;\" \/><noscript><img decoding=\"async\" class=\"alignnone size-full wp-image-1958\" src=\"https:\/\/favoritepacking.com\/wp-content\/uploads\/2024\/05\/lables-3.jpg\" alt=\"\" width=\"1000\" height=\"1000\" srcset=\"https:\/\/favoritepacking.com\/wp-content\/uploads\/2024\/05\/lables-3-66x66.jpg 66w, https:\/\/favoritepacking.com\/wp-content\/uploads\/2024\/05\/lables-3-200x200.jpg 200w, https:\/\/favoritepacking.com\/wp-content\/uploads\/2024\/05\/lables-3-300x300.jpg 300w, https:\/\/favoritepacking.com\/wp-content\/uploads\/2024\/05\/lables-3-400x400.jpg 400w, https:\/\/favoritepacking.com\/wp-content\/uploads\/2024\/05\/lables-3-500x500.jpg 500w, https:\/\/favoritepacking.com\/wp-content\/uploads\/2024\/05\/lables-3-600x600.jpg 600w, https:\/\/favoritepacking.com\/wp-content\/uploads\/2024\/05\/lables-3-700x700.jpg 700w, https:\/\/favoritepacking.com\/wp-content\/uploads\/2024\/05\/lables-3-768x768.jpg 768w, https:\/\/favoritepacking.com\/wp-content\/uploads\/2024\/05\/lables-3-800x800.jpg 800w, https:\/\/favoritepacking.com\/wp-content\/uploads\/2024\/05\/lables-3.jpg 1000w\" sizes=\"(max-width: 1000px) 100vw, 1000px\" \/><\/noscript><\/td>\n<td style=\"width: 50%;\"><img decoding=\"async\" class=\"alignnone size-full wp-image-1957 lazyload\" data-src=\"https:\/\/favoritepacking.com\/wp-content\/uploads\/2024\/05\/lables-6.jpg\" alt=\"\" width=\"1000\" height=\"1000\" data-srcset=\"https:\/\/favoritepacking.com\/wp-content\/uploads\/2024\/05\/lables-6-66x66.jpg 66w, https:\/\/favoritepacking.com\/wp-content\/uploads\/2024\/05\/lables-6-200x200.jpg 200w, https:\/\/favoritepacking.com\/wp-content\/uploads\/2024\/05\/lables-6-300x300.jpg 300w, https:\/\/favoritepacking.com\/wp-content\/uploads\/2024\/05\/lables-6-400x400.jpg 400w, https:\/\/favoritepacking.com\/wp-content\/uploads\/2024\/05\/lables-6-500x500.jpg 500w, https:\/\/favoritepacking.com\/wp-content\/uploads\/2024\/05\/lables-6-600x600.jpg 600w, https:\/\/favoritepacking.com\/wp-content\/uploads\/2024\/05\/lables-6-700x700.jpg 700w, https:\/\/favoritepacking.com\/wp-content\/uploads\/2024\/05\/lables-6-768x768.jpg 768w, https:\/\/favoritepacking.com\/wp-content\/uploads\/2024\/05\/lables-6-800x800.jpg 800w, https:\/\/favoritepacking.com\/wp-content\/uploads\/2024\/05\/lables-6.jpg 1000w\" data-sizes=\"(max-width: 1000px) 100vw, 1000px\" src=\"data:image\/gif;base64,R0lGODlhAQABAAAAACH5BAEKAAEALAAAAAABAAEAAAICTAEAOw==\" style=\"--smush-placeholder-width: 1000px; --smush-placeholder-aspect-ratio: 1000\/1000;\" \/><noscript><img decoding=\"async\" class=\"alignnone size-full wp-image-1957\" src=\"https:\/\/favoritepacking.com\/wp-content\/uploads\/2024\/05\/lables-6.jpg\" alt=\"\" width=\"1000\" height=\"1000\" srcset=\"https:\/\/favoritepacking.com\/wp-content\/uploads\/2024\/05\/lables-6-66x66.jpg 66w, https:\/\/favoritepacking.com\/wp-content\/uploads\/2024\/05\/lables-6-200x200.jpg 200w, https:\/\/favoritepacking.com\/wp-content\/uploads\/2024\/05\/lables-6-300x300.jpg 300w, https:\/\/favoritepacking.com\/wp-content\/uploads\/2024\/05\/lables-6-400x400.jpg 400w, https:\/\/favoritepacking.com\/wp-content\/uploads\/2024\/05\/lables-6-500x500.jpg 500w, https:\/\/favoritepacking.com\/wp-content\/uploads\/2024\/05\/lables-6-600x600.jpg 600w, https:\/\/favoritepacking.com\/wp-content\/uploads\/2024\/05\/lables-6-700x700.jpg 700w, https:\/\/favoritepacking.com\/wp-content\/uploads\/2024\/05\/lables-6-768x768.jpg 768w, https:\/\/favoritepacking.com\/wp-content\/uploads\/2024\/05\/lables-6-800x800.jpg 800w, https:\/\/favoritepacking.com\/wp-content\/uploads\/2024\/05\/lables-6.jpg 1000w\" sizes=\"(max-width: 1000px) 100vw, 1000px\" \/><\/noscript><\/td>\n<\/tr>\n<tr>\n<td style=\"width: 50%;\"><\/td>\n<td style=\"width: 50%;\"><\/td>\n<\/tr>\n<\/tbody>\n<\/table>\n<div class=\"flex flex-grow flex-col max-w-full\">\n<div class=\"min-h-[20px] text-message flex flex-col items-start gap-3 whitespace-pre-wrap break-words [.text-message+&amp;]:mt-5 overflow-x-auto\" data-message-author-role=\"assistant\" data-message-id=\"3e12a1cb-1121-4a3c-82bf-3453e2ca396f\">\n<div class=\"markdown prose w-full break-words dark:prose-invert light\">\n<p>&nbsp;<\/p>\n<h4><strong>Porqu\u00ea escolher <\/strong><strong>Embalagem favorita <\/strong><strong>Etiquetas de cart\u00e3o impressas personalizadas:<\/strong><\/h4>\n<ol>\n<li>\n<div data-slate-node=\"element\"><strong>Garantia de qualidade:<\/strong> Cada expositor de cart\u00e3o \u00e9 submetido a uma rigorosa inspe\u00e7\u00e3o de qualidade 100% para garantir que apenas os melhores produtos chegam aos nossos clientes. Compreendemos a import\u00e2ncia de uma embalagem impec\u00e1vel para preservar a integridade dos seus produtos, e o nosso compromisso com a qualidade reflecte-se em cada expositor que produzimos.<\/div>\n<\/li>\n<li>\n<div data-slate-node=\"element\"><span data-slate-node=\"text\"><span class=\"null\" data-slate-leaf=\"true\" data-sent-id=\"ae2XRWO3pz\"><strong>Solu\u00e7\u00e3o de balc\u00e3o \u00fanico:<\/strong> Desde a conce\u00e7\u00e3o do produto at\u00e9 \u00e0 produ\u00e7\u00e3o e embalagem, fornecemos servi\u00e7os completos num s\u00f3 local para simplificar o seu processo de embalagem. <\/span><\/span><span data-slate-node=\"text\"><span class=\"null\" data-slate-leaf=\"true\" data-sent-id=\"3eEGYd8jDz\">A nossa equipa de profissionais experientes trabalha em estreita colabora\u00e7\u00e3o consigo para criar solu\u00e7\u00f5es de embalagem personalizadas que se alinham perfeitamente com a identidade da sua marca e os requisitos do produto.<\/span><\/span><\/div>\n<\/li>\n<li>\n<div data-slate-node=\"element\"><span data-slate-node=\"text\"><span class=\"null\" data-slate-leaf=\"true\" data-sent-id=\"JV00Mb3X1V\"><strong>Aplica\u00e7\u00f5es vers\u00e1teis:<\/strong> Os nossos expositores de cart\u00e3o s\u00e3o adequados para uma vasta gama de produtos, incluindo cosm\u00e9ticos, eletr\u00f3nica, produtos alimentares, presentes e muito mais. <\/span><\/span><span data-slate-node=\"text\"><span class=\"null\" data-slate-leaf=\"true\" data-sent-id=\"4eJJ2Nnm4e\">Quer necessite de caixas resistentes para expedi\u00e7\u00e3o ou de embalagens elegantes para exposi\u00e7\u00e3o a retalho, temos a solu\u00e7\u00e3o perfeita para satisfazer as suas necessidades.<\/span><\/span><\/div>\n<\/li>\n<li>\n<div data-slate-node=\"element\"><span data-slate-node=\"text\"><span class=\"null\" data-slate-leaf=\"true\" data-sent-id=\"8exDLKo4ae\"><strong>Amigo do ambiente:<\/strong> Damos prioridade \u00e0 sustentabilidade no nosso processo de fabrico, utilizando materiais amigos do ambiente e minimizando os res\u00edduos. <\/span><\/span><span data-slate-node=\"text\"><span class=\"null\" data-slate-leaf=\"true\" data-sent-id=\"Ke35M13wEz\">Os nossos expositores de cart\u00e3o s\u00e3o recicl\u00e1veis e biodegrad\u00e1veis, ajudando-o a reduzir a sua pegada ambiental e, ao mesmo tempo, a mostrar o seu empenho na sustentabilidade.<\/span><\/span><\/div>\n<\/li>\n<\/ol>\n<p><img decoding=\"async\" class=\"alignnone size-full wp-image-1445 lazyload\" data-src=\"https:\/\/favoritepacking.com\/wp-content\/uploads\/2024\/04\/HH9.jpg\" alt=\"\" width=\"1100\" height=\"725\" data-srcset=\"https:\/\/favoritepacking.com\/wp-content\/uploads\/2024\/04\/HH9-200x132.jpg 200w, https:\/\/favoritepacking.com\/wp-content\/uploads\/2024\/04\/HH9-300x198.jpg 300w, https:\/\/favoritepacking.com\/wp-content\/uploads\/2024\/04\/HH9-400x264.jpg 400w, https:\/\/favoritepacking.com\/wp-content\/uploads\/2024\/04\/HH9-500x330.jpg 500w, https:\/\/favoritepacking.com\/wp-content\/uploads\/2024\/04\/HH9-600x395.jpg 600w, https:\/\/favoritepacking.com\/wp-content\/uploads\/2024\/04\/HH9-700x461.jpg 700w, https:\/\/favoritepacking.com\/wp-content\/uploads\/2024\/04\/HH9-768x506.jpg 768w, https:\/\/favoritepacking.com\/wp-content\/uploads\/2024\/04\/HH9-800x527.jpg 800w, https:\/\/favoritepacking.com\/wp-content\/uploads\/2024\/04\/HH9-1024x675.jpg 1024w, https:\/\/favoritepacking.com\/wp-content\/uploads\/2024\/04\/HH9.jpg 1100w\" data-sizes=\"(max-width: 1100px) 100vw, 1100px\" src=\"data:image\/gif;base64,R0lGODlhAQABAAAAACH5BAEKAAEALAAAAAABAAEAAAICTAEAOw==\" style=\"--smush-placeholder-width: 1100px; --smush-placeholder-aspect-ratio: 1100\/725;\" \/><noscript><img decoding=\"async\" class=\"alignnone size-full wp-image-1445\" src=\"https:\/\/favoritepacking.com\/wp-content\/uploads\/2024\/04\/HH9.jpg\" alt=\"\" width=\"1100\" height=\"725\" srcset=\"https:\/\/favoritepacking.com\/wp-content\/uploads\/2024\/04\/HH9-200x132.jpg 200w, https:\/\/favoritepacking.com\/wp-content\/uploads\/2024\/04\/HH9-300x198.jpg 300w, https:\/\/favoritepacking.com\/wp-content\/uploads\/2024\/04\/HH9-400x264.jpg 400w, https:\/\/favoritepacking.com\/wp-content\/uploads\/2024\/04\/HH9-500x330.jpg 500w, https:\/\/favoritepacking.com\/wp-content\/uploads\/2024\/04\/HH9-600x395.jpg 600w, https:\/\/favoritepacking.com\/wp-content\/uploads\/2024\/04\/HH9-700x461.jpg 700w, https:\/\/favoritepacking.com\/wp-content\/uploads\/2024\/04\/HH9-768x506.jpg 768w, https:\/\/favoritepacking.com\/wp-content\/uploads\/2024\/04\/HH9-800x527.jpg 800w, https:\/\/favoritepacking.com\/wp-content\/uploads\/2024\/04\/HH9-1024x675.jpg 1024w, https:\/\/favoritepacking.com\/wp-content\/uploads\/2024\/04\/HH9.jpg 1100w\" sizes=\"(max-width: 1100px) 100vw, 1100px\" \/><\/noscript><\/p>\n<\/div>\n<\/div>\n<\/div>\n<p>&nbsp;<\/p>","protected":false},"excerpt":{"rendered":"<p><span style=\"font-family: arial, helvetica, sans-serif; font-size: 14pt;\"><strong>Fabricante certificado pela Disney, NBCU, FSC, ISO e BSCI<\/strong><\/span><\/p>\n<ul>\n<li><span style=\"font-family: arial, helvetica, sans-serif;\">N\u00famero do modelo: HH-61218<label><br \/>\n<\/label><\/span><\/li>\n<li><span style=\"font-family: arial, helvetica, sans-serif;\">O tamanho da caixa, a estrutura da caixa, o design e a inser\u00e7\u00e3o podem ser personalizados.<\/span><\/li>\n<li><span style=\"font-family: arial, helvetica, sans-serif;\">Pode ser acrescentado um tratamento adicional para o log\u00f3tipo.<\/span><\/li>\n<\/ul>","protected":false},"featured_media":1958,"template":"","meta":{"content-type":""},"product_cat":[59],"product_tag":[],"class_list":{"0":"post-1955","1":"product","2":"type-product","3":"status-publish","4":"has-post-thumbnail","6":"product_cat-hang-tags","8":"first","9":"instock","10":"shipping-taxable","11":"product-type-simple"},"_links":{"self":[{"href":"https:\/\/favoritepacking.com\/pt\/wp-json\/wp\/v2\/product\/1955","targetHints":{"allow":["GET"]}}],"collection":[{"href":"https:\/\/favoritepacking.com\/pt\/wp-json\/wp\/v2\/product"}],"about":[{"href":"https:\/\/favoritepacking.com\/pt\/wp-json\/wp\/v2\/types\/product"}],"wp:featuredmedia":[{"embeddable":true,"href":"https:\/\/favoritepacking.com\/pt\/wp-json\/wp\/v2\/media\/1958"}],"wp:attachment":[{"href":"https:\/\/favoritepacking.com\/pt\/wp-json\/wp\/v2\/media?parent=1955"}],"wp:term":[{"taxonomy":"product_cat","embeddable":true,"href":"https:\/\/favoritepacking.com\/pt\/wp-json\/wp\/v2\/product_cat?post=1955"},{"taxonomy":"product_tag","embeddable":true,"href":"https:\/\/favoritepacking.com\/pt\/wp-json\/wp\/v2\/product_tag?post=1955"}],"curies":[{"name":"wp","href":"https:\/\/api.w.org\/{rel}","templated":true}]}}