{"id":2776,"date":"2026-01-15T02:12:28","date_gmt":"2026-01-15T02:12:28","guid":{"rendered":"https:\/\/favoritepacking.com\/?post_type=product&#038;p=2776"},"modified":"2026-01-15T03:27:44","modified_gmt":"2026-01-15T03:27:44","slug":"caixa-de-cartao-personalizada","status":"publish","type":"product","link":"https:\/\/favoritepacking.com\/pt\/product\/caixa-de-cartao-personalizada\/","title":{"rendered":"Caixas personalizadas de alta qualidade com log\u00f3tipo | Empresa de caixas de papel"},"content":{"rendered":"<div>\n<h3><em>Fornecemos caixas profissionais feitas \u00e0 medida com o log\u00f3tipo da sua marca<\/em><\/h3>\n<ul>\n<li>\n<h5>As nossas caixas de embalagem personalizadas de alta qualidade s\u00e3o concebidas para proteger e real\u00e7ar o valor premium do seu produto, criando uma experi\u00eancia visual \u00fanica para os seus clientes.<\/h5>\n<\/li>\n<li>\n<h5>Utilizando cart\u00e3o ondulado espesso de qualidade superior, as nossas caixas apresentam uma resist\u00eancia superior \u00e0 dobragem e \u00e0 compress\u00e3o. S\u00e3o submetidas a numerosos testes de simula\u00e7\u00e3o de queda e de carga para garantir uma maior taxa de sobreviv\u00eancia das mercadorias durante o transporte.<\/h5>\n<\/li>\n<li>\n<h5>A tecnologia de impress\u00e3o de alta defini\u00e7\u00e3o proporciona uma reprodu\u00e7\u00e3o realista e pormenorizada de cores e padr\u00f5es. Suportamos a personaliza\u00e7\u00e3o de p\u00e1gina inteira de log\u00f3tipos, imagens de marca, pontos de venda de produtos e muito mais, transformando a sua embalagem num outdoor m\u00f3vel da marca, aumentando eficazmente o reconhecimento da marca e a qualidade do produto.<\/h5>\n<\/li>\n<li>\n<h5>Uma equipa de design profissional ajuda na conce\u00e7\u00e3o para satisfazer com precis\u00e3o as suas necessidades de personaliza\u00e7\u00e3o.<\/h5>\n<\/li>\n<li>\n<h5>Prestamos um servi\u00e7o profissional com um tempo de resposta r\u00e1pido de 24 horas e entrega r\u00e1pida, garantindo que o seu calend\u00e1rio n\u00e3o \u00e9 atrasado. Tamanhos personalizados com precis\u00e3o eliminam o desperd\u00edcio de material e reduzem melhor os custos.<\/h5>\n<\/li>\n<\/ul>\n<\/div>\n<div>Fabricadas com precis\u00e3o nas nossas instala\u00e7\u00f5es de sala limpa de \u00faltima gera\u00e7\u00e3o, as nossas caixas de embalagem de cart\u00e3o canelado personalizadas oferecem uma qualidade e fiabilidade inigual\u00e1veis para todas as suas necessidades de embalagem.<\/div>\n<table border=\"1px\">\n<tbody>\n<tr>\n<td><span class=\"attr-name J-attr-name\" title=\"N\u00famero do modelo\" data-spm-anchor-id=\"a2700.details.0.i22.342964939VyW1g\">Nome<\/span><\/td>\n<td>Caixa de cart\u00e3o personalizada<\/td>\n<\/tr>\n<tr>\n<td><span class=\"attr-name J-attr-name\" title=\"Material\">Material:<\/span><\/td>\n<td>\u00a0Espessura do material r\u00edgido: 36pt, 48pt, papel Kraft, CCNB, papel de arte C1S, personalizado<\/td>\n<\/tr>\n<tr>\n<td>Dimens\u00f5es:<\/td>\n<td>\u00a0Todos os tamanhos e formas personalizados<\/td>\n<\/tr>\n<tr>\n<td>Impress\u00e3o:<\/td>\n<td><span class=\"info-data\">\u00a0CMYK, cores Pantone (PMS), impress\u00e3o serigr\u00e1fica, impress\u00e3o offset UV, sem impress\u00e3o<br \/>\n<\/span><\/td>\n<\/tr>\n<tr>\n<td>Acabamento\uff1a<\/td>\n<td>\u00a0Brilho\/ fosco, serigrafia, folha dourada\/prateada, grava\u00e7\u00e3o em relevo\/em relevo, textura, UV pontual, UV inundado. .<\/td>\n<\/tr>\n<tr>\n<td>Arte-final:<\/td>\n<td>\u00a0PDF, AI, CDR, PSD, Adobe, Core IDraw, etc.<\/td>\n<\/tr>\n<tr>\n<td><span class=\"attr-name J-attr-name\" title=\"MOQ\">Op\u00e7\u00f5es de acess\u00f3rios:<\/span><\/td>\n<td>\u00a0Folha de PVC ou PET, EVA, esponja, veludo, pega, \u00edman, fita, autocolantes, etc.<\/td>\n<\/tr>\n<tr>\n<td>Outras op\u00e7\u00f5es:<\/td>\n<td>\u00a0Recortes de janelas, corte e vinco, colagem, riscagem, perfura\u00e7\u00e3o, tinta impressa.<\/td>\n<\/tr>\n<tr>\n<td><span class=\"attr-name J-attr-name\" title=\"MOQ\">Prazo de entrega da amostra:<\/span><\/td>\n<td>\u00a03-7 dias para recolha de amostras e envio por correio expresso para a sua porta<\/td>\n<\/tr>\n<tr>\n<td>Quantidades:<\/td>\n<td>\u00a0100 - 500,000<\/td>\n<\/tr>\n<tr>\n<td>Custo da amostra\uff1a<\/td>\n<td>\u00a0Amostra existente gr\u00e1tis. A amostra personalizada precisa de uma taxa de amostra. O custo do frete ser\u00e1 do seu lado.<\/td>\n<\/tr>\n<\/tbody>\n<\/table>\n<h2><\/h2>\n<h3><em>Detalhe das caixas de correio personalizadas:<\/em><\/h3>\n<p><img decoding=\"async\" class=\"alignnone size-full wp-image-2779 lazyload\" data-src=\"https:\/\/favoritepacking.com\/wp-content\/uploads\/2026\/01\/26.jpg\" alt=\"Caixa de cart\u00e3o personalizada\" width=\"750\" height=\"750\" data-srcset=\"https:\/\/favoritepacking.com\/wp-content\/uploads\/2026\/01\/26-12x12.jpg 12w, https:\/\/favoritepacking.com\/wp-content\/uploads\/2026\/01\/26-66x66.jpg 66w, https:\/\/favoritepacking.com\/wp-content\/uploads\/2026\/01\/26-200x200.jpg 200w, https:\/\/favoritepacking.com\/wp-content\/uploads\/2026\/01\/26-300x300.jpg 300w, https:\/\/favoritepacking.com\/wp-content\/uploads\/2026\/01\/26-400x400.jpg 400w, https:\/\/favoritepacking.com\/wp-content\/uploads\/2026\/01\/26-500x500.jpg 500w, https:\/\/favoritepacking.com\/wp-content\/uploads\/2026\/01\/26-600x600.jpg 600w, https:\/\/favoritepacking.com\/wp-content\/uploads\/2026\/01\/26-700x700.jpg 700w, https:\/\/favoritepacking.com\/wp-content\/uploads\/2026\/01\/26.jpg 750w\" data-sizes=\"(max-width: 750px) 100vw, 750px\" src=\"data:image\/gif;base64,R0lGODlhAQABAAAAACH5BAEKAAEALAAAAAABAAEAAAICTAEAOw==\" style=\"--smush-placeholder-width: 750px; --smush-placeholder-aspect-ratio: 750\/750;\" \/><noscript><img decoding=\"async\" class=\"alignnone size-full wp-image-2779\" src=\"https:\/\/favoritepacking.com\/wp-content\/uploads\/2026\/01\/26.jpg\" alt=\"Caixa de cart\u00e3o personalizada\" width=\"750\" height=\"750\" srcset=\"https:\/\/favoritepacking.com\/wp-content\/uploads\/2026\/01\/26-12x12.jpg 12w, https:\/\/favoritepacking.com\/wp-content\/uploads\/2026\/01\/26-66x66.jpg 66w, https:\/\/favoritepacking.com\/wp-content\/uploads\/2026\/01\/26-200x200.jpg 200w, https:\/\/favoritepacking.com\/wp-content\/uploads\/2026\/01\/26-300x300.jpg 300w, https:\/\/favoritepacking.com\/wp-content\/uploads\/2026\/01\/26-400x400.jpg 400w, https:\/\/favoritepacking.com\/wp-content\/uploads\/2026\/01\/26-500x500.jpg 500w, https:\/\/favoritepacking.com\/wp-content\/uploads\/2026\/01\/26-600x600.jpg 600w, https:\/\/favoritepacking.com\/wp-content\/uploads\/2026\/01\/26-700x700.jpg 700w, https:\/\/favoritepacking.com\/wp-content\/uploads\/2026\/01\/26.jpg 750w\" sizes=\"(max-width: 750px) 100vw, 750px\" \/><\/noscript><img decoding=\"async\" class=\"alignnone size-full wp-image-2778 lazyload\" data-src=\"https:\/\/favoritepacking.com\/wp-content\/uploads\/2026\/01\/25.jpg\" alt=\"\" width=\"750\" height=\"750\" data-srcset=\"https:\/\/favoritepacking.com\/wp-content\/uploads\/2026\/01\/25-12x12.jpg 12w, https:\/\/favoritepacking.com\/wp-content\/uploads\/2026\/01\/25-66x66.jpg 66w, https:\/\/favoritepacking.com\/wp-content\/uploads\/2026\/01\/25-200x200.jpg 200w, https:\/\/favoritepacking.com\/wp-content\/uploads\/2026\/01\/25-300x300.jpg 300w, https:\/\/favoritepacking.com\/wp-content\/uploads\/2026\/01\/25-400x400.jpg 400w, https:\/\/favoritepacking.com\/wp-content\/uploads\/2026\/01\/25-500x500.jpg 500w, https:\/\/favoritepacking.com\/wp-content\/uploads\/2026\/01\/25-600x600.jpg 600w, https:\/\/favoritepacking.com\/wp-content\/uploads\/2026\/01\/25-700x700.jpg 700w, https:\/\/favoritepacking.com\/wp-content\/uploads\/2026\/01\/25.jpg 750w\" data-sizes=\"(max-width: 750px) 100vw, 750px\" src=\"data:image\/gif;base64,R0lGODlhAQABAAAAACH5BAEKAAEALAAAAAABAAEAAAICTAEAOw==\" style=\"--smush-placeholder-width: 750px; --smush-placeholder-aspect-ratio: 750\/750;\" \/><noscript><img decoding=\"async\" class=\"alignnone size-full wp-image-2778\" src=\"https:\/\/favoritepacking.com\/wp-content\/uploads\/2026\/01\/25.jpg\" alt=\"\" width=\"750\" height=\"750\" srcset=\"https:\/\/favoritepacking.com\/wp-content\/uploads\/2026\/01\/25-12x12.jpg 12w, https:\/\/favoritepacking.com\/wp-content\/uploads\/2026\/01\/25-66x66.jpg 66w, https:\/\/favoritepacking.com\/wp-content\/uploads\/2026\/01\/25-200x200.jpg 200w, https:\/\/favoritepacking.com\/wp-content\/uploads\/2026\/01\/25-300x300.jpg 300w, https:\/\/favoritepacking.com\/wp-content\/uploads\/2026\/01\/25-400x400.jpg 400w, https:\/\/favoritepacking.com\/wp-content\/uploads\/2026\/01\/25-500x500.jpg 500w, https:\/\/favoritepacking.com\/wp-content\/uploads\/2026\/01\/25-600x600.jpg 600w, https:\/\/favoritepacking.com\/wp-content\/uploads\/2026\/01\/25-700x700.jpg 700w, https:\/\/favoritepacking.com\/wp-content\/uploads\/2026\/01\/25.jpg 750w\" sizes=\"(max-width: 750px) 100vw, 750px\" \/><\/noscript><\/p>\n<h3><em><span style=\"font-size: 18pt;\"><strong>Porqu\u00ea escolher a Favorite Packing b<\/strong><strong>falta de caixas de correio:<\/strong><\/span><\/em><\/h3>\n<ol>\n<li>\n<div data-slate-node=\"element\"><strong>Garantia de qualidade:<\/strong>\u00a0Cada caixa de papel \u00e9 submetida a uma rigorosa inspe\u00e7\u00e3o de qualidade 100% para garantir que apenas os melhores produtos chegam aos nossos clientes. Compreendemos a import\u00e2ncia de uma embalagem impec\u00e1vel para preservar a integridade dos seus produtos, e o nosso compromisso com a qualidade reflecte-se em cada caixa que produzimos.<\/div>\n<\/li>\n<li>\n<div data-slate-node=\"element\"><span data-slate-node=\"text\"><span class=\"null\" data-slate-leaf=\"true\" data-sent-id=\"ae2XRWO3pz\"><strong>Solu\u00e7\u00e3o de balc\u00e3o \u00fanico:<\/strong>\u00a0Desde a conce\u00e7\u00e3o do produto at\u00e9 \u00e0 produ\u00e7\u00e3o e embalagem, fornecemos servi\u00e7os completos num s\u00f3 local para simplificar o seu processo de embalagem.\u00a0<\/span><\/span><span data-slate-node=\"text\"><span class=\"null\" data-slate-leaf=\"true\" data-sent-id=\"3eEGYd8jDz\">A nossa equipa de profissionais experientes trabalha em estreita colabora\u00e7\u00e3o consigo para criar solu\u00e7\u00f5es de embalagem personalizadas que se alinham perfeitamente com a identidade da sua marca e os requisitos do produto.<\/span><\/span><\/div>\n<\/li>\n<li>\n<div data-slate-node=\"element\"><span data-slate-node=\"text\"><span class=\"null\" data-slate-leaf=\"true\" data-sent-id=\"JV00Mb3X1V\"><strong>Aplica\u00e7\u00f5es vers\u00e1teis:<\/strong>\u00a0As nossas caixas de embalagem de papel s\u00e3o adequadas para uma vasta gama de produtos, incluindo cosm\u00e9ticos, produtos electr\u00f3nicos, produtos alimentares, presentes e muito mais.\u00a0<\/span><\/span><span data-slate-node=\"text\"><span class=\"null\" data-slate-leaf=\"true\" data-sent-id=\"4eJJ2Nnm4e\">Quer necessite de caixas resistentes para expedi\u00e7\u00e3o ou de embalagens elegantes para exposi\u00e7\u00e3o a retalho, temos a solu\u00e7\u00e3o perfeita para satisfazer as suas necessidades.<\/span><\/span><\/div>\n<\/li>\n<li>\n<div data-slate-node=\"element\"><span data-slate-node=\"text\"><span class=\"null\" data-slate-leaf=\"true\" data-sent-id=\"8exDLKo4ae\"><strong>Amigo do ambiente:<\/strong>\u00a0Damos prioridade \u00e0 sustentabilidade no nosso processo de fabrico, utilizando materiais amigos do ambiente e minimizando os res\u00edduos.\u00a0<\/span><\/span><span data-slate-node=\"text\"><span class=\"null\" data-slate-leaf=\"true\" data-sent-id=\"Ke35M13wEz\">As nossas caixas de papel s\u00e3o recicl\u00e1veis e biodegrad\u00e1veis, ajudando-o a reduzir a sua pegada ambiental ao mesmo tempo que demonstra o seu compromisso com a sustentabilidade.<\/span><\/span><\/div>\n<\/li>\n<\/ol>\n<div id=\"attachment_1445\" style=\"width: 1110px\" class=\"wp-caption alignnone\"><img decoding=\"async\" aria-describedby=\"caption-attachment-1445\" class=\"wp-image-1445 size-full lazyload\" data-src=\"https:\/\/favoritepacking.com\/wp-content\/uploads\/2024\/04\/HH9.jpg\" alt=\"Diagrama explicativo\" width=\"1100\" height=\"725\" data-srcset=\"https:\/\/favoritepacking.com\/wp-content\/uploads\/2024\/04\/HH9-200x132.jpg 200w, https:\/\/favoritepacking.com\/wp-content\/uploads\/2024\/04\/HH9-300x198.jpg 300w, https:\/\/favoritepacking.com\/wp-content\/uploads\/2024\/04\/HH9-400x264.jpg 400w, https:\/\/favoritepacking.com\/wp-content\/uploads\/2024\/04\/HH9-500x330.jpg 500w, https:\/\/favoritepacking.com\/wp-content\/uploads\/2024\/04\/HH9-600x395.jpg 600w, https:\/\/favoritepacking.com\/wp-content\/uploads\/2024\/04\/HH9-700x461.jpg 700w, https:\/\/favoritepacking.com\/wp-content\/uploads\/2024\/04\/HH9-768x506.jpg 768w, https:\/\/favoritepacking.com\/wp-content\/uploads\/2024\/04\/HH9-800x527.jpg 800w, https:\/\/favoritepacking.com\/wp-content\/uploads\/2024\/04\/HH9-1024x675.jpg 1024w, https:\/\/favoritepacking.com\/wp-content\/uploads\/2024\/04\/HH9.jpg 1100w\" data-sizes=\"(max-width: 1100px) 100vw, 1100px\" src=\"data:image\/gif;base64,R0lGODlhAQABAAAAACH5BAEKAAEALAAAAAABAAEAAAICTAEAOw==\" style=\"--smush-placeholder-width: 1100px; --smush-placeholder-aspect-ratio: 1100\/725;\" \/><noscript><img decoding=\"async\" aria-describedby=\"caption-attachment-1445\" class=\"wp-image-1445 size-full\" src=\"https:\/\/favoritepacking.com\/wp-content\/uploads\/2024\/04\/HH9.jpg\" alt=\"Diagrama explicativo\" width=\"1100\" height=\"725\" srcset=\"https:\/\/favoritepacking.com\/wp-content\/uploads\/2024\/04\/HH9-200x132.jpg 200w, https:\/\/favoritepacking.com\/wp-content\/uploads\/2024\/04\/HH9-300x198.jpg 300w, https:\/\/favoritepacking.com\/wp-content\/uploads\/2024\/04\/HH9-400x264.jpg 400w, https:\/\/favoritepacking.com\/wp-content\/uploads\/2024\/04\/HH9-500x330.jpg 500w, https:\/\/favoritepacking.com\/wp-content\/uploads\/2024\/04\/HH9-600x395.jpg 600w, https:\/\/favoritepacking.com\/wp-content\/uploads\/2024\/04\/HH9-700x461.jpg 700w, https:\/\/favoritepacking.com\/wp-content\/uploads\/2024\/04\/HH9-768x506.jpg 768w, https:\/\/favoritepacking.com\/wp-content\/uploads\/2024\/04\/HH9-800x527.jpg 800w, https:\/\/favoritepacking.com\/wp-content\/uploads\/2024\/04\/HH9-1024x675.jpg 1024w, https:\/\/favoritepacking.com\/wp-content\/uploads\/2024\/04\/HH9.jpg 1100w\" sizes=\"(max-width: 1100px) 100vw, 1100px\" \/><\/noscript><p id=\"caption-attachment-1445\" class=\"wp-caption-text\">Os trabalhadores da oficina de impress\u00e3o est\u00e3o a verificar cuidadosamente as chapas e as cores.<\/p><\/div>\n<h3><em>Contacte os melhores fabricantes de caixas personalizadas hoje\uff01<\/em><\/h3>","protected":false},"excerpt":{"rendered":"<p>As nossas caixas r\u00edgidas criativas foram concebidas para proteger e apresentar os seus produtos, criando uma experi\u00eancia visual e t\u00e1til \u00fanica para os seus clientes.<\/p>","protected":false},"featured_media":2778,"template":"","meta":{"content-type":""},"product_cat":[61],"product_tag":[],"class_list":{"0":"post-2776","1":"product","2":"type-product","3":"status-publish","4":"has-post-thumbnail","6":"product_cat-rigid-boxes","8":"first","9":"instock","10":"shipping-taxable","11":"product-type-simple"},"yoast_head":"<!-- This site is optimized with the Yoast SEO Premium plugin v21.9 (Yoast SEO v23.4) - https:\/\/yoast.com\/wordpress\/plugins\/seo\/ -->\n<title>High Quality Custom Made Boxes with Logo | Paper Box Company - Professional Packaging Box Manufacturer<\/title>\n<meta name=\"description\" content=\"Our custom boxes are designed to provide solutions, creating a unique visual tactile experience for your customers.\" \/>\n<meta name=\"robots\" content=\"index, follow, max-snippet:-1, max-image-preview:large, max-video-preview:-1\" \/>\n<link rel=\"canonical\" href=\"https:\/\/favoritepacking.com\/pt\/product\/caixa-de-cartao-personalizada\/\" \/>\n<meta property=\"og:locale\" content=\"pt_PT\" \/>\n<meta property=\"og:type\" content=\"article\" \/>\n<meta property=\"og:title\" content=\"High Quality Custom Made Boxes with Logo | Paper Box Company\" \/>\n<meta property=\"og:description\" content=\"Our custom boxes are designed to provide solutions, creating a unique visual tactile experience for your customers.\" \/>\n<meta property=\"og:url\" content=\"https:\/\/favoritepacking.com\/pt\/product\/caixa-de-cartao-personalizada\/\" \/>\n<meta property=\"og:site_name\" content=\"Professional Packaging Box Manufacturer\" \/>\n<meta property=\"article:modified_time\" content=\"2026-01-15T03:27:44+00:00\" \/>\n<meta property=\"og:image\" content=\"https:\/\/favoritepacking.com\/wp-content\/uploads\/2026\/01\/25.jpg\" \/>\n\t<meta property=\"og:image:width\" content=\"750\" \/>\n\t<meta property=\"og:image:height\" content=\"750\" \/>\n\t<meta property=\"og:image:type\" content=\"image\/jpeg\" \/>\n<meta name=\"twitter:card\" content=\"summary_large_image\" \/>\n<meta name=\"twitter:label1\" content=\"pre\u00e7o\" \/>\n\t<meta name=\"twitter:data1\" content=\"\" \/>\n\t<meta name=\"twitter:label2\" content=\"Disponibilidade\" \/>\n\t<meta name=\"twitter:data2\" content=\"Em stock\" \/>\n<script type=\"application\/ld+json\" class=\"yoast-schema-graph\">{\"@context\":\"https:\/\/schema.org\",\"@graph\":[{\"@type\":\"WebPage\",\"@id\":\"https:\/\/favoritepacking.com\/product\/custom-made-carton-box\/\",\"url\":\"https:\/\/favoritepacking.com\/product\/custom-made-carton-box\/\",\"name\":\"High Quality Custom Made Boxes with Logo | Paper Box Company - Professional Packaging Box Manufacturer\",\"isPartOf\":{\"@id\":\"https:\/\/favoritepacking.com\/#website\"},\"primaryImageOfPage\":{\"@id\":\"https:\/\/favoritepacking.com\/product\/custom-made-carton-box\/#primaryimage\"},\"image\":{\"@id\":\"https:\/\/favoritepacking.com\/product\/custom-made-carton-box\/#primaryimage\"},\"thumbnailUrl\":\"https:\/\/favoritepacking.com\/wp-content\/uploads\/2026\/01\/25.jpg\",\"datePublished\":\"2026-01-15T02:12:28+00:00\",\"dateModified\":\"2026-01-15T03:27:44+00:00\",\"description\":\"Our custom boxes are designed to provide solutions, creating a unique visual tactile experience for your customers.\",\"breadcrumb\":{\"@id\":\"https:\/\/favoritepacking.com\/product\/custom-made-carton-box\/#breadcrumb\"},\"inLanguage\":\"pt-PT\",\"potentialAction\":[{\"@type\":\"ReadAction\",\"target\":[\"https:\/\/favoritepacking.com\/product\/custom-made-carton-box\/\"]}]},{\"@type\":\"ImageObject\",\"inLanguage\":\"pt-PT\",\"@id\":\"https:\/\/favoritepacking.com\/product\/custom-made-carton-box\/#primaryimage\",\"url\":\"https:\/\/favoritepacking.com\/wp-content\/uploads\/2026\/01\/25.jpg\",\"contentUrl\":\"https:\/\/favoritepacking.com\/wp-content\/uploads\/2026\/01\/25.jpg\",\"width\":750,\"height\":750},{\"@type\":\"BreadcrumbList\",\"@id\":\"https:\/\/favoritepacking.com\/product\/custom-made-carton-box\/#breadcrumb\",\"itemListElement\":[{\"@type\":\"ListItem\",\"position\":1,\"name\":\"Home\",\"item\":\"https:\/\/favoritepacking.com\/\"},{\"@type\":\"ListItem\",\"position\":2,\"name\":\"PRODUCTS\",\"item\":\"https:\/\/favoritepacking.com\/products\/\"},{\"@type\":\"ListItem\",\"position\":3,\"name\":\"High Quality Custom Made Boxes with Logo | Paper Box Company\"}]},{\"@type\":\"WebSite\",\"@id\":\"https:\/\/favoritepacking.com\/#website\",\"url\":\"https:\/\/favoritepacking.com\/\",\"name\":\"Favorite Packing\",\"description\":\"Favorite Packing\",\"publisher\":{\"@id\":\"https:\/\/favoritepacking.com\/#organization\"},\"potentialAction\":[{\"@type\":\"SearchAction\",\"target\":{\"@type\":\"EntryPoint\",\"urlTemplate\":\"https:\/\/favoritepacking.com\/?s={search_term_string}\"},\"query-input\":{\"@type\":\"PropertyValueSpecification\",\"valueRequired\":true,\"valueName\":\"search_term_string\"}}],\"inLanguage\":\"pt-PT\"},{\"@type\":\"Organization\",\"@id\":\"https:\/\/favoritepacking.com\/#organization\",\"name\":\"favorite packing\",\"url\":\"https:\/\/favoritepacking.com\/\",\"logo\":{\"@type\":\"ImageObject\",\"inLanguage\":\"pt-PT\",\"@id\":\"https:\/\/favoritepacking.com\/#\/schema\/logo\/image\/\",\"url\":\"https:\/\/favoritepacking.com\/wp-content\/uploads\/2024\/12\/favoritepackingLOGO.png\",\"contentUrl\":\"https:\/\/favoritepacking.com\/wp-content\/uploads\/2024\/12\/favoritepackingLOGO.png\",\"width\":167,\"height\":129,\"caption\":\"favorite packing\"},\"image\":{\"@id\":\"https:\/\/favoritepacking.com\/#\/schema\/logo\/image\/\"}}]}<\/script>\n<meta property=\"product:price:amount\" content=\"0.00\" \/>\n<meta property=\"product:price:currency\" content=\"USD\" \/>\n<meta property=\"og:availability\" content=\"instock\" \/>\n<meta property=\"product:availability\" content=\"instock\" \/>\n<meta property=\"product:condition\" content=\"new\" \/>\n<!-- \/ Yoast SEO Premium plugin. -->","yoast_head_json":{"title":"Caixas personalizadas de alta qualidade com log\u00f3tipo | Empresa de caixas de papel - Fabricante profissional de caixas de embalagem","description":"As nossas caixas personalizadas s\u00e3o concebidas para fornecer solu\u00e7\u00f5es, criando uma experi\u00eancia visual e t\u00e1til \u00fanica para os seus clientes.","robots":{"index":"index","follow":"follow","max-snippet":"max-snippet:-1","max-image-preview":"max-image-preview:large","max-video-preview":"max-video-preview:-1"},"canonical":"https:\/\/favoritepacking.com\/pt\/product\/caixa-de-cartao-personalizada\/","og_locale":"pt_PT","og_type":"article","og_title":"High Quality Custom Made Boxes with Logo | Paper Box Company","og_description":"Our custom boxes are designed to provide solutions, creating a unique visual tactile experience for your customers.","og_url":"https:\/\/favoritepacking.com\/pt\/product\/caixa-de-cartao-personalizada\/","og_site_name":"Professional Packaging Box Manufacturer","article_modified_time":"2026-01-15T03:27:44+00:00","og_image":[{"width":750,"height":750,"url":"https:\/\/favoritepacking.com\/wp-content\/uploads\/2026\/01\/25.jpg","type":"image\/jpeg"}],"twitter_card":"summary_large_image","twitter_misc":{"pre\u00e7o":"","Disponibilidade":"Em stock"},"schema":{"@context":"https:\/\/schema.org","@graph":[{"@type":"WebPage","@id":"https:\/\/favoritepacking.com\/product\/custom-made-carton-box\/","url":"https:\/\/favoritepacking.com\/product\/custom-made-carton-box\/","name":"Caixas personalizadas de alta qualidade com log\u00f3tipo | Empresa de caixas de papel - Fabricante profissional de caixas de embalagem","isPartOf":{"@id":"https:\/\/favoritepacking.com\/#website"},"primaryImageOfPage":{"@id":"https:\/\/favoritepacking.com\/product\/custom-made-carton-box\/#primaryimage"},"image":{"@id":"https:\/\/favoritepacking.com\/product\/custom-made-carton-box\/#primaryimage"},"thumbnailUrl":"https:\/\/favoritepacking.com\/wp-content\/uploads\/2026\/01\/25.jpg","datePublished":"2026-01-15T02:12:28+00:00","dateModified":"2026-01-15T03:27:44+00:00","description":"As nossas caixas personalizadas s\u00e3o concebidas para fornecer solu\u00e7\u00f5es, criando uma experi\u00eancia visual e t\u00e1til \u00fanica para os seus clientes.","breadcrumb":{"@id":"https:\/\/favoritepacking.com\/product\/custom-made-carton-box\/#breadcrumb"},"inLanguage":"pt-PT","potentialAction":[{"@type":"ReadAction","target":["https:\/\/favoritepacking.com\/product\/custom-made-carton-box\/"]}]},{"@type":"ImageObject","inLanguage":"pt-PT","@id":"https:\/\/favoritepacking.com\/product\/custom-made-carton-box\/#primaryimage","url":"https:\/\/favoritepacking.com\/wp-content\/uploads\/2026\/01\/25.jpg","contentUrl":"https:\/\/favoritepacking.com\/wp-content\/uploads\/2026\/01\/25.jpg","width":750,"height":750},{"@type":"BreadcrumbList","@id":"https:\/\/favoritepacking.com\/product\/custom-made-carton-box\/#breadcrumb","itemListElement":[{"@type":"ListItem","position":1,"name":"Home","item":"https:\/\/favoritepacking.com\/"},{"@type":"ListItem","position":2,"name":"PRODUCTS","item":"https:\/\/favoritepacking.com\/products\/"},{"@type":"ListItem","position":3,"name":"High Quality Custom Made Boxes with Logo | Paper Box Company"}]},{"@type":"WebSite","@id":"https:\/\/favoritepacking.com\/#website","url":"https:\/\/favoritepacking.com\/","name":"Embalagem favorita","description":"Embalagem favorita","publisher":{"@id":"https:\/\/favoritepacking.com\/#organization"},"potentialAction":[{"@type":"SearchAction","target":{"@type":"EntryPoint","urlTemplate":"https:\/\/favoritepacking.com\/?s={search_term_string}"},"query-input":{"@type":"PropertyValueSpecification","valueRequired":true,"valueName":"search_term_string"}}],"inLanguage":"pt-PT"},{"@type":"Organization","@id":"https:\/\/favoritepacking.com\/#organization","name":"embalagem preferida","url":"https:\/\/favoritepacking.com\/","logo":{"@type":"ImageObject","inLanguage":"pt-PT","@id":"https:\/\/favoritepacking.com\/#\/schema\/logo\/image\/","url":"https:\/\/favoritepacking.com\/wp-content\/uploads\/2024\/12\/favoritepackingLOGO.png","contentUrl":"https:\/\/favoritepacking.com\/wp-content\/uploads\/2024\/12\/favoritepackingLOGO.png","width":167,"height":129,"caption":"favorite packing"},"image":{"@id":"https:\/\/favoritepacking.com\/#\/schema\/logo\/image\/"}}]},"product_price_amount":"0.00","product_price_currency":"USD","og_availability":"instock","product_availability":"instock","product_condition":"new"},"_links":{"self":[{"href":"https:\/\/favoritepacking.com\/pt\/wp-json\/wp\/v2\/product\/2776","targetHints":{"allow":["GET"]}}],"collection":[{"href":"https:\/\/favoritepacking.com\/pt\/wp-json\/wp\/v2\/product"}],"about":[{"href":"https:\/\/favoritepacking.com\/pt\/wp-json\/wp\/v2\/types\/product"}],"wp:featuredmedia":[{"embeddable":true,"href":"https:\/\/favoritepacking.com\/pt\/wp-json\/wp\/v2\/media\/2778"}],"wp:attachment":[{"href":"https:\/\/favoritepacking.com\/pt\/wp-json\/wp\/v2\/media?parent=2776"}],"wp:term":[{"taxonomy":"product_cat","embeddable":true,"href":"https:\/\/favoritepacking.com\/pt\/wp-json\/wp\/v2\/product_cat?post=2776"},{"taxonomy":"product_tag","embeddable":true,"href":"https:\/\/favoritepacking.com\/pt\/wp-json\/wp\/v2\/product_tag?post=2776"}],"curies":[{"name":"wp","href":"https:\/\/api.w.org\/{rel}","templated":true}]}}