{"id":2793,"date":"2026-01-24T02:50:59","date_gmt":"2026-01-24T02:50:59","guid":{"rendered":"https:\/\/favoritepacking.com\/?post_type=product&#038;p=2793"},"modified":"2026-01-24T02:51:00","modified_gmt":"2026-01-24T02:51:00","slug":"custom-packaging-boxes","status":"publish","type":"product","link":"https:\/\/favoritepacking.com\/pt\/product\/custom-packaging-boxes\/","title":{"rendered":"Caixas de embalagem personalizadas perfeitas para a sua marca"},"content":{"rendered":"<h1><em>Porque \u00e9 que somos o fornecedor perfeito da sua marca para caixas personalizadas por atacado?<\/em><\/h1>\n<ul>\n<li class=\"id-text-[#222] id-font-inter id-text-lg id-font-medium id-font-normal id-flex id-font-medium\" data-testid=\"product-detail-text-sort\"><span class=\"id-ml-2 id-whitespace-pre-line\" data-spm-anchor-id=\"a2700.details.0.i103.78de39ea9HyYTX\">\u30108 Tipos de impress\u00e3o\u3011Nossa impress\u00e3o tem impress\u00e3o em cores, tela de seda, transfer\u00eancia t\u00e9rmica, offset, impress\u00e3o litogr\u00e1fica, transfer\u00eancia de \u00e1gua, impress\u00e3o digital, gravura.<\/span><\/li>\n<li class=\"id-text-[#222] id-font-inter id-text-lg id-font-medium id-font-normal id-flex id-font-medium\" data-testid=\"product-detail-text-sort\">\n<div class=\"id-w-1 id-h-1 id-rounded-full id-bg-[#000000D9] id-flex-shrink-0 id-flex-grow-0 id-mt-[8px]\">\u301010 Op\u00e7\u00f5es de processo\u3011O acabamento da superf\u00edcie tem lamina\u00e7\u00e3o brilhante, envernizamento fosco, lamina\u00e7\u00e3o fosca, relevo, estampagem a quente (prata, ouro ou outras cores), lamina\u00e7\u00e3o fosca \/ brilhante, estampagem a quente de ouro \/ prata \/ cobre, revestimento UV, desaparecimento, polimento.<\/div>\n<\/li>\n<li class=\"id-text-[#222] id-font-inter id-text-lg id-font-medium id-font-normal id-flex id-font-medium\" data-testid=\"product-detail-text-sort\">\n<div class=\"id-w-1 id-h-1 id-rounded-full id-bg-[#000000D9] id-flex-shrink-0 id-flex-grow-0 id-mt-[8px]\">\u301011 Op\u00e7\u00f5es de papel\u3011Temos papel de cart\u00e3o branco C1S, papel de arte C2S, cart\u00e3o duplex, papel canelado, papel Kraft castanho, papel Kraft branco, papel de cart\u00e3o preto, papel offset, papel especial, papel de cart\u00e3o dourado, papel de cart\u00e3o prateado dispon\u00edvel para personaliza\u00e7\u00e3o.<\/div>\n<\/li>\n<li class=\"id-text-[#222] id-font-inter id-text-lg id-font-medium id-font-normal id-flex id-font-medium\" data-testid=\"product-detail-text-sort\">\n<div class=\"id-w-1 id-h-1 id-rounded-full id-bg-[#000000D9] id-flex-shrink-0 id-flex-grow-0 id-mt-[8px]\">A espessura do papel pode ser personalizada de acordo com as suas necessidades, ou podemos fornecer-lhe aconselhamento profissional com base nos produtos que pretende embalar.<\/div>\n<\/li>\n<li class=\"id-text-[#222] id-font-inter id-text-lg id-font-medium id-font-normal id-flex id-font-medium\" data-testid=\"product-detail-text-sort\" data-spm-anchor-id=\"a2700.details.0.i112.78de39ea9HyYTX\">\n<div class=\"id-w-1 id-h-1 id-rounded-full id-bg-[#000000D9] id-flex-shrink-0 id-flex-grow-0 id-mt-[8px]\">O papel \u00e9 espesso, amigo do ambiente e inodoro.<\/div>\n<\/li>\n<\/ul>\n<p><img decoding=\"async\" class=\"wp-image-2799 size-full lazyload\" data-src=\"https:\/\/favoritepacking.com\/wp-content\/uploads\/2026\/01\/47.jpg\" alt=\"\" width=\"750\" height=\"750\" data-srcset=\"https:\/\/favoritepacking.com\/wp-content\/uploads\/2026\/01\/47-12x12.jpg 12w, https:\/\/favoritepacking.com\/wp-content\/uploads\/2026\/01\/47-66x66.jpg 66w, https:\/\/favoritepacking.com\/wp-content\/uploads\/2026\/01\/47-200x200.jpg 200w, https:\/\/favoritepacking.com\/wp-content\/uploads\/2026\/01\/47-300x300.jpg 300w, https:\/\/favoritepacking.com\/wp-content\/uploads\/2026\/01\/47-400x400.jpg 400w, https:\/\/favoritepacking.com\/wp-content\/uploads\/2026\/01\/47-500x500.jpg 500w, https:\/\/favoritepacking.com\/wp-content\/uploads\/2026\/01\/47-600x600.jpg 600w, https:\/\/favoritepacking.com\/wp-content\/uploads\/2026\/01\/47-700x700.jpg 700w, https:\/\/favoritepacking.com\/wp-content\/uploads\/2026\/01\/47.jpg 750w\" data-sizes=\"(max-width: 750px) 100vw, 750px\" src=\"data:image\/gif;base64,R0lGODlhAQABAAAAACH5BAEKAAEALAAAAAABAAEAAAICTAEAOw==\" style=\"--smush-placeholder-width: 750px; --smush-placeholder-aspect-ratio: 750\/750;\" \/><noscript><img decoding=\"async\" class=\"wp-image-2799 size-full\" src=\"https:\/\/favoritepacking.com\/wp-content\/uploads\/2026\/01\/47.jpg\" alt=\"\" width=\"750\" height=\"750\" srcset=\"https:\/\/favoritepacking.com\/wp-content\/uploads\/2026\/01\/47-12x12.jpg 12w, https:\/\/favoritepacking.com\/wp-content\/uploads\/2026\/01\/47-66x66.jpg 66w, https:\/\/favoritepacking.com\/wp-content\/uploads\/2026\/01\/47-200x200.jpg 200w, https:\/\/favoritepacking.com\/wp-content\/uploads\/2026\/01\/47-300x300.jpg 300w, https:\/\/favoritepacking.com\/wp-content\/uploads\/2026\/01\/47-400x400.jpg 400w, https:\/\/favoritepacking.com\/wp-content\/uploads\/2026\/01\/47-500x500.jpg 500w, https:\/\/favoritepacking.com\/wp-content\/uploads\/2026\/01\/47-600x600.jpg 600w, https:\/\/favoritepacking.com\/wp-content\/uploads\/2026\/01\/47-700x700.jpg 700w, https:\/\/favoritepacking.com\/wp-content\/uploads\/2026\/01\/47.jpg 750w\" sizes=\"(max-width: 750px) 100vw, 750px\" \/><\/noscript><\/p>\n<p>&nbsp;<\/p>\n<h1><em>See for more details<\/em><\/h1>\n<div id=\"attachment_2796\" style=\"width: 760px\" class=\"wp-caption alignnone\"><img decoding=\"async\" aria-describedby=\"caption-attachment-2796\" class=\"wp-image-2796 size-full lazyload\" data-src=\"https:\/\/favoritepacking.com\/wp-content\/uploads\/2026\/01\/44.jpg\" alt=\"\" width=\"750\" height=\"750\" data-srcset=\"https:\/\/favoritepacking.com\/wp-content\/uploads\/2026\/01\/44-12x12.jpg 12w, https:\/\/favoritepacking.com\/wp-content\/uploads\/2026\/01\/44-66x66.jpg 66w, https:\/\/favoritepacking.com\/wp-content\/uploads\/2026\/01\/44-200x200.jpg 200w, https:\/\/favoritepacking.com\/wp-content\/uploads\/2026\/01\/44-300x300.jpg 300w, https:\/\/favoritepacking.com\/wp-content\/uploads\/2026\/01\/44-400x400.jpg 400w, https:\/\/favoritepacking.com\/wp-content\/uploads\/2026\/01\/44-500x500.jpg 500w, https:\/\/favoritepacking.com\/wp-content\/uploads\/2026\/01\/44-600x600.jpg 600w, https:\/\/favoritepacking.com\/wp-content\/uploads\/2026\/01\/44-700x700.jpg 700w, https:\/\/favoritepacking.com\/wp-content\/uploads\/2026\/01\/44.jpg 750w\" data-sizes=\"(max-width: 750px) 100vw, 750px\" src=\"data:image\/gif;base64,R0lGODlhAQABAAAAACH5BAEKAAEALAAAAAABAAEAAAICTAEAOw==\" style=\"--smush-placeholder-width: 750px; --smush-placeholder-aspect-ratio: 750\/750;\" \/><noscript><img decoding=\"async\" aria-describedby=\"caption-attachment-2796\" class=\"wp-image-2796 size-full\" src=\"https:\/\/favoritepacking.com\/wp-content\/uploads\/2026\/01\/44.jpg\" alt=\"\" width=\"750\" height=\"750\" srcset=\"https:\/\/favoritepacking.com\/wp-content\/uploads\/2026\/01\/44-12x12.jpg 12w, https:\/\/favoritepacking.com\/wp-content\/uploads\/2026\/01\/44-66x66.jpg 66w, https:\/\/favoritepacking.com\/wp-content\/uploads\/2026\/01\/44-200x200.jpg 200w, https:\/\/favoritepacking.com\/wp-content\/uploads\/2026\/01\/44-300x300.jpg 300w, https:\/\/favoritepacking.com\/wp-content\/uploads\/2026\/01\/44-400x400.jpg 400w, https:\/\/favoritepacking.com\/wp-content\/uploads\/2026\/01\/44-500x500.jpg 500w, https:\/\/favoritepacking.com\/wp-content\/uploads\/2026\/01\/44-600x600.jpg 600w, https:\/\/favoritepacking.com\/wp-content\/uploads\/2026\/01\/44-700x700.jpg 700w, https:\/\/favoritepacking.com\/wp-content\/uploads\/2026\/01\/44.jpg 750w\" sizes=\"(max-width: 750px) 100vw, 750px\" \/><\/noscript><p id=\"caption-attachment-2796\" class=\"wp-caption-text\">Convenient, foldable packaging box, no adhesive required.<\/p><\/div>\n<div id=\"attachment_2798\" style=\"width: 760px\" class=\"wp-caption alignnone\"><img decoding=\"async\" aria-describedby=\"caption-attachment-2798\" class=\"wp-image-2798 size-full lazyload\" data-src=\"https:\/\/favoritepacking.com\/wp-content\/uploads\/2026\/01\/46.jpg\" alt=\"\" width=\"750\" height=\"750\" data-srcset=\"https:\/\/favoritepacking.com\/wp-content\/uploads\/2026\/01\/46-12x12.jpg 12w, https:\/\/favoritepacking.com\/wp-content\/uploads\/2026\/01\/46-66x66.jpg 66w, https:\/\/favoritepacking.com\/wp-content\/uploads\/2026\/01\/46-200x200.jpg 200w, https:\/\/favoritepacking.com\/wp-content\/uploads\/2026\/01\/46-300x300.jpg 300w, https:\/\/favoritepacking.com\/wp-content\/uploads\/2026\/01\/46-400x400.jpg 400w, https:\/\/favoritepacking.com\/wp-content\/uploads\/2026\/01\/46-500x500.jpg 500w, https:\/\/favoritepacking.com\/wp-content\/uploads\/2026\/01\/46-600x600.jpg 600w, https:\/\/favoritepacking.com\/wp-content\/uploads\/2026\/01\/46-700x700.jpg 700w, https:\/\/favoritepacking.com\/wp-content\/uploads\/2026\/01\/46.jpg 750w\" data-sizes=\"(max-width: 750px) 100vw, 750px\" src=\"data:image\/gif;base64,R0lGODlhAQABAAAAACH5BAEKAAEALAAAAAABAAEAAAICTAEAOw==\" style=\"--smush-placeholder-width: 750px; --smush-placeholder-aspect-ratio: 750\/750;\" \/><noscript><img decoding=\"async\" aria-describedby=\"caption-attachment-2798\" class=\"wp-image-2798 size-full\" src=\"https:\/\/favoritepacking.com\/wp-content\/uploads\/2026\/01\/46.jpg\" alt=\"\" width=\"750\" height=\"750\" srcset=\"https:\/\/favoritepacking.com\/wp-content\/uploads\/2026\/01\/46-12x12.jpg 12w, https:\/\/favoritepacking.com\/wp-content\/uploads\/2026\/01\/46-66x66.jpg 66w, https:\/\/favoritepacking.com\/wp-content\/uploads\/2026\/01\/46-200x200.jpg 200w, https:\/\/favoritepacking.com\/wp-content\/uploads\/2026\/01\/46-300x300.jpg 300w, https:\/\/favoritepacking.com\/wp-content\/uploads\/2026\/01\/46-400x400.jpg 400w, https:\/\/favoritepacking.com\/wp-content\/uploads\/2026\/01\/46-500x500.jpg 500w, https:\/\/favoritepacking.com\/wp-content\/uploads\/2026\/01\/46-600x600.jpg 600w, https:\/\/favoritepacking.com\/wp-content\/uploads\/2026\/01\/46-700x700.jpg 700w, https:\/\/favoritepacking.com\/wp-content\/uploads\/2026\/01\/46.jpg 750w\" sizes=\"(max-width: 750px) 100vw, 750px\" \/><\/noscript><p id=\"caption-attachment-2798\" class=\"wp-caption-text\">The thickened paper makes the assembled product sturdy and well-shaped, and it won&#8217;t be easily crushed.<\/p><\/div>\n<h1><em>Prometemos uma caixa de embalagem personalizada:<\/em><\/h1>\n<ul>\n<li><em><strong>Garantia de qualidade:<\/strong>\u00a0\u00a0<\/em>Cada caixa de papel \u00e9 submetida a uma rigorosa inspe\u00e7\u00e3o de qualidade 100% para garantir que apenas os melhores produtos chegam aos nossos clientes. Compreendemos a import\u00e2ncia de uma embalagem impec\u00e1vel para preservar a integridade dos seus produtos, e o nosso compromisso com a qualidade reflecte-se em cada caixa que produzimos.<\/li>\n<li><em><strong>Solu\u00e7\u00e3o de balc\u00e3o \u00fanico:<\/strong>\u00a0\u00a0<\/em>Desde a conce\u00e7\u00e3o do produto at\u00e9 \u00e0 produ\u00e7\u00e3o e embalagem, fornecemos servi\u00e7os completos num s\u00f3 local para simplificar o seu processo de embalagem. A nossa equipa de profissionais experientes trabalha em estreita colabora\u00e7\u00e3o consigo para criar solu\u00e7\u00f5es de embalagem personalizadas que se alinham perfeitamente com a identidade da sua marca e os requisitos do produto.<\/li>\n<li><em><strong>Aplica\u00e7\u00f5es vers\u00e1teis:<\/strong>\u00a0\u00a0<\/em>As nossas caixas de embalagem de papel s\u00e3o adequadas para uma vasta gama de produtos, incluindo cosm\u00e9ticos, eletr\u00f3nica, produtos alimentares, presentes e muito mais. Quer necessite de caixas resistentes para expedi\u00e7\u00e3o ou de embalagens elegantes para exposi\u00e7\u00e3o a retalho, temos a solu\u00e7\u00e3o perfeita para satisfazer as suas necessidades.<\/li>\n<li><em><strong>Amigo do ambiente:<\/strong>\u00a0\u00a0<\/em>Damos prioridade \u00e0 sustentabilidade no nosso processo de fabrico, utilizando materiais amigos do ambiente e minimizando os res\u00edduos. As nossas caixas de papel s\u00e3o recicl\u00e1veis e biodegrad\u00e1veis, ajudando-o a reduzir a sua pegada ambiental ao mesmo tempo que demonstra o seu compromisso com a sustentabilidade.<\/li>\n<\/ul>\n<p><img decoding=\"async\" class=\"alignnone size-full wp-image-1445 lazyload\" data-src=\"https:\/\/favoritepacking.com\/wp-content\/uploads\/2024\/04\/HH9.jpg\" alt=\"\" width=\"1100\" height=\"725\" data-srcset=\"https:\/\/favoritepacking.com\/wp-content\/uploads\/2024\/04\/HH9-200x132.jpg 200w, https:\/\/favoritepacking.com\/wp-content\/uploads\/2024\/04\/HH9-300x198.jpg 300w, https:\/\/favoritepacking.com\/wp-content\/uploads\/2024\/04\/HH9-400x264.jpg 400w, https:\/\/favoritepacking.com\/wp-content\/uploads\/2024\/04\/HH9-500x330.jpg 500w, https:\/\/favoritepacking.com\/wp-content\/uploads\/2024\/04\/HH9-600x395.jpg 600w, https:\/\/favoritepacking.com\/wp-content\/uploads\/2024\/04\/HH9-700x461.jpg 700w, https:\/\/favoritepacking.com\/wp-content\/uploads\/2024\/04\/HH9-768x506.jpg 768w, https:\/\/favoritepacking.com\/wp-content\/uploads\/2024\/04\/HH9-800x527.jpg 800w, https:\/\/favoritepacking.com\/wp-content\/uploads\/2024\/04\/HH9-1024x675.jpg 1024w, https:\/\/favoritepacking.com\/wp-content\/uploads\/2024\/04\/HH9.jpg 1100w\" data-sizes=\"(max-width: 1100px) 100vw, 1100px\" src=\"data:image\/gif;base64,R0lGODlhAQABAAAAACH5BAEKAAEALAAAAAABAAEAAAICTAEAOw==\" style=\"--smush-placeholder-width: 1100px; --smush-placeholder-aspect-ratio: 1100\/725;\" \/><noscript><img decoding=\"async\" class=\"alignnone size-full wp-image-1445\" src=\"https:\/\/favoritepacking.com\/wp-content\/uploads\/2024\/04\/HH9.jpg\" alt=\"\" width=\"1100\" height=\"725\" srcset=\"https:\/\/favoritepacking.com\/wp-content\/uploads\/2024\/04\/HH9-200x132.jpg 200w, https:\/\/favoritepacking.com\/wp-content\/uploads\/2024\/04\/HH9-300x198.jpg 300w, https:\/\/favoritepacking.com\/wp-content\/uploads\/2024\/04\/HH9-400x264.jpg 400w, https:\/\/favoritepacking.com\/wp-content\/uploads\/2024\/04\/HH9-500x330.jpg 500w, https:\/\/favoritepacking.com\/wp-content\/uploads\/2024\/04\/HH9-600x395.jpg 600w, https:\/\/favoritepacking.com\/wp-content\/uploads\/2024\/04\/HH9-700x461.jpg 700w, https:\/\/favoritepacking.com\/wp-content\/uploads\/2024\/04\/HH9-768x506.jpg 768w, https:\/\/favoritepacking.com\/wp-content\/uploads\/2024\/04\/HH9-800x527.jpg 800w, https:\/\/favoritepacking.com\/wp-content\/uploads\/2024\/04\/HH9-1024x675.jpg 1024w, https:\/\/favoritepacking.com\/wp-content\/uploads\/2024\/04\/HH9.jpg 1100w\" sizes=\"(max-width: 1100px) 100vw, 1100px\" \/><\/noscript><\/p>\n<p><img decoding=\"async\" class=\"size-full wp-image-1353 lazyload\" data-src=\"https:\/\/favoritepacking.com\/wp-content\/uploads\/2024\/04\/hh6.jpg\" alt=\"\" width=\"800\" height=\"529\" data-srcset=\"https:\/\/favoritepacking.com\/wp-content\/uploads\/2024\/04\/hh6-200x132.jpg 200w, https:\/\/favoritepacking.com\/wp-content\/uploads\/2024\/04\/hh6-300x198.jpg 300w, https:\/\/favoritepacking.com\/wp-content\/uploads\/2024\/04\/hh6-400x265.jpg 400w, https:\/\/favoritepacking.com\/wp-content\/uploads\/2024\/04\/hh6-500x331.jpg 500w, https:\/\/favoritepacking.com\/wp-content\/uploads\/2024\/04\/hh6-600x397.jpg 600w, https:\/\/favoritepacking.com\/wp-content\/uploads\/2024\/04\/hh6-700x463.jpg 700w, https:\/\/favoritepacking.com\/wp-content\/uploads\/2024\/04\/hh6-768x508.jpg 768w, https:\/\/favoritepacking.com\/wp-content\/uploads\/2024\/04\/hh6.jpg 800w\" data-sizes=\"(max-width: 800px) 100vw, 800px\" src=\"data:image\/gif;base64,R0lGODlhAQABAAAAACH5BAEKAAEALAAAAAABAAEAAAICTAEAOw==\" style=\"--smush-placeholder-width: 800px; --smush-placeholder-aspect-ratio: 800\/529;\" \/><noscript><img decoding=\"async\" class=\"size-full wp-image-1353\" src=\"https:\/\/favoritepacking.com\/wp-content\/uploads\/2024\/04\/hh6.jpg\" alt=\"\" width=\"800\" height=\"529\" srcset=\"https:\/\/favoritepacking.com\/wp-content\/uploads\/2024\/04\/hh6-200x132.jpg 200w, https:\/\/favoritepacking.com\/wp-content\/uploads\/2024\/04\/hh6-300x198.jpg 300w, https:\/\/favoritepacking.com\/wp-content\/uploads\/2024\/04\/hh6-400x265.jpg 400w, https:\/\/favoritepacking.com\/wp-content\/uploads\/2024\/04\/hh6-500x331.jpg 500w, https:\/\/favoritepacking.com\/wp-content\/uploads\/2024\/04\/hh6-600x397.jpg 600w, https:\/\/favoritepacking.com\/wp-content\/uploads\/2024\/04\/hh6-700x463.jpg 700w, https:\/\/favoritepacking.com\/wp-content\/uploads\/2024\/04\/hh6-768x508.jpg 768w, https:\/\/favoritepacking.com\/wp-content\/uploads\/2024\/04\/hh6.jpg 800w\" sizes=\"(max-width: 800px) 100vw, 800px\" \/><\/noscript><\/p>","protected":false},"excerpt":{"rendered":"<p>Perfect color printing makes your product packaging more attractive.We&#8217;re proud to be a one-stop shop for packaging supplies and free sample before bulk order.<\/p>","protected":false},"featured_media":2799,"template":"","meta":{"content-type":""},"product_cat":[62],"product_tag":[],"class_list":{"0":"post-2793","1":"product","2":"type-product","3":"status-publish","4":"has-post-thumbnail","6":"product_cat-mailer-boxes","8":"first","9":"instock","10":"shipping-taxable","11":"product-type-simple"},"yoast_head":"<!-- This site is optimized with the Yoast SEO Premium plugin v21.9 (Yoast SEO v23.4) - https:\/\/yoast.com\/wordpress\/plugins\/seo\/ -->\n<title>Your Brand Perfect Custom Packaging Boxes - Professional Packaging Box Manufacturer<\/title>\n<meta name=\"description\" content=\"Our custom packaging boxes are perfect color printing makes your product packaging more attractive, free sample before bulk order.\" \/>\n<meta name=\"robots\" content=\"index, follow, max-snippet:-1, max-image-preview:large, max-video-preview:-1\" \/>\n<link rel=\"canonical\" href=\"https:\/\/favoritepacking.com\/pt\/product\/custom-packaging-boxes\/\" \/>\n<meta property=\"og:locale\" content=\"pt_PT\" \/>\n<meta property=\"og:type\" content=\"article\" \/>\n<meta property=\"og:title\" content=\"Your Brand Perfect Custom Packaging Boxes\" \/>\n<meta property=\"og:description\" content=\"Our custom packaging boxes are perfect color printing makes your product packaging more attractive, free sample before bulk order.\" \/>\n<meta property=\"og:url\" content=\"https:\/\/favoritepacking.com\/pt\/product\/custom-packaging-boxes\/\" \/>\n<meta property=\"og:site_name\" content=\"Professional Packaging Box Manufacturer\" \/>\n<meta property=\"article:modified_time\" content=\"2026-01-24T02:51:00+00:00\" \/>\n<meta property=\"og:image\" content=\"https:\/\/favoritepacking.com\/wp-content\/uploads\/2026\/01\/47.jpg\" \/>\n\t<meta property=\"og:image:width\" content=\"750\" \/>\n\t<meta property=\"og:image:height\" content=\"750\" \/>\n\t<meta property=\"og:image:type\" content=\"image\/jpeg\" \/>\n<meta name=\"twitter:card\" content=\"summary_large_image\" \/>\n<meta name=\"twitter:label1\" content=\"pre\u00e7o\" \/>\n\t<meta name=\"twitter:data1\" content=\"\" \/>\n\t<meta name=\"twitter:label2\" content=\"Disponibilidade\" \/>\n\t<meta name=\"twitter:data2\" content=\"Em stock\" \/>\n<script type=\"application\/ld+json\" class=\"yoast-schema-graph\">{\"@context\":\"https:\/\/schema.org\",\"@graph\":[{\"@type\":\"WebPage\",\"@id\":\"https:\/\/favoritepacking.com\/product\/custom-packaging-boxes\/\",\"url\":\"https:\/\/favoritepacking.com\/product\/custom-packaging-boxes\/\",\"name\":\"Your Brand Perfect Custom Packaging Boxes - Professional Packaging Box Manufacturer\",\"isPartOf\":{\"@id\":\"https:\/\/favoritepacking.com\/#website\"},\"primaryImageOfPage\":{\"@id\":\"https:\/\/favoritepacking.com\/product\/custom-packaging-boxes\/#primaryimage\"},\"image\":{\"@id\":\"https:\/\/favoritepacking.com\/product\/custom-packaging-boxes\/#primaryimage\"},\"thumbnailUrl\":\"https:\/\/favoritepacking.com\/wp-content\/uploads\/2026\/01\/47.jpg\",\"datePublished\":\"2026-01-24T02:50:59+00:00\",\"dateModified\":\"2026-01-24T02:51:00+00:00\",\"description\":\"Our custom packaging boxes are perfect color printing makes your product packaging more attractive, free sample before bulk order.\",\"breadcrumb\":{\"@id\":\"https:\/\/favoritepacking.com\/product\/custom-packaging-boxes\/#breadcrumb\"},\"inLanguage\":\"pt-PT\",\"potentialAction\":[{\"@type\":\"ReadAction\",\"target\":[\"https:\/\/favoritepacking.com\/product\/custom-packaging-boxes\/\"]}]},{\"@type\":\"ImageObject\",\"inLanguage\":\"pt-PT\",\"@id\":\"https:\/\/favoritepacking.com\/product\/custom-packaging-boxes\/#primaryimage\",\"url\":\"https:\/\/favoritepacking.com\/wp-content\/uploads\/2026\/01\/47.jpg\",\"contentUrl\":\"https:\/\/favoritepacking.com\/wp-content\/uploads\/2026\/01\/47.jpg\",\"width\":750,\"height\":750},{\"@type\":\"BreadcrumbList\",\"@id\":\"https:\/\/favoritepacking.com\/product\/custom-packaging-boxes\/#breadcrumb\",\"itemListElement\":[{\"@type\":\"ListItem\",\"position\":1,\"name\":\"Home\",\"item\":\"https:\/\/favoritepacking.com\/\"},{\"@type\":\"ListItem\",\"position\":2,\"name\":\"PRODUCTS\",\"item\":\"https:\/\/favoritepacking.com\/products\/\"},{\"@type\":\"ListItem\",\"position\":3,\"name\":\"Your Brand Perfect Custom Packaging Boxes\"}]},{\"@type\":\"WebSite\",\"@id\":\"https:\/\/favoritepacking.com\/#website\",\"url\":\"https:\/\/favoritepacking.com\/\",\"name\":\"Favorite Packing\",\"description\":\"Favorite Packing\",\"publisher\":{\"@id\":\"https:\/\/favoritepacking.com\/#organization\"},\"potentialAction\":[{\"@type\":\"SearchAction\",\"target\":{\"@type\":\"EntryPoint\",\"urlTemplate\":\"https:\/\/favoritepacking.com\/?s={search_term_string}\"},\"query-input\":{\"@type\":\"PropertyValueSpecification\",\"valueRequired\":true,\"valueName\":\"search_term_string\"}}],\"inLanguage\":\"pt-PT\"},{\"@type\":\"Organization\",\"@id\":\"https:\/\/favoritepacking.com\/#organization\",\"name\":\"favorite packing\",\"url\":\"https:\/\/favoritepacking.com\/\",\"logo\":{\"@type\":\"ImageObject\",\"inLanguage\":\"pt-PT\",\"@id\":\"https:\/\/favoritepacking.com\/#\/schema\/logo\/image\/\",\"url\":\"https:\/\/favoritepacking.com\/wp-content\/uploads\/2024\/12\/favoritepackingLOGO.png\",\"contentUrl\":\"https:\/\/favoritepacking.com\/wp-content\/uploads\/2024\/12\/favoritepackingLOGO.png\",\"width\":167,\"height\":129,\"caption\":\"favorite packing\"},\"image\":{\"@id\":\"https:\/\/favoritepacking.com\/#\/schema\/logo\/image\/\"}}]}<\/script>\n<meta property=\"product:price:amount\" content=\"0.00\" \/>\n<meta property=\"product:price:currency\" content=\"USD\" \/>\n<meta property=\"og:availability\" content=\"instock\" \/>\n<meta property=\"product:availability\" content=\"instock\" \/>\n<meta property=\"product:condition\" content=\"new\" \/>\n<!-- \/ Yoast SEO Premium plugin. -->","yoast_head_json":{"title":"Your Brand Perfect Custom Packaging Boxes - Professional Packaging Box Manufacturer","description":"Our custom packaging boxes are perfect color printing makes your product packaging more attractive, free sample before bulk order.","robots":{"index":"index","follow":"follow","max-snippet":"max-snippet:-1","max-image-preview":"max-image-preview:large","max-video-preview":"max-video-preview:-1"},"canonical":"https:\/\/favoritepacking.com\/pt\/product\/custom-packaging-boxes\/","og_locale":"pt_PT","og_type":"article","og_title":"Your Brand Perfect Custom Packaging Boxes","og_description":"Our custom packaging boxes are perfect color printing makes your product packaging more attractive, free sample before bulk order.","og_url":"https:\/\/favoritepacking.com\/pt\/product\/custom-packaging-boxes\/","og_site_name":"Professional Packaging Box Manufacturer","article_modified_time":"2026-01-24T02:51:00+00:00","og_image":[{"width":750,"height":750,"url":"https:\/\/favoritepacking.com\/wp-content\/uploads\/2026\/01\/47.jpg","type":"image\/jpeg"}],"twitter_card":"summary_large_image","twitter_misc":{"pre\u00e7o":"","Disponibilidade":"Em stock"},"schema":{"@context":"https:\/\/schema.org","@graph":[{"@type":"WebPage","@id":"https:\/\/favoritepacking.com\/product\/custom-packaging-boxes\/","url":"https:\/\/favoritepacking.com\/product\/custom-packaging-boxes\/","name":"Your Brand Perfect Custom Packaging Boxes - Professional Packaging Box Manufacturer","isPartOf":{"@id":"https:\/\/favoritepacking.com\/#website"},"primaryImageOfPage":{"@id":"https:\/\/favoritepacking.com\/product\/custom-packaging-boxes\/#primaryimage"},"image":{"@id":"https:\/\/favoritepacking.com\/product\/custom-packaging-boxes\/#primaryimage"},"thumbnailUrl":"https:\/\/favoritepacking.com\/wp-content\/uploads\/2026\/01\/47.jpg","datePublished":"2026-01-24T02:50:59+00:00","dateModified":"2026-01-24T02:51:00+00:00","description":"Our custom packaging boxes are perfect color printing makes your product packaging more attractive, free sample before bulk order.","breadcrumb":{"@id":"https:\/\/favoritepacking.com\/product\/custom-packaging-boxes\/#breadcrumb"},"inLanguage":"pt-PT","potentialAction":[{"@type":"ReadAction","target":["https:\/\/favoritepacking.com\/product\/custom-packaging-boxes\/"]}]},{"@type":"ImageObject","inLanguage":"pt-PT","@id":"https:\/\/favoritepacking.com\/product\/custom-packaging-boxes\/#primaryimage","url":"https:\/\/favoritepacking.com\/wp-content\/uploads\/2026\/01\/47.jpg","contentUrl":"https:\/\/favoritepacking.com\/wp-content\/uploads\/2026\/01\/47.jpg","width":750,"height":750},{"@type":"BreadcrumbList","@id":"https:\/\/favoritepacking.com\/product\/custom-packaging-boxes\/#breadcrumb","itemListElement":[{"@type":"ListItem","position":1,"name":"Home","item":"https:\/\/favoritepacking.com\/"},{"@type":"ListItem","position":2,"name":"PRODUCTS","item":"https:\/\/favoritepacking.com\/products\/"},{"@type":"ListItem","position":3,"name":"Your Brand Perfect Custom Packaging Boxes"}]},{"@type":"WebSite","@id":"https:\/\/favoritepacking.com\/#website","url":"https:\/\/favoritepacking.com\/","name":"Embalagem favorita","description":"Embalagem favorita","publisher":{"@id":"https:\/\/favoritepacking.com\/#organization"},"potentialAction":[{"@type":"SearchAction","target":{"@type":"EntryPoint","urlTemplate":"https:\/\/favoritepacking.com\/?s={search_term_string}"},"query-input":{"@type":"PropertyValueSpecification","valueRequired":true,"valueName":"search_term_string"}}],"inLanguage":"pt-PT"},{"@type":"Organization","@id":"https:\/\/favoritepacking.com\/#organization","name":"embalagem preferida","url":"https:\/\/favoritepacking.com\/","logo":{"@type":"ImageObject","inLanguage":"pt-PT","@id":"https:\/\/favoritepacking.com\/#\/schema\/logo\/image\/","url":"https:\/\/favoritepacking.com\/wp-content\/uploads\/2024\/12\/favoritepackingLOGO.png","contentUrl":"https:\/\/favoritepacking.com\/wp-content\/uploads\/2024\/12\/favoritepackingLOGO.png","width":167,"height":129,"caption":"favorite packing"},"image":{"@id":"https:\/\/favoritepacking.com\/#\/schema\/logo\/image\/"}}]},"product_price_amount":"0.00","product_price_currency":"USD","og_availability":"instock","product_availability":"instock","product_condition":"new"},"_links":{"self":[{"href":"https:\/\/favoritepacking.com\/pt\/wp-json\/wp\/v2\/product\/2793","targetHints":{"allow":["GET"]}}],"collection":[{"href":"https:\/\/favoritepacking.com\/pt\/wp-json\/wp\/v2\/product"}],"about":[{"href":"https:\/\/favoritepacking.com\/pt\/wp-json\/wp\/v2\/types\/product"}],"wp:featuredmedia":[{"embeddable":true,"href":"https:\/\/favoritepacking.com\/pt\/wp-json\/wp\/v2\/media\/2799"}],"wp:attachment":[{"href":"https:\/\/favoritepacking.com\/pt\/wp-json\/wp\/v2\/media?parent=2793"}],"wp:term":[{"taxonomy":"product_cat","embeddable":true,"href":"https:\/\/favoritepacking.com\/pt\/wp-json\/wp\/v2\/product_cat?post=2793"},{"taxonomy":"product_tag","embeddable":true,"href":"https:\/\/favoritepacking.com\/pt\/wp-json\/wp\/v2\/product_tag?post=2793"}],"curies":[{"name":"wp","href":"https:\/\/api.w.org\/{rel}","templated":true}]}}