{"id":2812,"date":"2026-03-19T08:13:05","date_gmt":"2026-03-19T08:13:05","guid":{"rendered":"https:\/\/favoritepacking.com\/?post_type=product&#038;p=2812"},"modified":"2026-03-19T08:13:06","modified_gmt":"2026-03-19T08:13:06","slug":"tamanhos-de-caixas-de-oferta-personalizados-disponiveis-e-descontos-para-encomendas-em-grandes-quantidades","status":"publish","type":"product","link":"https:\/\/favoritepacking.com\/pt\/product\/tamanhos-de-caixas-de-oferta-personalizados-disponiveis-e-descontos-para-encomendas-em-grandes-quantidades\/","title":{"rendered":"Tamanhos de caixas de presente personalizadas dispon\u00edveis e descontos para pedidos em massa"},"content":{"rendered":"<h1><em>Porque \u00e9 que somos o fornecedor perfeito da sua marca para caixas personalizadas por atacado?<\/em><\/h1>\n<ul>\n<li class=\"id-text-[#222] id-font-inter id-text-lg id-font-medium id-font-normal id-flex id-font-medium\" data-testid=\"product-detail-text-sort\"><span class=\"id-ml-2 id-whitespace-pre-line\" data-spm-anchor-id=\"a2700.details.0.i103.78de39ea9HyYTX\">\u30108 Tipos de impress\u00e3o\u3011Nossa impress\u00e3o tem impress\u00e3o em cores, tela de seda, transfer\u00eancia t\u00e9rmica, offset, impress\u00e3o litogr\u00e1fica, transfer\u00eancia de \u00e1gua, impress\u00e3o digital, gravura.<\/span><\/li>\n<li class=\"id-text-[#222] id-font-inter id-text-lg id-font-medium id-font-normal id-flex id-font-medium\" data-testid=\"product-detail-text-sort\">\n<div class=\"id-w-1 id-h-1 id-rounded-full id-bg-[#000000D9] id-flex-shrink-0 id-flex-grow-0 id-mt-[8px]\">\u301010 Op\u00e7\u00f5es de processo\u3011O acabamento da superf\u00edcie tem lamina\u00e7\u00e3o brilhante, envernizamento fosco, lamina\u00e7\u00e3o fosca, relevo, estampagem a quente (prata, ouro ou outras cores), lamina\u00e7\u00e3o fosca \/ brilhante, estampagem a quente de ouro \/ prata \/ cobre, revestimento UV, desaparecimento, polimento.<\/div>\n<\/li>\n<li class=\"id-text-[#222] id-font-inter id-text-lg id-font-medium id-font-normal id-flex id-font-medium\" data-testid=\"product-detail-text-sort\">\n<div class=\"id-w-1 id-h-1 id-rounded-full id-bg-[#000000D9] id-flex-shrink-0 id-flex-grow-0 id-mt-[8px]\">\u301011 Op\u00e7\u00f5es de papel\u3011Temos papel de cart\u00e3o branco C1S, papel de arte C2S, cart\u00e3o duplex, papel canelado, papel Kraft castanho, papel Kraft branco, papel de cart\u00e3o preto, papel offset, papel especial, papel de cart\u00e3o dourado, papel de cart\u00e3o prateado dispon\u00edvel para personaliza\u00e7\u00e3o.<\/div>\n<\/li>\n<li class=\"id-text-[#222] id-font-inter id-text-lg id-font-medium id-font-normal id-flex id-font-medium\" data-testid=\"product-detail-text-sort\">\n<div class=\"id-w-1 id-h-1 id-rounded-full id-bg-[#000000D9] id-flex-shrink-0 id-flex-grow-0 id-mt-[8px]\">A espessura do papel pode ser personalizada de acordo com as suas necessidades, ou podemos fornecer-lhe aconselhamento profissional com base nos produtos que pretende embalar.<\/div>\n<\/li>\n<li class=\"id-text-[#222] id-font-inter id-text-lg id-font-medium id-font-normal id-flex id-font-medium\" data-testid=\"product-detail-text-sort\" data-spm-anchor-id=\"a2700.details.0.i112.78de39ea9HyYTX\">\n<div class=\"id-w-1 id-h-1 id-rounded-full id-bg-[#000000D9] id-flex-shrink-0 id-flex-grow-0 id-mt-[8px]\">O papel \u00e9 espesso, amigo do ambiente e inodoro.<\/div>\n<\/li>\n<\/ul>\n<div id=\"attachment_2818\" style=\"width: 760px\" class=\"wp-caption alignnone\"><img decoding=\"async\" aria-describedby=\"caption-attachment-2818\" class=\"size-full wp-image-2818 lazyload\" data-src=\"https:\/\/favoritepacking.com\/wp-content\/uploads\/2026\/03\/photobank-4.jpg\" alt=\"\" width=\"750\" height=\"750\" data-srcset=\"https:\/\/favoritepacking.com\/wp-content\/uploads\/2026\/03\/photobank-4-12x12.jpg 12w, https:\/\/favoritepacking.com\/wp-content\/uploads\/2026\/03\/photobank-4-66x66.jpg 66w, https:\/\/favoritepacking.com\/wp-content\/uploads\/2026\/03\/photobank-4-200x200.jpg 200w, https:\/\/favoritepacking.com\/wp-content\/uploads\/2026\/03\/photobank-4-300x300.jpg 300w, https:\/\/favoritepacking.com\/wp-content\/uploads\/2026\/03\/photobank-4-400x400.jpg 400w, https:\/\/favoritepacking.com\/wp-content\/uploads\/2026\/03\/photobank-4-500x500.jpg 500w, https:\/\/favoritepacking.com\/wp-content\/uploads\/2026\/03\/photobank-4-600x600.jpg 600w, https:\/\/favoritepacking.com\/wp-content\/uploads\/2026\/03\/photobank-4-700x700.jpg 700w, https:\/\/favoritepacking.com\/wp-content\/uploads\/2026\/03\/photobank-4.jpg 750w\" data-sizes=\"(max-width: 750px) 100vw, 750px\" src=\"data:image\/gif;base64,R0lGODlhAQABAAAAACH5BAEKAAEALAAAAAABAAEAAAICTAEAOw==\" style=\"--smush-placeholder-width: 750px; --smush-placeholder-aspect-ratio: 750\/750;\" \/><noscript><img decoding=\"async\" aria-describedby=\"caption-attachment-2818\" class=\"size-full wp-image-2818\" src=\"https:\/\/favoritepacking.com\/wp-content\/uploads\/2026\/03\/photobank-4.jpg\" alt=\"\" width=\"750\" height=\"750\" srcset=\"https:\/\/favoritepacking.com\/wp-content\/uploads\/2026\/03\/photobank-4-12x12.jpg 12w, https:\/\/favoritepacking.com\/wp-content\/uploads\/2026\/03\/photobank-4-66x66.jpg 66w, https:\/\/favoritepacking.com\/wp-content\/uploads\/2026\/03\/photobank-4-200x200.jpg 200w, https:\/\/favoritepacking.com\/wp-content\/uploads\/2026\/03\/photobank-4-300x300.jpg 300w, https:\/\/favoritepacking.com\/wp-content\/uploads\/2026\/03\/photobank-4-400x400.jpg 400w, https:\/\/favoritepacking.com\/wp-content\/uploads\/2026\/03\/photobank-4-500x500.jpg 500w, https:\/\/favoritepacking.com\/wp-content\/uploads\/2026\/03\/photobank-4-600x600.jpg 600w, https:\/\/favoritepacking.com\/wp-content\/uploads\/2026\/03\/photobank-4-700x700.jpg 700w, https:\/\/favoritepacking.com\/wp-content\/uploads\/2026\/03\/photobank-4.jpg 750w\" sizes=\"(max-width: 750px) 100vw, 750px\" \/><\/noscript><p id=\"caption-attachment-2818\" class=\"wp-caption-text\">vista lateral<\/p><\/div>\n<p><img decoding=\"async\" class=\"alignnone size-full wp-image-2817 lazyload\" data-src=\"https:\/\/favoritepacking.com\/wp-content\/uploads\/2026\/03\/photobank-5.jpg\" alt=\"\" width=\"750\" height=\"750\" data-srcset=\"https:\/\/favoritepacking.com\/wp-content\/uploads\/2026\/03\/photobank-5-12x12.jpg 12w, https:\/\/favoritepacking.com\/wp-content\/uploads\/2026\/03\/photobank-5-66x66.jpg 66w, https:\/\/favoritepacking.com\/wp-content\/uploads\/2026\/03\/photobank-5-200x200.jpg 200w, https:\/\/favoritepacking.com\/wp-content\/uploads\/2026\/03\/photobank-5-300x300.jpg 300w, https:\/\/favoritepacking.com\/wp-content\/uploads\/2026\/03\/photobank-5-400x400.jpg 400w, https:\/\/favoritepacking.com\/wp-content\/uploads\/2026\/03\/photobank-5-500x500.jpg 500w, https:\/\/favoritepacking.com\/wp-content\/uploads\/2026\/03\/photobank-5-600x600.jpg 600w, https:\/\/favoritepacking.com\/wp-content\/uploads\/2026\/03\/photobank-5-700x700.jpg 700w, https:\/\/favoritepacking.com\/wp-content\/uploads\/2026\/03\/photobank-5.jpg 750w\" data-sizes=\"(max-width: 750px) 100vw, 750px\" src=\"data:image\/gif;base64,R0lGODlhAQABAAAAACH5BAEKAAEALAAAAAABAAEAAAICTAEAOw==\" style=\"--smush-placeholder-width: 750px; --smush-placeholder-aspect-ratio: 750\/750;\" \/><noscript><img decoding=\"async\" class=\"alignnone size-full wp-image-2817\" src=\"https:\/\/favoritepacking.com\/wp-content\/uploads\/2026\/03\/photobank-5.jpg\" alt=\"\" width=\"750\" height=\"750\" srcset=\"https:\/\/favoritepacking.com\/wp-content\/uploads\/2026\/03\/photobank-5-12x12.jpg 12w, https:\/\/favoritepacking.com\/wp-content\/uploads\/2026\/03\/photobank-5-66x66.jpg 66w, https:\/\/favoritepacking.com\/wp-content\/uploads\/2026\/03\/photobank-5-200x200.jpg 200w, https:\/\/favoritepacking.com\/wp-content\/uploads\/2026\/03\/photobank-5-300x300.jpg 300w, https:\/\/favoritepacking.com\/wp-content\/uploads\/2026\/03\/photobank-5-400x400.jpg 400w, https:\/\/favoritepacking.com\/wp-content\/uploads\/2026\/03\/photobank-5-500x500.jpg 500w, https:\/\/favoritepacking.com\/wp-content\/uploads\/2026\/03\/photobank-5-600x600.jpg 600w, https:\/\/favoritepacking.com\/wp-content\/uploads\/2026\/03\/photobank-5-700x700.jpg 700w, https:\/\/favoritepacking.com\/wp-content\/uploads\/2026\/03\/photobank-5.jpg 750w\" sizes=\"(max-width: 750px) 100vw, 750px\" \/><\/noscript><\/p>\n<h1><em>Prometemos uma caixa de embalagem personalizada:<\/em><\/h1>\n<ul>\n<li><em><strong>Garantia de qualidade:<\/strong>\u00a0\u00a0<\/em>Cada caixa de papel \u00e9 submetida a uma rigorosa inspe\u00e7\u00e3o de qualidade 100% para garantir que apenas os melhores produtos chegam aos nossos clientes. Compreendemos a import\u00e2ncia de uma embalagem impec\u00e1vel para preservar a integridade dos seus produtos, e o nosso compromisso com a qualidade reflecte-se em cada caixa que produzimos.<\/li>\n<li><em><strong>Solu\u00e7\u00e3o de balc\u00e3o \u00fanico:<\/strong>\u00a0\u00a0<\/em>Desde a conce\u00e7\u00e3o do produto at\u00e9 \u00e0 produ\u00e7\u00e3o e embalagem, fornecemos servi\u00e7os completos num s\u00f3 local para simplificar o seu processo de embalagem. A nossa equipa de profissionais experientes trabalha em estreita colabora\u00e7\u00e3o consigo para criar solu\u00e7\u00f5es de embalagem personalizadas que se alinham perfeitamente com a identidade da sua marca e os requisitos do produto.<\/li>\n<li><em><strong>Aplica\u00e7\u00f5es vers\u00e1teis:<\/strong>\u00a0\u00a0<\/em>As nossas caixas de embalagem de papel s\u00e3o adequadas para uma vasta gama de produtos, incluindo cosm\u00e9ticos, eletr\u00f3nica, produtos alimentares, presentes e muito mais. Quer necessite de caixas resistentes para expedi\u00e7\u00e3o ou de embalagens elegantes para exposi\u00e7\u00e3o a retalho, temos a solu\u00e7\u00e3o perfeita para satisfazer as suas necessidades.<\/li>\n<li><em><strong>Amigo do ambiente:<\/strong>\u00a0\u00a0<\/em>Damos prioridade \u00e0 sustentabilidade no nosso processo de fabrico, utilizando materiais amigos do ambiente e minimizando os res\u00edduos. As nossas caixas de papel s\u00e3o recicl\u00e1veis e biodegrad\u00e1veis, ajudando-o a reduzir a sua pegada ambiental ao mesmo tempo que demonstra o seu compromisso com a sustentabilidade.<\/li>\n<\/ul>\n<p><img decoding=\"async\" class=\"alignnone size-full wp-image-1445 lazyload\" data-src=\"https:\/\/favoritepacking.com\/wp-content\/uploads\/2024\/04\/HH9.jpg\" alt=\"\" width=\"1100\" height=\"725\" data-srcset=\"https:\/\/favoritepacking.com\/wp-content\/uploads\/2024\/04\/HH9-200x132.jpg 200w, https:\/\/favoritepacking.com\/wp-content\/uploads\/2024\/04\/HH9-300x198.jpg 300w, https:\/\/favoritepacking.com\/wp-content\/uploads\/2024\/04\/HH9-400x264.jpg 400w, https:\/\/favoritepacking.com\/wp-content\/uploads\/2024\/04\/HH9-500x330.jpg 500w, https:\/\/favoritepacking.com\/wp-content\/uploads\/2024\/04\/HH9-600x395.jpg 600w, https:\/\/favoritepacking.com\/wp-content\/uploads\/2024\/04\/HH9-700x461.jpg 700w, https:\/\/favoritepacking.com\/wp-content\/uploads\/2024\/04\/HH9-768x506.jpg 768w, https:\/\/favoritepacking.com\/wp-content\/uploads\/2024\/04\/HH9-800x527.jpg 800w, https:\/\/favoritepacking.com\/wp-content\/uploads\/2024\/04\/HH9-1024x675.jpg 1024w, https:\/\/favoritepacking.com\/wp-content\/uploads\/2024\/04\/HH9.jpg 1100w\" data-sizes=\"(max-width: 1100px) 100vw, 1100px\" src=\"data:image\/gif;base64,R0lGODlhAQABAAAAACH5BAEKAAEALAAAAAABAAEAAAICTAEAOw==\" style=\"--smush-placeholder-width: 1100px; --smush-placeholder-aspect-ratio: 1100\/725;\" \/><noscript><img decoding=\"async\" class=\"alignnone size-full wp-image-1445\" src=\"https:\/\/favoritepacking.com\/wp-content\/uploads\/2024\/04\/HH9.jpg\" alt=\"\" width=\"1100\" height=\"725\" srcset=\"https:\/\/favoritepacking.com\/wp-content\/uploads\/2024\/04\/HH9-200x132.jpg 200w, https:\/\/favoritepacking.com\/wp-content\/uploads\/2024\/04\/HH9-300x198.jpg 300w, https:\/\/favoritepacking.com\/wp-content\/uploads\/2024\/04\/HH9-400x264.jpg 400w, https:\/\/favoritepacking.com\/wp-content\/uploads\/2024\/04\/HH9-500x330.jpg 500w, https:\/\/favoritepacking.com\/wp-content\/uploads\/2024\/04\/HH9-600x395.jpg 600w, https:\/\/favoritepacking.com\/wp-content\/uploads\/2024\/04\/HH9-700x461.jpg 700w, https:\/\/favoritepacking.com\/wp-content\/uploads\/2024\/04\/HH9-768x506.jpg 768w, https:\/\/favoritepacking.com\/wp-content\/uploads\/2024\/04\/HH9-800x527.jpg 800w, https:\/\/favoritepacking.com\/wp-content\/uploads\/2024\/04\/HH9-1024x675.jpg 1024w, https:\/\/favoritepacking.com\/wp-content\/uploads\/2024\/04\/HH9.jpg 1100w\" sizes=\"(max-width: 1100px) 100vw, 1100px\" \/><\/noscript><\/p>","protected":false},"excerpt":{"rendered":"<p>Why are we your brand perfect supplier for wholesale custom [&hellip;]<\/p>","protected":false},"featured_media":2815,"template":"","meta":{"content-type":""},"product_cat":[62],"product_tag":[],"class_list":{"0":"post-2812","1":"product","2":"type-product","3":"status-publish","4":"has-post-thumbnail","6":"product_cat-mailer-boxes","8":"first","9":"instock","10":"shipping-taxable","11":"product-type-simple"},"yoast_head":"<!-- This site is optimized with the Yoast SEO Premium plugin v21.9 (Yoast SEO v23.4) - https:\/\/yoast.com\/wordpress\/plugins\/seo\/ -->\n<title>Custom Gift Box Sizes Available and Bulk Order Discounts - Professional Packaging Box Manufacturer<\/title>\n<meta name=\"description\" content=\"Design Custom Printed Boxes for Your Brand. Durable, Eco-Friendly Materials.Wholesale Custom Boxes for E-commerce, request Your Free Quote Now.\" \/>\n<meta name=\"robots\" content=\"index, follow, max-snippet:-1, max-image-preview:large, max-video-preview:-1\" \/>\n<link rel=\"canonical\" href=\"https:\/\/favoritepacking.com\/pt\/product\/tamanhos-de-caixas-de-oferta-personalizados-disponiveis-e-descontos-para-encomendas-em-grandes-quantidades\/\" \/>\n<meta property=\"og:locale\" content=\"pt_PT\" \/>\n<meta property=\"og:type\" content=\"article\" \/>\n<meta property=\"og:title\" content=\"Custom Gift Box Sizes Available and Bulk Order Discounts\" \/>\n<meta property=\"og:description\" content=\"Design Custom Printed Boxes for Your Brand. Durable, Eco-Friendly Materials.Wholesale Custom Boxes for E-commerce, request Your Free Quote Now.\" \/>\n<meta property=\"og:url\" content=\"https:\/\/favoritepacking.com\/pt\/product\/tamanhos-de-caixas-de-oferta-personalizados-disponiveis-e-descontos-para-encomendas-em-grandes-quantidades\/\" \/>\n<meta property=\"og:site_name\" content=\"Professional Packaging Box Manufacturer\" \/>\n<meta property=\"article:modified_time\" content=\"2026-03-19T08:13:06+00:00\" \/>\n<meta property=\"og:image\" content=\"https:\/\/favoritepacking.com\/wp-content\/uploads\/2026\/03\/photobank-7.jpg\" \/>\n\t<meta property=\"og:image:width\" content=\"750\" \/>\n\t<meta property=\"og:image:height\" content=\"750\" \/>\n\t<meta property=\"og:image:type\" content=\"image\/jpeg\" \/>\n<meta name=\"twitter:card\" content=\"summary_large_image\" \/>\n<meta name=\"twitter:label1\" content=\"pre\u00e7o\" \/>\n\t<meta name=\"twitter:data1\" content=\"\" \/>\n\t<meta name=\"twitter:label2\" content=\"Disponibilidade\" \/>\n\t<meta name=\"twitter:data2\" content=\"Em stock\" \/>\n<script type=\"application\/ld+json\" class=\"yoast-schema-graph\">{\"@context\":\"https:\/\/schema.org\",\"@graph\":[{\"@type\":\"WebPage\",\"@id\":\"https:\/\/favoritepacking.com\/product\/custom-gift-box-sizes-available-and-bulk-order-discounts\/\",\"url\":\"https:\/\/favoritepacking.com\/product\/custom-gift-box-sizes-available-and-bulk-order-discounts\/\",\"name\":\"Custom Gift Box Sizes Available and Bulk Order Discounts - Professional Packaging Box Manufacturer\",\"isPartOf\":{\"@id\":\"https:\/\/favoritepacking.com\/#website\"},\"primaryImageOfPage\":{\"@id\":\"https:\/\/favoritepacking.com\/product\/custom-gift-box-sizes-available-and-bulk-order-discounts\/#primaryimage\"},\"image\":{\"@id\":\"https:\/\/favoritepacking.com\/product\/custom-gift-box-sizes-available-and-bulk-order-discounts\/#primaryimage\"},\"thumbnailUrl\":\"https:\/\/favoritepacking.com\/wp-content\/uploads\/2026\/03\/photobank-7.jpg\",\"datePublished\":\"2026-03-19T08:13:05+00:00\",\"dateModified\":\"2026-03-19T08:13:06+00:00\",\"description\":\"Design Custom Printed Boxes for Your Brand. Durable, Eco-Friendly Materials.Wholesale Custom Boxes for E-commerce, request Your Free Quote Now.\",\"breadcrumb\":{\"@id\":\"https:\/\/favoritepacking.com\/product\/custom-gift-box-sizes-available-and-bulk-order-discounts\/#breadcrumb\"},\"inLanguage\":\"pt-PT\",\"potentialAction\":[{\"@type\":\"ReadAction\",\"target\":[\"https:\/\/favoritepacking.com\/product\/custom-gift-box-sizes-available-and-bulk-order-discounts\/\"]}]},{\"@type\":\"ImageObject\",\"inLanguage\":\"pt-PT\",\"@id\":\"https:\/\/favoritepacking.com\/product\/custom-gift-box-sizes-available-and-bulk-order-discounts\/#primaryimage\",\"url\":\"https:\/\/favoritepacking.com\/wp-content\/uploads\/2026\/03\/photobank-7.jpg\",\"contentUrl\":\"https:\/\/favoritepacking.com\/wp-content\/uploads\/2026\/03\/photobank-7.jpg\",\"width\":750,\"height\":750},{\"@type\":\"BreadcrumbList\",\"@id\":\"https:\/\/favoritepacking.com\/product\/custom-gift-box-sizes-available-and-bulk-order-discounts\/#breadcrumb\",\"itemListElement\":[{\"@type\":\"ListItem\",\"position\":1,\"name\":\"Home\",\"item\":\"https:\/\/favoritepacking.com\/\"},{\"@type\":\"ListItem\",\"position\":2,\"name\":\"PRODUCTS\",\"item\":\"https:\/\/favoritepacking.com\/products\/\"},{\"@type\":\"ListItem\",\"position\":3,\"name\":\"Custom Gift Box Sizes Available and Bulk Order Discounts\"}]},{\"@type\":\"WebSite\",\"@id\":\"https:\/\/favoritepacking.com\/#website\",\"url\":\"https:\/\/favoritepacking.com\/\",\"name\":\"Favorite Packing\",\"description\":\"Favorite Packing\",\"publisher\":{\"@id\":\"https:\/\/favoritepacking.com\/#organization\"},\"potentialAction\":[{\"@type\":\"SearchAction\",\"target\":{\"@type\":\"EntryPoint\",\"urlTemplate\":\"https:\/\/favoritepacking.com\/?s={search_term_string}\"},\"query-input\":{\"@type\":\"PropertyValueSpecification\",\"valueRequired\":true,\"valueName\":\"search_term_string\"}}],\"inLanguage\":\"pt-PT\"},{\"@type\":\"Organization\",\"@id\":\"https:\/\/favoritepacking.com\/#organization\",\"name\":\"favorite packing\",\"url\":\"https:\/\/favoritepacking.com\/\",\"logo\":{\"@type\":\"ImageObject\",\"inLanguage\":\"pt-PT\",\"@id\":\"https:\/\/favoritepacking.com\/#\/schema\/logo\/image\/\",\"url\":\"https:\/\/favoritepacking.com\/wp-content\/uploads\/2024\/12\/favoritepackingLOGO.png\",\"contentUrl\":\"https:\/\/favoritepacking.com\/wp-content\/uploads\/2024\/12\/favoritepackingLOGO.png\",\"width\":167,\"height\":129,\"caption\":\"favorite packing\"},\"image\":{\"@id\":\"https:\/\/favoritepacking.com\/#\/schema\/logo\/image\/\"}}]}<\/script>\n<meta property=\"product:price:amount\" content=\"0.00\" \/>\n<meta property=\"product:price:currency\" content=\"USD\" \/>\n<meta property=\"og:availability\" content=\"instock\" \/>\n<meta property=\"product:availability\" content=\"instock\" \/>\n<meta property=\"product:condition\" content=\"new\" \/>\n<!-- \/ Yoast SEO Premium plugin. -->","yoast_head_json":{"title":"Tamanhos de caixas de oferta personalizadas dispon\u00edveis e descontos em encomendas a granel - Fabricante profissional de caixas de embalagem","description":"Caixas impressas personalizadas para a sua marca. Caixas personalizadas por atacado para com\u00e9rcio eletr\u00f3nico, solicite j\u00e1 o seu or\u00e7amento gratuito.","robots":{"index":"index","follow":"follow","max-snippet":"max-snippet:-1","max-image-preview":"max-image-preview:large","max-video-preview":"max-video-preview:-1"},"canonical":"https:\/\/favoritepacking.com\/pt\/product\/tamanhos-de-caixas-de-oferta-personalizados-disponiveis-e-descontos-para-encomendas-em-grandes-quantidades\/","og_locale":"pt_PT","og_type":"article","og_title":"Custom Gift Box Sizes Available and Bulk Order Discounts","og_description":"Design Custom Printed Boxes for Your Brand. Durable, Eco-Friendly Materials.Wholesale Custom Boxes for E-commerce, request Your Free Quote Now.","og_url":"https:\/\/favoritepacking.com\/pt\/product\/tamanhos-de-caixas-de-oferta-personalizados-disponiveis-e-descontos-para-encomendas-em-grandes-quantidades\/","og_site_name":"Professional Packaging Box Manufacturer","article_modified_time":"2026-03-19T08:13:06+00:00","og_image":[{"width":750,"height":750,"url":"https:\/\/favoritepacking.com\/wp-content\/uploads\/2026\/03\/photobank-7.jpg","type":"image\/jpeg"}],"twitter_card":"summary_large_image","twitter_misc":{"pre\u00e7o":"","Disponibilidade":"Em stock"},"schema":{"@context":"https:\/\/schema.org","@graph":[{"@type":"WebPage","@id":"https:\/\/favoritepacking.com\/product\/custom-gift-box-sizes-available-and-bulk-order-discounts\/","url":"https:\/\/favoritepacking.com\/product\/custom-gift-box-sizes-available-and-bulk-order-discounts\/","name":"Tamanhos de caixas de oferta personalizadas dispon\u00edveis e descontos em encomendas a granel - Fabricante profissional de caixas de embalagem","isPartOf":{"@id":"https:\/\/favoritepacking.com\/#website"},"primaryImageOfPage":{"@id":"https:\/\/favoritepacking.com\/product\/custom-gift-box-sizes-available-and-bulk-order-discounts\/#primaryimage"},"image":{"@id":"https:\/\/favoritepacking.com\/product\/custom-gift-box-sizes-available-and-bulk-order-discounts\/#primaryimage"},"thumbnailUrl":"https:\/\/favoritepacking.com\/wp-content\/uploads\/2026\/03\/photobank-7.jpg","datePublished":"2026-03-19T08:13:05+00:00","dateModified":"2026-03-19T08:13:06+00:00","description":"Caixas impressas personalizadas para a sua marca. Caixas personalizadas por atacado para com\u00e9rcio eletr\u00f3nico, solicite j\u00e1 o seu or\u00e7amento gratuito.","breadcrumb":{"@id":"https:\/\/favoritepacking.com\/product\/custom-gift-box-sizes-available-and-bulk-order-discounts\/#breadcrumb"},"inLanguage":"pt-PT","potentialAction":[{"@type":"ReadAction","target":["https:\/\/favoritepacking.com\/product\/custom-gift-box-sizes-available-and-bulk-order-discounts\/"]}]},{"@type":"ImageObject","inLanguage":"pt-PT","@id":"https:\/\/favoritepacking.com\/product\/custom-gift-box-sizes-available-and-bulk-order-discounts\/#primaryimage","url":"https:\/\/favoritepacking.com\/wp-content\/uploads\/2026\/03\/photobank-7.jpg","contentUrl":"https:\/\/favoritepacking.com\/wp-content\/uploads\/2026\/03\/photobank-7.jpg","width":750,"height":750},{"@type":"BreadcrumbList","@id":"https:\/\/favoritepacking.com\/product\/custom-gift-box-sizes-available-and-bulk-order-discounts\/#breadcrumb","itemListElement":[{"@type":"ListItem","position":1,"name":"Home","item":"https:\/\/favoritepacking.com\/"},{"@type":"ListItem","position":2,"name":"PRODUCTS","item":"https:\/\/favoritepacking.com\/products\/"},{"@type":"ListItem","position":3,"name":"Custom Gift Box Sizes Available and Bulk Order Discounts"}]},{"@type":"WebSite","@id":"https:\/\/favoritepacking.com\/#website","url":"https:\/\/favoritepacking.com\/","name":"Embalagem favorita","description":"Embalagem favorita","publisher":{"@id":"https:\/\/favoritepacking.com\/#organization"},"potentialAction":[{"@type":"SearchAction","target":{"@type":"EntryPoint","urlTemplate":"https:\/\/favoritepacking.com\/?s={search_term_string}"},"query-input":{"@type":"PropertyValueSpecification","valueRequired":true,"valueName":"search_term_string"}}],"inLanguage":"pt-PT"},{"@type":"Organization","@id":"https:\/\/favoritepacking.com\/#organization","name":"embalagem preferida","url":"https:\/\/favoritepacking.com\/","logo":{"@type":"ImageObject","inLanguage":"pt-PT","@id":"https:\/\/favoritepacking.com\/#\/schema\/logo\/image\/","url":"https:\/\/favoritepacking.com\/wp-content\/uploads\/2024\/12\/favoritepackingLOGO.png","contentUrl":"https:\/\/favoritepacking.com\/wp-content\/uploads\/2024\/12\/favoritepackingLOGO.png","width":167,"height":129,"caption":"favorite packing"},"image":{"@id":"https:\/\/favoritepacking.com\/#\/schema\/logo\/image\/"}}]},"product_price_amount":"0.00","product_price_currency":"USD","og_availability":"instock","product_availability":"instock","product_condition":"new"},"_links":{"self":[{"href":"https:\/\/favoritepacking.com\/pt\/wp-json\/wp\/v2\/product\/2812","targetHints":{"allow":["GET"]}}],"collection":[{"href":"https:\/\/favoritepacking.com\/pt\/wp-json\/wp\/v2\/product"}],"about":[{"href":"https:\/\/favoritepacking.com\/pt\/wp-json\/wp\/v2\/types\/product"}],"wp:featuredmedia":[{"embeddable":true,"href":"https:\/\/favoritepacking.com\/pt\/wp-json\/wp\/v2\/media\/2815"}],"wp:attachment":[{"href":"https:\/\/favoritepacking.com\/pt\/wp-json\/wp\/v2\/media?parent=2812"}],"wp:term":[{"taxonomy":"product_cat","embeddable":true,"href":"https:\/\/favoritepacking.com\/pt\/wp-json\/wp\/v2\/product_cat?post=2812"},{"taxonomy":"product_tag","embeddable":true,"href":"https:\/\/favoritepacking.com\/pt\/wp-json\/wp\/v2\/product_tag?post=2812"}],"curies":[{"name":"wp","href":"https:\/\/api.w.org\/{rel}","templated":true}]}}